{"id":25620,"date":"2024-05-13T16:26:14","date_gmt":"2024-05-13T14:26:14","guid":{"rendered":"https:\/\/acpri.cat\/?page_id=25620"},"modified":"2025-05-13T12:09:46","modified_gmt":"2025-05-13T10:09:46","slug":"premios-acpri-2015__trashed","status":"publish","type":"page","link":"https:\/\/acpri.cat\/es\/la-nit\/premios-acpri-2015__trashed\/","title":{"rendered":"Premios ACPRI 2015"},"content":{"rendered":"\n<p>El d\u00eda 23 de julio tuvo lugar la s\u00e9ptima edici\u00f3n del Premio Nacional de Protocolo y Relaciones Institucionales, con la siguiente composici\u00f3n:<\/p>\n\n\n\n<p><strong>Presidente del Jurado:<\/strong><\/p>\n\n\n\n<ul class=\"wp-block-list\">\n<li>Pere\u00a0Capella, director de Relaciones Institucionales de CaixaBank, Premio\u00a0ACPRI\u00a02012.<\/li>\n<\/ul>\n\n\n\n<p><strong>Secretario del Jurado:<\/strong><\/p>\n\n\n\n<ul class=\"wp-block-list\">\n<li>Jos\u00e9 Pujol Ros, en representaci\u00f3n de la Junta directiva de\u00a0ACPRI.<\/li>\n<\/ul>\n\n\n\n<p><strong>Miembros del Jurado:<\/strong><\/p>\n\n\n\n<ul class=\"wp-block-list\">\n<li>Quim Llad\u00f3, jefe de Protocolo de la Delegaci\u00f3n del Gobierno de la Generalitat a Girona, premio\u00a0ACPRI\u00a02011.<\/li>\n\n\n\n<li>Josep Maria\u00a0Mirmi, jefe de Relaciones Institucionales de\u00a0Abertis\u00a0en delegaci\u00f3n de Sergi\u00a0Loughney, director corporativo de Relaciones Institucionales y director de la Fundaci\u00f3n\u00a0Abertis.<\/li>\n\n\n\n<li>Gl\u00f2ria\u00a0Ball\u00fas\u00a0y\u00a0Cas\u00f3liva, jefe de protocolo del Ayuntamiento de Manresa y premio\u00a0ACPRI\u00a02014.<\/li>\n\n\n\n<li>Josep M. Mart\u00ed, premio\u00a0ACPRI\u00a02013.<\/li>\n\n\n\n<li>Francesc\u00a0Corbero, director de Comunicaci\u00f3n Nissan Espa\u00f1a y Portugal.<\/li>\n<\/ul>\n\n\n\n<p><strong>El Premio\u00a0ACPRI\u00a0a la Trayectoria Profesional se libr\u00f3 al Sr. Joaquim Maestre Morata.<\/strong> En su dilatada vida profesional ha desarrollado todas las facetas de los campos de la comunicaci\u00f3n, las relaciones p\u00fablicas e institucionales y del protocolo empresarial, tanto en su aplicaci\u00f3n profesional como al mundo pedag\u00f3gico y asociativo.<\/p>\n\n\n\n<p><strong>El Premio\u00a0ACPRI\u00a0a la Instituci\u00f3n P\u00fablica y\/o Privada se libr\u00f3 a Fundaci\u00f3n Esclerosis M\u00faltiple. <\/strong>Por su extraordinaria campa\u00f1a \u201cM\u00d3JATE\u201d, una campa\u00f1a iniciada en Catalu\u00f1a hace 21 a\u00f1os, que se ha ido extendiendo por toda la geograf\u00eda espa\u00f1ola, y que est\u00e1 consiguiendo que m\u00e1s personas conozcan qu\u00e9 es la Esclerosis M\u00faltiple. Esta iniciativa tambi\u00e9n permite que la sociedad aporte su granito de arena para que los afectados cuenten con m\u00e1s apoyos y mejoren su calidad de vida.<\/p>\n\n\n\n<hr class=\"wp-block-separator has-css-opacity\"\/>\n\n\n\n<h3 class=\"wp-block-heading has-text-align-center\">Premiados<\/h3>\n\n\n\n<hr class=\"wp-block-separator has-css-opacity\"\/>\n\n\n\n<div class=\"wp-block-ugb-icon-list ugb-icon-list ugb-icon-list-wrapper ugb-038844b ugb-icon-list--v2 ugb-main-block\"><style>.ugb-038844b li::before{background-image:url('data:image\/svg+xml;base64,PHN2ZyB4bWxucz0iaHR0cDovL3d3dy53My5vcmcvMjAwMC9zdmciIHZpZXdCb3g9IjAgMCAxOTAgMTkwIiBzdHlsZT0iZmlsbDogI2NmMmUyZSAhaW1wb3J0YW50OyBjb2xvcjogI2NmMmUyZSAhaW1wb3J0YW50Ij48cGF0aCBkPSJNOTUuNCA2LjNsMjkuMiA1OCA2NC4yIDkuOS00Ni4yIDQ1LjcgMTAuNSA2NC4xLTU3LjctMjkuOEwzNy42IDE4NGwxMC41LTY0LjFMMiA3NC4ybDY0LjItOS45eiIgZmlsbD0iI2NmMmUyZSIgc3Ryb2tlPSIjY2YyZTJlIiBzdHlsZT0iZmlsbDogcmdiKDIwNywgNDYsIDQ2KTsgc3Ryb2tlOiByZ2IoMjA3LCA0NiwgNDYpOyIvPjwvc3ZnPg==')}.ugb-038844b.ugb-icon-list ul{columns:2}<\/style><div class=\"ugb-inner-block\"><div class=\"ugb-block-content\"><ul><li><strong>Joaquim Maestre Morata<\/strong><br><em><em>P<em><em>remio a la trayectoria, persona f\u00edsica<\/em><\/em><\/em><\/em><\/li><\/ul><\/div><\/div><\/div>\n\n\n\n<div class=\"wp-block-ugb-icon-list ugb-icon-list ugb-icon-list-wrapper ugb-b173e89 ugb-icon-list--v2 ugb-main-block\"><style>.ugb-b173e89 li::before{background-image:url('data:image\/svg+xml;base64,PHN2ZyB4bWxucz0iaHR0cDovL3d3dy53My5vcmcvMjAwMC9zdmciIHZpZXdCb3g9IjAgMCAxOTAgMTkwIiBzdHlsZT0iZmlsbDogI2NmMmUyZSAhaW1wb3J0YW50OyBjb2xvcjogI2NmMmUyZSAhaW1wb3J0YW50Ij48cGF0aCBkPSJNOTUuNCA2LjNsMjkuMiA1OCA2NC4yIDkuOS00Ni4yIDQ1LjcgMTAuNSA2NC4xLTU3LjctMjkuOEwzNy42IDE4NGwxMC41LTY0LjFMMiA3NC4ybDY0LjItOS45eiIgZmlsbD0iI2NmMmUyZSIgc3Ryb2tlPSIjY2YyZTJlIiBzdHlsZT0iZmlsbDogcmdiKDIwNywgNDYsIDQ2KTsgc3Ryb2tlOiByZ2IoMjA3LCA0NiwgNDYpOyIvPjwvc3ZnPg==')}.ugb-b173e89.ugb-icon-list ul{columns:2}<\/style><div class=\"ugb-inner-block\"><div class=\"ugb-block-content\"><ul><li><strong>Fundaci\u00f3n Esclerosi Multiple<\/strong><br><em><em>P<em><em>remio a la categor\u00eda de Entidad P\u00fablica y\/o Privada<\/em><\/em><\/em><\/em><\/li><\/ul><\/div><\/div><\/div>\n\n\n<a class=\"boto-acpri\" href=\"https:\/\/flic.kr\/s\/aHBqjBq6Pa\" S\u00ed target=\"_blank\" style=\" display: block; border: 1px solid #a51f21; padding: 2rem; font-size: 1.5rem; color: #a51f21; width: 100%; margin-bottom: 1rem; text-decoration: none; background-image: url(\/wp-content\/uploads\/2018\/07\/acpri-anagrama.png); background-position: right center; background-repeat: no-repeat;\">\n  Galer\u00eda de fotograf\u00edas<\/a>\n\n\n<a class=\"boto-acpri\" href=\"https:\/\/acpri.cat\/wp-content\/uploads\/2024\/05\/actajuradopremisesp2015.pdf\" S\u00ed target=\"_blank\" style=\" display: block; border: 1px solid #a51f21; padding: 2rem; font-size: 1.5rem; color: #a51f21; width: 100%; margin-bottom: 1rem; text-decoration: none; background-image: url(\/wp-content\/uploads\/2018\/07\/acpri-anagrama.png); background-position: right center; background-repeat: no-repeat;\">\n  Acta del Jurado<\/a>\n","protected":false},"excerpt":{"rendered":"<p>El d\u00eda 23 de julio tuvo lugar la s\u00e9ptima edici\u00f3n del Premio Nacional de Protocolo y Relaciones Institucionales, con la siguiente composici\u00f3n: Presidente del Jurado: Secretario del Jurado: Miembros del [&hellip;]<\/p>\n","protected":false},"author":544,"featured_media":0,"parent":21163,"menu_order":0,"comment_status":"closed","ping_status":"closed","template":"","meta":{"_acf_changed":false,"_bbp_topic_count":0,"_bbp_reply_count":0,"_bbp_total_topic_count":0,"_bbp_total_reply_count":0,"_bbp_voice_count":0,"_bbp_anonymous_reply_count":0,"_bbp_topic_count_hidden":0,"_bbp_reply_count_hidden":0,"_bbp_forum_subforum_count":0,"_coblocks_attr":"","_coblocks_dimensions":"","_coblocks_responsive_height":"","_coblocks_accordion_ie_support":"","_EventAllDay":false,"_EventTimezone":"","_EventStartDate":"","_EventEndDate":"","_EventStartDateUTC":"","_EventEndDateUTC":"","_EventShowMap":false,"_EventShowMapLink":false,"_EventURL":"","_EventCost":"","_EventCostDescription":"","_EventCurrencySymbol":"","_EventCurrencyCode":"","_EventCurrencyPosition":"","_EventDateTimeSeparator":"","_EventTimeRangeSeparator":"","_EventOrganizerID":[],"_EventVenueID":[],"_OrganizerEmail":"","_OrganizerPhone":"","_OrganizerWebsite":"","_VenueAddress":"","_VenueCity":"","_VenueCountry":"","_VenueProvince":"","_VenueState":"","_VenueZip":"","_VenuePhone":"","_VenueURL":"","_VenueStateProvince":"","_VenueLat":"","_VenueLng":"","_VenueShowMap":false,"_VenueShowMapLink":false,"footnotes":""},"class_list":["post-25620","page","type-page","status-publish","hentry"],"acf":[],"featured_image_urls_v2":{"full":"","thumbnail":"","medium":"","medium_large":"","large":"","1536x1536":"","2048x2048":""},"post_excerpt_stackable_v2":"<p>El d\u00eda 23 de julio tuvo lugar la s\u00e9ptima edici\u00f3n del Premio Nacional de Protocolo y Relaciones Institucionales, con la siguiente composici\u00f3n: Presidente del Jurado: Pere\u00a0Capella, director de Relaciones Institucionales de CaixaBank, Premio\u00a0ACPRI\u00a02012. Secretario del Jurado: Jos\u00e9 Pujol Ros, en representaci\u00f3n de la Junta directiva de\u00a0ACPRI. Miembros del Jurado: Quim Llad\u00f3, jefe de Protocolo de la Delegaci\u00f3n del Gobierno de la Generalitat a Girona, premio\u00a0ACPRI\u00a02011. Josep Maria\u00a0Mirmi, jefe de Relaciones Institucionales de\u00a0Abertis\u00a0en delegaci\u00f3n de Sergi\u00a0Loughney, director corporativo de Relaciones Institucionales y director de la Fundaci\u00f3n\u00a0Abertis. Gl\u00f2ria\u00a0Ball\u00fas\u00a0y\u00a0Cas\u00f3liva, jefe de protocolo del Ayuntamiento de Manresa y premio\u00a0ACPRI\u00a02014. Josep M. Mart\u00ed, premio\u00a0ACPRI\u00a02013. Francesc\u00a0Corbero,&hellip;<\/p>\n","category_list_v2":"","author_info_v2":{"name":"","url":"https:\/\/acpri.cat\/es\/author\/"},"comments_num_v2":"0 comentarios","yoast_head":"<!-- This site is optimized with the Yoast SEO plugin v27.5 - https:\/\/yoast.com\/product\/yoast-seo-wordpress\/ -->\n<title>Premios ACPRI 2015 &#171; ACPRI<\/title>\n<meta name=\"robots\" content=\"index, follow, max-snippet:-1, max-image-preview:large, max-video-preview:-1\" \/>\n<link rel=\"canonical\" href=\"https:\/\/acpri.cat\/es\/la-nit\/premios-acpri-2015__trashed\/\" \/>\n<meta property=\"og:locale\" content=\"es_ES\" \/>\n<meta property=\"og:type\" content=\"article\" \/>\n<meta property=\"og:title\" content=\"Premios ACPRI 2015 &#171; ACPRI\" \/>\n<meta property=\"og:description\" content=\"El d\u00eda 23 de julio tuvo lugar la s\u00e9ptima edici\u00f3n del Premio Nacional de Protocolo y Relaciones Institucionales, con la siguiente composici\u00f3n: Presidente del Jurado: Secretario del Jurado: Miembros del [&hellip;]\" \/>\n<meta property=\"og:url\" content=\"https:\/\/acpri.cat\/es\/la-nit\/premios-acpri-2015__trashed\/\" \/>\n<meta property=\"og:site_name\" content=\"ACPRI\" \/>\n<meta property=\"article:modified_time\" content=\"2025-05-13T10:09:46+00:00\" \/>\n<meta name=\"twitter:card\" content=\"summary_large_image\" \/>\n<meta name=\"twitter:label1\" content=\"Tiempo de lectura\" \/>\n\t<meta name=\"twitter:data1\" content=\"2 minutos\" \/>\n<script type=\"application\/ld+json\" class=\"yoast-schema-graph\">{\"@context\":\"https:\\\/\\\/schema.org\",\"@graph\":[{\"@type\":\"WebPage\",\"@id\":\"https:\\\/\\\/acpri.cat\\\/es\\\/la-nit\\\/premios-acpri-2015__trashed\\\/\",\"url\":\"https:\\\/\\\/acpri.cat\\\/es\\\/la-nit\\\/premios-acpri-2015__trashed\\\/\",\"name\":\"Premios ACPRI 2015 &#171; ACPRI\",\"isPartOf\":{\"@id\":\"https:\\\/\\\/acpri.cat\\\/es\\\/#website\"},\"datePublished\":\"2024-05-13T14:26:14+00:00\",\"dateModified\":\"2025-05-13T10:09:46+00:00\",\"breadcrumb\":{\"@id\":\"https:\\\/\\\/acpri.cat\\\/es\\\/la-nit\\\/premios-acpri-2015__trashed\\\/#breadcrumb\"},\"inLanguage\":\"es\",\"potentialAction\":[{\"@type\":\"ReadAction\",\"target\":[\"https:\\\/\\\/acpri.cat\\\/es\\\/la-nit\\\/premios-acpri-2015__trashed\\\/\"]}]},{\"@type\":\"BreadcrumbList\",\"@id\":\"https:\\\/\\\/acpri.cat\\\/es\\\/la-nit\\\/premios-acpri-2015__trashed\\\/#breadcrumb\",\"itemListElement\":[{\"@type\":\"ListItem\",\"position\":1,\"name\":\"Inici\",\"item\":\"https:\\\/\\\/acpri.cat\\\/es\\\/\"},{\"@type\":\"ListItem\",\"position\":2,\"name\":\"La Nit\",\"item\":\"https:\\\/\\\/acpri.cat\\\/es\\\/la-nit\\\/\"},{\"@type\":\"ListItem\",\"position\":3,\"name\":\"Premios ACPRI 2015\"}]},{\"@type\":\"WebSite\",\"@id\":\"https:\\\/\\\/acpri.cat\\\/es\\\/#website\",\"url\":\"https:\\\/\\\/acpri.cat\\\/es\\\/\",\"name\":\"ACPRI\",\"description\":\"Associaci\u00f3 Catalana de Protocol i Relacions Institucionals\",\"potentialAction\":[{\"@type\":\"SearchAction\",\"target\":{\"@type\":\"EntryPoint\",\"urlTemplate\":\"https:\\\/\\\/acpri.cat\\\/es\\\/?s={search_term_string}\"},\"query-input\":{\"@type\":\"PropertyValueSpecification\",\"valueRequired\":true,\"valueName\":\"search_term_string\"}}],\"inLanguage\":\"es\"}]}<\/script>\n<!-- \/ Yoast SEO plugin. -->","yoast_head_json":{"title":"Premios ACPRI 2015 &#171; ACPRI","robots":{"index":"index","follow":"follow","max-snippet":"max-snippet:-1","max-image-preview":"max-image-preview:large","max-video-preview":"max-video-preview:-1"},"canonical":"https:\/\/acpri.cat\/es\/la-nit\/premios-acpri-2015__trashed\/","og_locale":"es_ES","og_type":"article","og_title":"Premios ACPRI 2015 &#171; ACPRI","og_description":"El d\u00eda 23 de julio tuvo lugar la s\u00e9ptima edici\u00f3n del Premio Nacional de Protocolo y Relaciones Institucionales, con la siguiente composici\u00f3n: Presidente del Jurado: Secretario del Jurado: Miembros del [&hellip;]","og_url":"https:\/\/acpri.cat\/es\/la-nit\/premios-acpri-2015__trashed\/","og_site_name":"ACPRI","article_modified_time":"2025-05-13T10:09:46+00:00","twitter_card":"summary_large_image","twitter_misc":{"Tiempo de lectura":"2 minutos"},"schema":{"@context":"https:\/\/schema.org","@graph":[{"@type":"WebPage","@id":"https:\/\/acpri.cat\/es\/la-nit\/premios-acpri-2015__trashed\/","url":"https:\/\/acpri.cat\/es\/la-nit\/premios-acpri-2015__trashed\/","name":"Premios ACPRI 2015 &#171; ACPRI","isPartOf":{"@id":"https:\/\/acpri.cat\/es\/#website"},"datePublished":"2024-05-13T14:26:14+00:00","dateModified":"2025-05-13T10:09:46+00:00","breadcrumb":{"@id":"https:\/\/acpri.cat\/es\/la-nit\/premios-acpri-2015__trashed\/#breadcrumb"},"inLanguage":"es","potentialAction":[{"@type":"ReadAction","target":["https:\/\/acpri.cat\/es\/la-nit\/premios-acpri-2015__trashed\/"]}]},{"@type":"BreadcrumbList","@id":"https:\/\/acpri.cat\/es\/la-nit\/premios-acpri-2015__trashed\/#breadcrumb","itemListElement":[{"@type":"ListItem","position":1,"name":"Inici","item":"https:\/\/acpri.cat\/es\/"},{"@type":"ListItem","position":2,"name":"La Nit","item":"https:\/\/acpri.cat\/es\/la-nit\/"},{"@type":"ListItem","position":3,"name":"Premios ACPRI 2015"}]},{"@type":"WebSite","@id":"https:\/\/acpri.cat\/es\/#website","url":"https:\/\/acpri.cat\/es\/","name":"ACPRI","description":"Associaci\u00f3 Catalana de Protocol i Relacions Institucionals","potentialAction":[{"@type":"SearchAction","target":{"@type":"EntryPoint","urlTemplate":"https:\/\/acpri.cat\/es\/?s={search_term_string}"},"query-input":{"@type":"PropertyValueSpecification","valueRequired":true,"valueName":"search_term_string"}}],"inLanguage":"es"}]}},"_links":{"self":[{"href":"https:\/\/acpri.cat\/es\/wp-json\/wp\/v2\/pages\/25620","targetHints":{"allow":["GET"]}}],"collection":[{"href":"https:\/\/acpri.cat\/es\/wp-json\/wp\/v2\/pages"}],"about":[{"href":"https:\/\/acpri.cat\/es\/wp-json\/wp\/v2\/types\/page"}],"author":[{"embeddable":true,"href":"https:\/\/acpri.cat\/es\/wp-json\/wp\/v2\/users\/544"}],"replies":[{"embeddable":true,"href":"https:\/\/acpri.cat\/es\/wp-json\/wp\/v2\/comments?post=25620"}],"version-history":[{"count":3,"href":"https:\/\/acpri.cat\/es\/wp-json\/wp\/v2\/pages\/25620\/revisions"}],"predecessor-version":[{"id":25912,"href":"https:\/\/acpri.cat\/es\/wp-json\/wp\/v2\/pages\/25620\/revisions\/25912"}],"up":[{"embeddable":true,"href":"https:\/\/acpri.cat\/es\/wp-json\/wp\/v2\/pages\/21163"}],"wp:attachment":[{"href":"https:\/\/acpri.cat\/es\/wp-json\/wp\/v2\/media?parent=25620"}],"curies":[{"name":"wp","href":"https:\/\/api.w.org\/{rel}","templated":true}]}}