{"id":25489,"date":"2024-05-09T18:36:57","date_gmt":"2024-05-09T16:36:57","guid":{"rendered":"https:\/\/acpri.cat\/?page_id=25489"},"modified":"2025-05-13T12:14:04","modified_gmt":"2025-05-13T10:14:04","slug":"premios-acpri-2023__trashed","status":"publish","type":"page","link":"https:\/\/acpri.cat\/es\/la-nit\/premios-acpri-2023__trashed\/","title":{"rendered":"Premios ACPRI 2023"},"content":{"rendered":"\n<p>El pasado 20 de octubre, celebramos la&nbsp;<strong>Nit de ACPRI 2023<\/strong>&nbsp;en la&nbsp;<strong>Universidad de Barcelona<\/strong>. Una velada fant\u00e1stica en la que amigos y compa\u00f1eros de profesi\u00f3n pudimos reunirnos y compartir, un a\u00f1o m\u00e1s, momentos inolvidables.<\/p>\n\n\n\n<p>Esta Nit se present\u00f3 como el&nbsp;cierre a todos&nbsp;los actos conmemorativos de los 15 a\u00f1os de vida de ACPRI&nbsp;que iniciamos el 2022. en&nbsp;la Nit celebrada en el Gran Teatro&nbsp;Liceo de Barcelona. Este a\u00f1o hemos hecho entrega de&nbsp;los Premios Nacionales de Protocolo y Relaciones Institucionales que han llegado a su decimoquinta edici\u00f3n, conducida por un amigo y asiduo en cada&nbsp;<strong>Nit de ACPRI<\/strong>, el&nbsp;<strong>Sr. Xavi Coral<\/strong>.<\/p>\n\n\n\n<p>Este a\u00f1o las votaciones por parte de los socios y socias estuvieron bastante ajustadas. El resultado de la votaci\u00f3n fue el siguiente:&nbsp;<\/p>\n\n\n\n<p>El&nbsp;<strong>premio&nbsp;ACPRI&nbsp;a la Trayectoria Profesional<\/strong>&nbsp;fue para<strong>&nbsp;el Sr. Ramon Pujol Nu\u00f1ez,<\/strong>&nbsp;por todos los a\u00f1os dedicados al sector en los que ha trabajado, entre otros cargos, como adjunto al Gabinete de Relaciones Externas y Protocolo del Departamento de Presidencia de la Generalitat de Catalunya y&nbsp;director de Relaciones Institucionales y Protocolo del Futbol Club Barcelona. Actualmente, desarrolla su actividad laboral como docente y como responsable de las Relaciones Institucionales de la UFEC, la Uni\u00f3n de Federaciones Deportivas de Catalu\u00f1a.<\/p>\n\n\n\n<p>El&nbsp;<strong>premio ACPRI a la Instituci\u00f3n P\u00fablica y\/o Privada<\/strong>&nbsp;fue otorgado&nbsp;a la<strong>&nbsp;Universitat Abat Oliba CEU por los GoliADs UAO CEU Awards<\/strong>, entrega de premios del sector de la comunicaci\u00f3n&nbsp;organizada&nbsp;\u00edntegramente por alumnos del grado de Publicidad y Relaciones P\u00fablicas.&nbsp;Este a\u00f1o 2023 celebraron&nbsp;su 17\u00aa edici\u00f3n, en la que reunieron a m\u00e1s de 400 personas en el espacio (incluyendo autoridades p\u00fablicas), adem\u00e1s de 600 personas que siguieron el acto por streaming.<\/p>\n\n\n\n<p>Durante la&nbsp;<strong>Nit ACPRI 2023<\/strong>, el&nbsp;<strong>Dr. Sergi Rodr\u00edguez L\u00f3pez-Ros<\/strong>, vicerrector de Relaciones Institucionales, recogi\u00f3 el premio, acompa\u00f1ado de los dos profesores promotores de los GoliADs, el&nbsp;<strong>Sr. Albert Maruny Gispert<\/strong>&nbsp;y el&nbsp;<strong>Sr. Xavi Casado Cort\u00e9s<\/strong>.<\/p>\n\n\n\n<p>Al acabar la entrega de premios, finalizamos la velada disfrutando&nbsp;de una magn\u00edfica&nbsp;cena&nbsp;y sorteamos unos obsequios cortes\u00eda de todos los colaboradores de la&nbsp;<strong>Nit ACPRI 2023<\/strong>.<\/p>\n\n\n\n<p>Muchas gracias a todas aquellas personas que nos acompa\u00f1asteis&nbsp;en esta magn\u00edfica noche. Desde hoy, nos pondremos manos a la obra para prepara la siguiente<strong>&nbsp;Nit ACPRI<\/strong>.<\/p>\n\n\n\n<hr class=\"wp-block-separator has-css-opacity\"\/>\n\n\n\n<h3 class=\"wp-block-heading has-text-align-center\">Premiados<\/h3>\n\n\n\n<hr class=\"wp-block-separator has-css-opacity\"\/>\n\n\n\n<div class=\"wp-block-ugb-icon-list ugb-icon-list ugb-icon-list-wrapper ugb-038844b ugb-icon-list--v2 ugb-main-block\"><style>.ugb-038844b li::before{background-image:url('data:image\/svg+xml;base64,PHN2ZyB4bWxucz0iaHR0cDovL3d3dy53My5vcmcvMjAwMC9zdmciIHZpZXdCb3g9IjAgMCAxOTAgMTkwIiBzdHlsZT0iZmlsbDogI2NmMmUyZSAhaW1wb3J0YW50OyBjb2xvcjogI2NmMmUyZSAhaW1wb3J0YW50Ij48cGF0aCBkPSJNOTUuNCA2LjNsMjkuMiA1OCA2NC4yIDkuOS00Ni4yIDQ1LjcgMTAuNSA2NC4xLTU3LjctMjkuOEwzNy42IDE4NGwxMC41LTY0LjFMMiA3NC4ybDY0LjItOS45eiIgZmlsbD0iI2NmMmUyZSIgc3Ryb2tlPSIjY2YyZTJlIiBzdHlsZT0iZmlsbDogcmdiKDIwNywgNDYsIDQ2KTsgc3Ryb2tlOiByZ2IoMjA3LCA0NiwgNDYpOyIvPjwvc3ZnPg==')}.ugb-038844b.ugb-icon-list ul{columns:2}<\/style><div class=\"ugb-inner-block\"><div class=\"ugb-block-content\"><ul><li><strong><strong>Ramon Pujol<\/strong><\/strong><br><em><em>Premio a la trayectoria, persona f\u00edsica<\/em><\/em><\/li><\/ul><\/div><\/div><\/div>\n\n\n\n<div class=\"wp-block-ugb-icon-list ugb-icon-list ugb-icon-list-wrapper ugb-b173e89 ugb-icon-list--v2 ugb-main-block\"><style>.ugb-b173e89 li::before{background-image:url('data:image\/svg+xml;base64,PHN2ZyB4bWxucz0iaHR0cDovL3d3dy53My5vcmcvMjAwMC9zdmciIHZpZXdCb3g9IjAgMCAxOTAgMTkwIiBzdHlsZT0iZmlsbDogI2NmMmUyZSAhaW1wb3J0YW50OyBjb2xvcjogI2NmMmUyZSAhaW1wb3J0YW50Ij48cGF0aCBkPSJNOTUuNCA2LjNsMjkuMiA1OCA2NC4yIDkuOS00Ni4yIDQ1LjcgMTAuNSA2NC4xLTU3LjctMjkuOEwzNy42IDE4NGwxMC41LTY0LjFMMiA3NC4ybDY0LjItOS45eiIgZmlsbD0iI2NmMmUyZSIgc3Ryb2tlPSIjY2YyZTJlIiBzdHlsZT0iZmlsbDogcmdiKDIwNywgNDYsIDQ2KTsgc3Ryb2tlOiByZ2IoMjA3LCA0NiwgNDYpOyIvPjwvc3ZnPg==')}.ugb-b173e89.ugb-icon-list ul{columns:2}<\/style><div class=\"ugb-inner-block\"><div class=\"ugb-block-content\"><ul><li><strong>GoliADs UAO CEU Awards<\/strong> <strong>de la<\/strong> <strong>Universitat Abat Oliba CEU<\/strong> <br><em><em>Premio a la categor\u00eda de Entidad P\u00fablica y\/o Privada<\/em><\/em><\/li><\/ul><\/div><\/div><\/div>\n\n\n<a class=\"boto-acpri\" href=\"https:\/\/flic.kr\/s\/aHBqjAZKFK\" S\u00ed target=\"_blank\" style=\" display: block; border: 1px solid #a51f21; padding: 2rem; font-size: 1.5rem; color: #a51f21; width: 100%; margin-bottom: 1rem; text-decoration: none; background-image: url(\/wp-content\/uploads\/2018\/07\/acpri-anagrama.png); background-position: right center; background-repeat: no-repeat;\">\n  Galer\u00eda de fotograf\u00edas<\/a>\n\n\n<a class=\"boto-acpri\" href=\"https:\/\/acpri.cat\/wp-content\/uploads\/2024\/06\/actapremisacpri2023.pdf\" S\u00ed target=\"_blank\" style=\" display: block; border: 1px solid #a51f21; padding: 2rem; font-size: 1.5rem; color: #a51f21; width: 100%; margin-bottom: 1rem; text-decoration: none; background-image: url(\/wp-content\/uploads\/2018\/07\/acpri-anagrama.png); background-position: right center; background-repeat: no-repeat;\">\n  Acta de jurado<\/a>\n","protected":false},"excerpt":{"rendered":"<p>El pasado 20 de octubre, celebramos la&nbsp;Nit de ACPRI 2023&nbsp;en la&nbsp;Universidad de Barcelona. Una velada fant\u00e1stica en la que amigos y compa\u00f1eros de profesi\u00f3n pudimos reunirnos y compartir, un a\u00f1o [&hellip;]<\/p>\n","protected":false},"author":544,"featured_media":0,"parent":21163,"menu_order":0,"comment_status":"closed","ping_status":"closed","template":"","meta":{"_acf_changed":false,"_bbp_topic_count":0,"_bbp_reply_count":0,"_bbp_total_topic_count":0,"_bbp_total_reply_count":0,"_bbp_voice_count":0,"_bbp_anonymous_reply_count":0,"_bbp_topic_count_hidden":0,"_bbp_reply_count_hidden":0,"_bbp_forum_subforum_count":0,"_coblocks_attr":"","_coblocks_dimensions":"","_coblocks_responsive_height":"","_coblocks_accordion_ie_support":"","_EventAllDay":false,"_EventTimezone":"","_EventStartDate":"","_EventEndDate":"","_EventStartDateUTC":"","_EventEndDateUTC":"","_EventShowMap":false,"_EventShowMapLink":false,"_EventURL":"","_EventCost":"","_EventCostDescription":"","_EventCurrencySymbol":"","_EventCurrencyCode":"","_EventCurrencyPosition":"","_EventDateTimeSeparator":"","_EventTimeRangeSeparator":"","_EventOrganizerID":[],"_EventVenueID":[],"_OrganizerEmail":"","_OrganizerPhone":"","_OrganizerWebsite":"","_VenueAddress":"","_VenueCity":"","_VenueCountry":"","_VenueProvince":"","_VenueState":"","_VenueZip":"","_VenuePhone":"","_VenueURL":"","_VenueStateProvince":"","_VenueLat":"","_VenueLng":"","_VenueShowMap":false,"_VenueShowMapLink":false,"footnotes":""},"class_list":["post-25489","page","type-page","status-publish","hentry"],"acf":[],"featured_image_urls_v2":{"full":"","thumbnail":"","medium":"","medium_large":"","large":"","1536x1536":"","2048x2048":""},"post_excerpt_stackable_v2":"<p>El pasado 20 de octubre, celebramos la&nbsp;Nit de ACPRI 2023&nbsp;en la&nbsp;Universidad de Barcelona. Una velada fant\u00e1stica en la que amigos y compa\u00f1eros de profesi\u00f3n pudimos reunirnos y compartir, un a\u00f1o m\u00e1s, momentos inolvidables. Esta Nit se present\u00f3 como el&nbsp;cierre a todos&nbsp;los actos conmemorativos de los 15 a\u00f1os de vida de ACPRI&nbsp;que iniciamos el 2022. en&nbsp;la Nit celebrada en el Gran Teatro&nbsp;Liceo de Barcelona. Este a\u00f1o hemos hecho entrega de&nbsp;los Premios Nacionales de Protocolo y Relaciones Institucionales que han llegado a su decimoquinta edici\u00f3n, conducida por un amigo y asiduo en cada&nbsp;Nit de ACPRI, el&nbsp;Sr. Xavi Coral. Este a\u00f1o las votaciones&hellip;<\/p>\n","category_list_v2":"","author_info_v2":{"name":"","url":"https:\/\/acpri.cat\/es\/author\/"},"comments_num_v2":"0 comentarios","yoast_head":"<!-- This site is optimized with the Yoast SEO plugin v27.5 - https:\/\/yoast.com\/product\/yoast-seo-wordpress\/ -->\n<title>Premios ACPRI 2023 &#171; ACPRI<\/title>\n<meta name=\"robots\" content=\"index, follow, max-snippet:-1, max-image-preview:large, max-video-preview:-1\" \/>\n<link rel=\"canonical\" href=\"https:\/\/acpri.cat\/es\/la-nit\/premios-acpri-2023__trashed\/\" \/>\n<meta property=\"og:locale\" content=\"es_ES\" \/>\n<meta property=\"og:type\" content=\"article\" \/>\n<meta property=\"og:title\" content=\"Premios ACPRI 2023 &#171; ACPRI\" \/>\n<meta property=\"og:description\" content=\"El pasado 20 de octubre, celebramos la&nbsp;Nit de ACPRI 2023&nbsp;en la&nbsp;Universidad de Barcelona. Una velada fant\u00e1stica en la que amigos y compa\u00f1eros de profesi\u00f3n pudimos reunirnos y compartir, un a\u00f1o [&hellip;]\" \/>\n<meta property=\"og:url\" content=\"https:\/\/acpri.cat\/es\/la-nit\/premios-acpri-2023__trashed\/\" \/>\n<meta property=\"og:site_name\" content=\"ACPRI\" \/>\n<meta property=\"article:modified_time\" content=\"2025-05-13T10:14:04+00:00\" \/>\n<meta name=\"twitter:card\" content=\"summary_large_image\" \/>\n<meta name=\"twitter:label1\" content=\"Tiempo de lectura\" \/>\n\t<meta name=\"twitter:data1\" content=\"3 minutos\" \/>\n<script type=\"application\/ld+json\" class=\"yoast-schema-graph\">{\"@context\":\"https:\\\/\\\/schema.org\",\"@graph\":[{\"@type\":\"WebPage\",\"@id\":\"https:\\\/\\\/acpri.cat\\\/es\\\/la-nit\\\/premios-acpri-2023__trashed\\\/\",\"url\":\"https:\\\/\\\/acpri.cat\\\/es\\\/la-nit\\\/premios-acpri-2023__trashed\\\/\",\"name\":\"Premios ACPRI 2023 &#171; ACPRI\",\"isPartOf\":{\"@id\":\"https:\\\/\\\/acpri.cat\\\/es\\\/#website\"},\"datePublished\":\"2024-05-09T16:36:57+00:00\",\"dateModified\":\"2025-05-13T10:14:04+00:00\",\"breadcrumb\":{\"@id\":\"https:\\\/\\\/acpri.cat\\\/es\\\/la-nit\\\/premios-acpri-2023__trashed\\\/#breadcrumb\"},\"inLanguage\":\"es\",\"potentialAction\":[{\"@type\":\"ReadAction\",\"target\":[\"https:\\\/\\\/acpri.cat\\\/es\\\/la-nit\\\/premios-acpri-2023__trashed\\\/\"]}]},{\"@type\":\"BreadcrumbList\",\"@id\":\"https:\\\/\\\/acpri.cat\\\/es\\\/la-nit\\\/premios-acpri-2023__trashed\\\/#breadcrumb\",\"itemListElement\":[{\"@type\":\"ListItem\",\"position\":1,\"name\":\"Inici\",\"item\":\"https:\\\/\\\/acpri.cat\\\/es\\\/\"},{\"@type\":\"ListItem\",\"position\":2,\"name\":\"La Nit\",\"item\":\"https:\\\/\\\/acpri.cat\\\/es\\\/la-nit\\\/\"},{\"@type\":\"ListItem\",\"position\":3,\"name\":\"Premios ACPRI 2023\"}]},{\"@type\":\"WebSite\",\"@id\":\"https:\\\/\\\/acpri.cat\\\/es\\\/#website\",\"url\":\"https:\\\/\\\/acpri.cat\\\/es\\\/\",\"name\":\"ACPRI\",\"description\":\"Associaci\u00f3 Catalana de Protocol i Relacions Institucionals\",\"potentialAction\":[{\"@type\":\"SearchAction\",\"target\":{\"@type\":\"EntryPoint\",\"urlTemplate\":\"https:\\\/\\\/acpri.cat\\\/es\\\/?s={search_term_string}\"},\"query-input\":{\"@type\":\"PropertyValueSpecification\",\"valueRequired\":true,\"valueName\":\"search_term_string\"}}],\"inLanguage\":\"es\"}]}<\/script>\n<!-- \/ Yoast SEO plugin. -->","yoast_head_json":{"title":"Premios ACPRI 2023 &#171; ACPRI","robots":{"index":"index","follow":"follow","max-snippet":"max-snippet:-1","max-image-preview":"max-image-preview:large","max-video-preview":"max-video-preview:-1"},"canonical":"https:\/\/acpri.cat\/es\/la-nit\/premios-acpri-2023__trashed\/","og_locale":"es_ES","og_type":"article","og_title":"Premios ACPRI 2023 &#171; ACPRI","og_description":"El pasado 20 de octubre, celebramos la&nbsp;Nit de ACPRI 2023&nbsp;en la&nbsp;Universidad de Barcelona. Una velada fant\u00e1stica en la que amigos y compa\u00f1eros de profesi\u00f3n pudimos reunirnos y compartir, un a\u00f1o [&hellip;]","og_url":"https:\/\/acpri.cat\/es\/la-nit\/premios-acpri-2023__trashed\/","og_site_name":"ACPRI","article_modified_time":"2025-05-13T10:14:04+00:00","twitter_card":"summary_large_image","twitter_misc":{"Tiempo de lectura":"3 minutos"},"schema":{"@context":"https:\/\/schema.org","@graph":[{"@type":"WebPage","@id":"https:\/\/acpri.cat\/es\/la-nit\/premios-acpri-2023__trashed\/","url":"https:\/\/acpri.cat\/es\/la-nit\/premios-acpri-2023__trashed\/","name":"Premios ACPRI 2023 &#171; ACPRI","isPartOf":{"@id":"https:\/\/acpri.cat\/es\/#website"},"datePublished":"2024-05-09T16:36:57+00:00","dateModified":"2025-05-13T10:14:04+00:00","breadcrumb":{"@id":"https:\/\/acpri.cat\/es\/la-nit\/premios-acpri-2023__trashed\/#breadcrumb"},"inLanguage":"es","potentialAction":[{"@type":"ReadAction","target":["https:\/\/acpri.cat\/es\/la-nit\/premios-acpri-2023__trashed\/"]}]},{"@type":"BreadcrumbList","@id":"https:\/\/acpri.cat\/es\/la-nit\/premios-acpri-2023__trashed\/#breadcrumb","itemListElement":[{"@type":"ListItem","position":1,"name":"Inici","item":"https:\/\/acpri.cat\/es\/"},{"@type":"ListItem","position":2,"name":"La Nit","item":"https:\/\/acpri.cat\/es\/la-nit\/"},{"@type":"ListItem","position":3,"name":"Premios ACPRI 2023"}]},{"@type":"WebSite","@id":"https:\/\/acpri.cat\/es\/#website","url":"https:\/\/acpri.cat\/es\/","name":"ACPRI","description":"Associaci\u00f3 Catalana de Protocol i Relacions Institucionals","potentialAction":[{"@type":"SearchAction","target":{"@type":"EntryPoint","urlTemplate":"https:\/\/acpri.cat\/es\/?s={search_term_string}"},"query-input":{"@type":"PropertyValueSpecification","valueRequired":true,"valueName":"search_term_string"}}],"inLanguage":"es"}]}},"_links":{"self":[{"href":"https:\/\/acpri.cat\/es\/wp-json\/wp\/v2\/pages\/25489","targetHints":{"allow":["GET"]}}],"collection":[{"href":"https:\/\/acpri.cat\/es\/wp-json\/wp\/v2\/pages"}],"about":[{"href":"https:\/\/acpri.cat\/es\/wp-json\/wp\/v2\/types\/page"}],"author":[{"embeddable":true,"href":"https:\/\/acpri.cat\/es\/wp-json\/wp\/v2\/users\/544"}],"replies":[{"embeddable":true,"href":"https:\/\/acpri.cat\/es\/wp-json\/wp\/v2\/comments?post=25489"}],"version-history":[{"count":1,"href":"https:\/\/acpri.cat\/es\/wp-json\/wp\/v2\/pages\/25489\/revisions"}],"predecessor-version":[{"id":26131,"href":"https:\/\/acpri.cat\/es\/wp-json\/wp\/v2\/pages\/25489\/revisions\/26131"}],"up":[{"embeddable":true,"href":"https:\/\/acpri.cat\/es\/wp-json\/wp\/v2\/pages\/21163"}],"wp:attachment":[{"href":"https:\/\/acpri.cat\/es\/wp-json\/wp\/v2\/media?parent=25489"}],"curies":[{"name":"wp","href":"https:\/\/api.w.org\/{rel}","templated":true}]}}