{"id":21211,"date":"2017-11-04T11:10:22","date_gmt":"2017-11-04T10:10:22","guid":{"rendered":"https:\/\/acpri.cat\/politica-de-cookies\/"},"modified":"2021-07-23T12:58:44","modified_gmt":"2021-07-23T10:58:44","slug":"politica-de-cookies","status":"publish","type":"page","link":"https:\/\/acpri.cat\/es\/politica-de-cookies\/","title":{"rendered":"Pol\u00edtica de cookies"},"content":{"rendered":"<p>Este site utiliza cookies de varios tipos. Seguidamente te detallamos qu\u00e9 cookies son y te detallamos tu elecci\u00f3n acerca del uso de cookies o no en relaci\u00f3n a este sitio.<\/p>\n<h2>Definici\u00f3n y funci\u00f3n de las cookies<\/h2>\n<p>\u00bfQu\u00e9 son las cookies? Una cookie es un fichero que se descarga en su ordenador al acceder a determinadas p\u00e1ginas web. Las cookies permiten a una p\u00e1gina web, entre otras cosas, almacenar y recuperar informaci\u00f3n sobre los h\u00e1bitos de navegaci\u00f3n de un usuario o de su equipo y, dependiendo de la informaci\u00f3n que contengan y de la forma en que utilice su equipo, pueden utilizarse para reconocer al usuario.<\/p>\n<h2>\u00bfQu\u00e9 tipos de cookies utiliza esta p\u00e1gina web?<\/h2>\n<ul>\n<li><b>Cookies propias:<\/b>\u00a0Son aqu\u00e9llas que se env\u00edan al equipo terminal del usuario desde un equipo o dominio gestionado por el propio editor y desde el que se presta el servicio solicitado por el usuario.<\/li>\n<li><b>Cookies de sesi\u00f3n:<\/b>\u00a0Son un tipo de cookies dise\u00f1adas para recabar y almacenar datos mientras el usuario accede a una p\u00e1gina web.<\/li>\n<li><b>Cookies de an\u00e1lisis:<\/b>\u00a0Son aqu\u00e9llas que bien tratadas por nosotros o por terceros, nos permiten cuantificar el n\u00famero de usuarios y as\u00ed realizar la medici\u00f3n y an\u00e1lisis estad\u00edstico de la utilizaci\u00f3n que hacen los usuarios del servicio ofertado. Para ello se analiza su navegaci\u00f3n en nuestra p\u00e1gina web con el fin de mejorar la oferta de productos o servicios que le ofrecemos.<\/li>\n<\/ul>\n<h2>Cookies de terceros<\/h2>\n<p>Este sitio web utiliza cookies de terceros:<\/p>\n<p>Seg\u00fan lo dispuesto en el art\u00edculo 22.2 de la Ley 34\/2002, de 11 de julio, de Servicios de la Sociedad de la Informaci\u00f3n y de Comercio Electr\u00f3nico (LSSI-CE), el titular de este sitio informa que se usan las siguientes cookies de terceros:<\/p>\n<ul>\n<li>Cookies de tercero: Google Analytics. Finalidad: an\u00e1lisis. Puede configurarlas aqu\u00ed: https:\/\/support.google.com\/analytics\/answer\/181881?hl=es<\/li>\n<\/ul>\n<h2>Revocaci\u00f3n y eliminaci\u00f3n de cookies<\/h2>\n<p>Se informa al usuario de que tiene la posibilidad de configurar su navegador de modo que se le informe de la recepci\u00f3n de cookies, pudiendo, si as\u00ed lo desea, impedir que sean instaladas en su disco duro.<\/p>\n<p>A continuaci\u00f3n le proporcionamos los enlaces de diversos navegadores, a trav\u00e9s de los cuales podr\u00e1 realizar dicha configuraci\u00f3n:<\/p>\n<ul>\n<li>Firefox desde aqu\u00ed: <a href=\"http:\/\/support.mozilla.org\/es\/kb\/habilitar-y-deshabilitar-cookies-que-los-sitios-we\">http:\/\/support.mozilla.org\/es\/kb\/habilitar-y-deshabilitar-cookies-que-los-sitios-we<\/a><\/li>\n<li>Chrome desde aqu\u00ed: <a href=\"http:\/\/support.google.com\/chrome\/bin\/answer.py?hl=es&amp;answer=95647\">http:\/\/support.google.com\/chrome\/bin\/answer.py?hl=es&amp;answer=95647<\/a><\/li>\n<li>Explorer desde aqu\u00ed: <a href=\"http:\/\/windows.microsoft.com\/es-es\/internet-explorer\/delete-manage-cookies#ie=ie-10\">http:\/\/windows.microsoft.com\/es-es\/internet-explorer\/delete-manage-cookies#ie=ie-10<\/a><\/li>\n<li>Safari desde aqu\u00ed: <a href=\"https:\/\/support.apple.com\/kb\/ph17191?locale=es_ES\">https:\/\/support.apple.com\/kb\/ph17191?locale=es_ES<\/a><\/li>\n<li>Opera desde aqu\u00ed: <a href=\"http:\/\/help.opera.com\/Windows\/11.50\/es-ES\/cookies.html\">http:\/\/help.opera.com\/Windows\/11.50\/es-ES\/cookies.html<\/a><\/li>\n<\/ul>\n<h2><\/h2>\n","protected":false},"excerpt":{"rendered":"<p>Este site utiliza cookies de varios tipos. Seguidamente te detallamos qu\u00e9 cookies son y te detallamos tu elecci\u00f3n acerca del uso de cookies o no en relaci\u00f3n a este sitio. [&hellip;]<\/p>\n","protected":false},"author":1,"featured_media":0,"parent":0,"menu_order":0,"comment_status":"closed","ping_status":"closed","template":"fullwidth.php","meta":{"_acf_changed":false,"_bbp_topic_count":0,"_bbp_reply_count":0,"_bbp_total_topic_count":0,"_bbp_total_reply_count":0,"_bbp_voice_count":0,"_bbp_anonymous_reply_count":0,"_bbp_topic_count_hidden":0,"_bbp_reply_count_hidden":0,"_bbp_forum_subforum_count":0,"_coblocks_attr":"","_coblocks_dimensions":"","_coblocks_responsive_height":"","_coblocks_accordion_ie_support":"","_EventAllDay":false,"_EventTimezone":"","_EventStartDate":"","_EventEndDate":"","_EventStartDateUTC":"","_EventEndDateUTC":"","_EventShowMap":false,"_EventShowMapLink":false,"_EventURL":"","_EventCost":"","_EventCostDescription":"","_EventCurrencySymbol":"","_EventCurrencyCode":"","_EventCurrencyPosition":"","_EventDateTimeSeparator":"","_EventTimeRangeSeparator":"","_EventOrganizerID":[],"_EventVenueID":[],"_OrganizerEmail":"","_OrganizerPhone":"","_OrganizerWebsite":"","_VenueAddress":"","_VenueCity":"","_VenueCountry":"","_VenueProvince":"","_VenueState":"","_VenueZip":"","_VenuePhone":"","_VenueURL":"","_VenueStateProvince":"","_VenueLat":"","_VenueLng":"","_VenueShowMap":false,"_VenueShowMapLink":false,"footnotes":""},"class_list":["post-21211","page","type-page","status-publish","hentry"],"acf":[],"featured_image_urls_v2":{"full":"","thumbnail":"","medium":"","medium_large":"","large":"","1536x1536":"","2048x2048":""},"post_excerpt_stackable_v2":"<p>Este site utiliza cookies de varios tipos. Seguidamente te detallamos qu\u00e9 cookies son y te detallamos tu elecci\u00f3n acerca del uso de cookies o no en relaci\u00f3n a este sitio. Definici\u00f3n y funci\u00f3n de las cookies \u00bfQu\u00e9 son las cookies? Una cookie es un fichero que se descarga en su ordenador al acceder a determinadas p\u00e1ginas web. Las cookies permiten a una p\u00e1gina web, entre otras cosas, almacenar y recuperar informaci\u00f3n sobre los h\u00e1bitos de navegaci\u00f3n de un usuario o de su equipo y, dependiendo de la informaci\u00f3n que contengan y de la forma en que utilice su equipo, pueden&hellip;<\/p>\n","category_list_v2":"","author_info_v2":{"name":"Lifetime Ignasi Media","url":"https:\/\/acpri.cat\/es\/author\/lifetimemedia\/"},"comments_num_v2":"0 comentarios","yoast_head":"<!-- This site is optimized with the Yoast SEO plugin v27.2 - https:\/\/yoast.com\/product\/yoast-seo-wordpress\/ -->\n<title>Pol\u00edtica de cookies &#171; ACPRI<\/title>\n<meta name=\"robots\" content=\"index, follow, max-snippet:-1, max-image-preview:large, max-video-preview:-1\" \/>\n<link rel=\"canonical\" href=\"https:\/\/acpri.cat\/es\/politica-de-cookies\/\" \/>\n<meta property=\"og:locale\" content=\"es_ES\" \/>\n<meta property=\"og:type\" content=\"article\" \/>\n<meta property=\"og:title\" content=\"Pol\u00edtica de cookies &#171; ACPRI\" \/>\n<meta property=\"og:description\" content=\"Este site utiliza cookies de varios tipos. Seguidamente te detallamos qu\u00e9 cookies son y te detallamos tu elecci\u00f3n acerca del uso de cookies o no en relaci\u00f3n a este sitio. [&hellip;]\" \/>\n<meta property=\"og:url\" content=\"https:\/\/acpri.cat\/es\/politica-de-cookies\/\" \/>\n<meta property=\"og:site_name\" content=\"ACPRI\" \/>\n<meta property=\"article:modified_time\" content=\"2021-07-23T10:58:44+00:00\" \/>\n<meta name=\"twitter:card\" content=\"summary_large_image\" \/>\n<meta name=\"twitter:label1\" content=\"Tiempo de lectura\" \/>\n\t<meta name=\"twitter:data1\" content=\"2 minutos\" \/>\n<script type=\"application\/ld+json\" class=\"yoast-schema-graph\">{\"@context\":\"https:\/\/schema.org\",\"@graph\":[{\"@type\":\"WebPage\",\"@id\":\"https:\/\/acpri.cat\/es\/politica-de-cookies\/\",\"url\":\"https:\/\/acpri.cat\/es\/politica-de-cookies\/\",\"name\":\"Pol\u00edtica de cookies &#171; ACPRI\",\"isPartOf\":{\"@id\":\"https:\/\/acpri.cat\/es\/#website\"},\"datePublished\":\"2017-11-04T10:10:22+00:00\",\"dateModified\":\"2021-07-23T10:58:44+00:00\",\"breadcrumb\":{\"@id\":\"https:\/\/acpri.cat\/es\/politica-de-cookies\/#breadcrumb\"},\"inLanguage\":\"es\",\"potentialAction\":[{\"@type\":\"ReadAction\",\"target\":[\"https:\/\/acpri.cat\/es\/politica-de-cookies\/\"]}]},{\"@type\":\"BreadcrumbList\",\"@id\":\"https:\/\/acpri.cat\/es\/politica-de-cookies\/#breadcrumb\",\"itemListElement\":[{\"@type\":\"ListItem\",\"position\":1,\"name\":\"Inici\",\"item\":\"https:\/\/acpri.cat\/es\/\"},{\"@type\":\"ListItem\",\"position\":2,\"name\":\"Pol\u00edtica de cookies\"}]},{\"@type\":\"WebSite\",\"@id\":\"https:\/\/acpri.cat\/es\/#website\",\"url\":\"https:\/\/acpri.cat\/es\/\",\"name\":\"ACPRI\",\"description\":\"Associaci\u00f3 Catalana de Protocol i Relacions Institucionals\",\"potentialAction\":[{\"@type\":\"SearchAction\",\"target\":{\"@type\":\"EntryPoint\",\"urlTemplate\":\"https:\/\/acpri.cat\/es\/?s={search_term_string}\"},\"query-input\":{\"@type\":\"PropertyValueSpecification\",\"valueRequired\":true,\"valueName\":\"search_term_string\"}}],\"inLanguage\":\"es\"}]}<\/script>\n<!-- \/ Yoast SEO plugin. -->","yoast_head_json":{"title":"Pol\u00edtica de cookies &#171; ACPRI","robots":{"index":"index","follow":"follow","max-snippet":"max-snippet:-1","max-image-preview":"max-image-preview:large","max-video-preview":"max-video-preview:-1"},"canonical":"https:\/\/acpri.cat\/es\/politica-de-cookies\/","og_locale":"es_ES","og_type":"article","og_title":"Pol\u00edtica de cookies &#171; ACPRI","og_description":"Este site utiliza cookies de varios tipos. Seguidamente te detallamos qu\u00e9 cookies son y te detallamos tu elecci\u00f3n acerca del uso de cookies o no en relaci\u00f3n a este sitio. [&hellip;]","og_url":"https:\/\/acpri.cat\/es\/politica-de-cookies\/","og_site_name":"ACPRI","article_modified_time":"2021-07-23T10:58:44+00:00","twitter_card":"summary_large_image","twitter_misc":{"Tiempo de lectura":"2 minutos"},"schema":{"@context":"https:\/\/schema.org","@graph":[{"@type":"WebPage","@id":"https:\/\/acpri.cat\/es\/politica-de-cookies\/","url":"https:\/\/acpri.cat\/es\/politica-de-cookies\/","name":"Pol\u00edtica de cookies &#171; ACPRI","isPartOf":{"@id":"https:\/\/acpri.cat\/es\/#website"},"datePublished":"2017-11-04T10:10:22+00:00","dateModified":"2021-07-23T10:58:44+00:00","breadcrumb":{"@id":"https:\/\/acpri.cat\/es\/politica-de-cookies\/#breadcrumb"},"inLanguage":"es","potentialAction":[{"@type":"ReadAction","target":["https:\/\/acpri.cat\/es\/politica-de-cookies\/"]}]},{"@type":"BreadcrumbList","@id":"https:\/\/acpri.cat\/es\/politica-de-cookies\/#breadcrumb","itemListElement":[{"@type":"ListItem","position":1,"name":"Inici","item":"https:\/\/acpri.cat\/es\/"},{"@type":"ListItem","position":2,"name":"Pol\u00edtica de cookies"}]},{"@type":"WebSite","@id":"https:\/\/acpri.cat\/es\/#website","url":"https:\/\/acpri.cat\/es\/","name":"ACPRI","description":"Associaci\u00f3 Catalana de Protocol i Relacions Institucionals","potentialAction":[{"@type":"SearchAction","target":{"@type":"EntryPoint","urlTemplate":"https:\/\/acpri.cat\/es\/?s={search_term_string}"},"query-input":{"@type":"PropertyValueSpecification","valueRequired":true,"valueName":"search_term_string"}}],"inLanguage":"es"}]}},"_links":{"self":[{"href":"https:\/\/acpri.cat\/es\/wp-json\/wp\/v2\/pages\/21211","targetHints":{"allow":["GET"]}}],"collection":[{"href":"https:\/\/acpri.cat\/es\/wp-json\/wp\/v2\/pages"}],"about":[{"href":"https:\/\/acpri.cat\/es\/wp-json\/wp\/v2\/types\/page"}],"author":[{"embeddable":true,"href":"https:\/\/acpri.cat\/es\/wp-json\/wp\/v2\/users\/1"}],"replies":[{"embeddable":true,"href":"https:\/\/acpri.cat\/es\/wp-json\/wp\/v2\/comments?post=21211"}],"version-history":[{"count":2,"href":"https:\/\/acpri.cat\/es\/wp-json\/wp\/v2\/pages\/21211\/revisions"}],"predecessor-version":[{"id":21403,"href":"https:\/\/acpri.cat\/es\/wp-json\/wp\/v2\/pages\/21211\/revisions\/21403"}],"wp:attachment":[{"href":"https:\/\/acpri.cat\/es\/wp-json\/wp\/v2\/media?parent=21211"}],"curies":[{"name":"wp","href":"https:\/\/api.w.org\/{rel}","templated":true}]}}