{"id":21193,"date":"2018-07-24T17:45:45","date_gmt":"2018-07-24T15:45:45","guid":{"rendered":"https:\/\/acpri.cat\/?page_id=21193"},"modified":"2026-03-18T16:16:43","modified_gmt":"2026-03-18T15:16:43","slug":"organos-de-gobierno","status":"publish","type":"page","link":"https:\/\/acpri.cat\/es\/acpri\/organos-de-gobierno\/","title":{"rendered":"\u00d3rganos de gobierno"},"content":{"rendered":"\t\t<div data-elementor-type=\"wp-page\" data-elementor-id=\"21193\" class=\"elementor elementor-21193 elementor-202\" data-elementor-post-type=\"page\">\n\t\t\t\t\t\t<section class=\"elementor-section elementor-top-section elementor-element elementor-element-15ea2e8 elementor-section-boxed elementor-section-height-default elementor-section-height-default\" data-id=\"15ea2e8\" data-element_type=\"section\" data-e-type=\"section\">\n\t\t\t\t\t\t<div class=\"elementor-container elementor-column-gap-default\">\n\t\t\t\t\t<div class=\"elementor-column elementor-col-100 elementor-top-column elementor-element elementor-element-e1993a1\" data-id=\"e1993a1\" data-element_type=\"column\" data-e-type=\"column\">\n\t\t\t<div class=\"elementor-widget-wrap elementor-element-populated\">\n\t\t\t\t\t\t<div class=\"elementor-element elementor-element-95b2513 elementor-widget elementor-widget-heading\" data-id=\"95b2513\" data-element_type=\"widget\" data-e-type=\"widget\" data-widget_type=\"heading.default\">\n\t\t\t\t<div class=\"elementor-widget-container\">\n\t\t\t\t\t<h2 class=\"elementor-heading-title elementor-size-default\"><p><b>Asamblea general<\/b><\/p>\n\n<p>Es el \u00f3rgano de participaci\u00f3n de todos los asociados en el\nfuncionamiento de la entidad. Es la encargada de aprobar tanto el estado de\ncuentas como la memoria de actividades del a\u00f1o anterior, como tambi\u00e9n de\naprobar la propuesta de presupuesto y la propuesta de actividades del a\u00f1o en\ncurso. Es uno de los espacios donde los asociados pueden hacer propuestas de\nactividades, comentarios y sugerencias.<\/p>\n\n<p>La Asamblea General de ACPRI se re\u00fane como m\u00ednimo ua vez al\na\u00f1o, dentro del primer semestre del a\u00f1o natural.<\/p><br>\n\n<p><b>Junta de gobierno 2025 - 2030<\/b><\/p><\/h2>\t\t\t\t<\/div>\n\t\t\t\t<\/div>\n\t\t\t\t<div class=\"elementor-element elementor-element-6b07eb3 elementor-widget elementor-widget-image\" data-id=\"6b07eb3\" data-element_type=\"widget\" data-e-type=\"widget\" data-widget_type=\"image.default\">\n\t\t\t\t<div class=\"elementor-widget-container\">\n\t\t\t\t\t\t\t\t\t\t\t\t\t\t\t<img fetchpriority=\"high\" decoding=\"async\" width=\"1024\" height=\"450\" src=\"https:\/\/acpri.cat\/wp-content\/uploads\/2026\/03\/captura-de-pantalla-2026-03-18-161602-1024x450.png\" class=\"attachment-large size-large wp-image-28731\" alt=\"organigrama cast\" srcset=\"https:\/\/acpri.cat\/wp-content\/uploads\/2026\/03\/captura-de-pantalla-2026-03-18-161602-1024x450.png 1024w, https:\/\/acpri.cat\/wp-content\/uploads\/2026\/03\/captura-de-pantalla-2026-03-18-161602-300x132.png 300w, https:\/\/acpri.cat\/wp-content\/uploads\/2026\/03\/captura-de-pantalla-2026-03-18-161602-768x337.png 768w, https:\/\/acpri.cat\/wp-content\/uploads\/2026\/03\/captura-de-pantalla-2026-03-18-161602.png 1177w\" sizes=\"(max-width: 1024px) 100vw, 1024px\" \/>\t\t\t\t\t\t\t\t\t\t\t\t\t\t\t<\/div>\n\t\t\t\t<\/div>\n\t\t\t\t\t<\/div>\n\t\t<\/div>\n\t\t\t\t\t<\/div>\n\t\t<\/section>\n\t\t\t\t<\/div>\n\t\t","protected":false},"excerpt":{"rendered":"<p>Asamblea general Es el \u00f3rgano de participaci\u00f3n de todos los asociados en el funcionamiento de la entidad. Es la encargada de aprobar tanto el estado de cuentas como la memoria [&hellip;]<\/p>\n","protected":false},"author":1,"featured_media":0,"parent":21186,"menu_order":2,"comment_status":"closed","ping_status":"closed","template":"","meta":{"_acf_changed":false,"_bbp_topic_count":0,"_bbp_reply_count":0,"_bbp_total_topic_count":0,"_bbp_total_reply_count":0,"_bbp_voice_count":0,"_bbp_anonymous_reply_count":0,"_bbp_topic_count_hidden":0,"_bbp_reply_count_hidden":0,"_bbp_forum_subforum_count":0,"_coblocks_attr":"","_coblocks_dimensions":"","_coblocks_responsive_height":"","_coblocks_accordion_ie_support":"","_EventAllDay":false,"_EventTimezone":"","_EventStartDate":"","_EventEndDate":"","_EventStartDateUTC":"","_EventEndDateUTC":"","_EventShowMap":false,"_EventShowMapLink":false,"_EventURL":"","_EventCost":"","_EventCostDescription":"","_EventCurrencySymbol":"","_EventCurrencyCode":"","_EventCurrencyPosition":"","_EventDateTimeSeparator":"","_EventTimeRangeSeparator":"","_EventOrganizerID":[],"_EventVenueID":[],"_OrganizerEmail":"","_OrganizerPhone":"","_OrganizerWebsite":"","_VenueAddress":"","_VenueCity":"","_VenueCountry":"","_VenueProvince":"","_VenueState":"","_VenueZip":"","_VenuePhone":"","_VenueURL":"","_VenueStateProvince":"","_VenueLat":"","_VenueLng":"","_VenueShowMap":false,"_VenueShowMapLink":false,"footnotes":""},"class_list":["post-21193","page","type-page","status-publish","hentry"],"acf":[],"featured_image_urls_v2":{"full":"","thumbnail":"","medium":"","medium_large":"","large":"","1536x1536":"","2048x2048":""},"post_excerpt_stackable_v2":"<p>Asamblea general Es el \u00f3rgano de participaci\u00f3n de todos los asociados en el funcionamiento de la entidad. Es la encargada de aprobar tanto el estado de cuentas como la memoria de actividades del a\u00f1o anterior, como tambi\u00e9n de aprobar la propuesta de presupuesto y la propuesta de actividades del a\u00f1o en curso. Es uno de los espacios donde los asociados pueden hacer propuestas de actividades, comentarios y sugerencias. La Asamblea General de ACPRI se re\u00fane como m\u00ednimo ua vez al a\u00f1o, dentro del primer semestre del a\u00f1o natural. Junta de gobierno 2025 &#8211; 2030<\/p>\n","category_list_v2":"","author_info_v2":{"name":"Lifetime Ignasi Media","url":"https:\/\/acpri.cat\/es\/author\/lifetimemedia\/"},"comments_num_v2":"0 comentarios","yoast_head":"<!-- This site is optimized with the Yoast SEO plugin v27.2 - https:\/\/yoast.com\/product\/yoast-seo-wordpress\/ -->\n<title>\u00d3rganos de gobierno &#171; ACPRI<\/title>\n<meta name=\"robots\" content=\"index, follow, max-snippet:-1, max-image-preview:large, max-video-preview:-1\" \/>\n<link rel=\"canonical\" href=\"https:\/\/acpri.cat\/es\/acpri\/organos-de-gobierno\/\" \/>\n<meta property=\"og:locale\" content=\"es_ES\" \/>\n<meta property=\"og:type\" content=\"article\" \/>\n<meta property=\"og:title\" content=\"\u00d3rganos de gobierno &#171; ACPRI\" \/>\n<meta property=\"og:description\" content=\"Asamblea general Es el \u00f3rgano de participaci\u00f3n de todos los asociados en el funcionamiento de la entidad. Es la encargada de aprobar tanto el estado de cuentas como la memoria [&hellip;]\" \/>\n<meta property=\"og:url\" content=\"https:\/\/acpri.cat\/es\/acpri\/organos-de-gobierno\/\" \/>\n<meta property=\"og:site_name\" content=\"ACPRI\" \/>\n<meta property=\"article:modified_time\" content=\"2026-03-18T15:16:43+00:00\" \/>\n<meta property=\"og:image\" content=\"https:\/\/acpri.cat\/wp-content\/uploads\/2026\/03\/captura-de-pantalla-2026-03-18-161602-1024x450.png\" \/>\n<meta name=\"twitter:card\" content=\"summary_large_image\" \/>\n<meta name=\"twitter:label1\" content=\"Tiempo de lectura\" \/>\n\t<meta name=\"twitter:data1\" content=\"1 minuto\" \/>\n<script type=\"application\/ld+json\" class=\"yoast-schema-graph\">{\"@context\":\"https:\/\/schema.org\",\"@graph\":[{\"@type\":\"WebPage\",\"@id\":\"https:\/\/acpri.cat\/es\/acpri\/organos-de-gobierno\/\",\"url\":\"https:\/\/acpri.cat\/es\/acpri\/organos-de-gobierno\/\",\"name\":\"\u00d3rganos de gobierno &#171; ACPRI\",\"isPartOf\":{\"@id\":\"https:\/\/acpri.cat\/es\/#website\"},\"primaryImageOfPage\":{\"@id\":\"https:\/\/acpri.cat\/es\/acpri\/organos-de-gobierno\/#primaryimage\"},\"image\":{\"@id\":\"https:\/\/acpri.cat\/es\/acpri\/organos-de-gobierno\/#primaryimage\"},\"thumbnailUrl\":\"https:\/\/acpri.cat\/wp-content\/uploads\/2026\/03\/captura-de-pantalla-2026-03-18-161602-1024x450.png\",\"datePublished\":\"2018-07-24T15:45:45+00:00\",\"dateModified\":\"2026-03-18T15:16:43+00:00\",\"breadcrumb\":{\"@id\":\"https:\/\/acpri.cat\/es\/acpri\/organos-de-gobierno\/#breadcrumb\"},\"inLanguage\":\"es\",\"potentialAction\":[{\"@type\":\"ReadAction\",\"target\":[\"https:\/\/acpri.cat\/es\/acpri\/organos-de-gobierno\/\"]}]},{\"@type\":\"ImageObject\",\"inLanguage\":\"es\",\"@id\":\"https:\/\/acpri.cat\/es\/acpri\/organos-de-gobierno\/#primaryimage\",\"url\":\"https:\/\/acpri.cat\/wp-content\/uploads\/2026\/03\/captura-de-pantalla-2026-03-18-161602-1024x450.png\",\"contentUrl\":\"https:\/\/acpri.cat\/wp-content\/uploads\/2026\/03\/captura-de-pantalla-2026-03-18-161602-1024x450.png\"},{\"@type\":\"BreadcrumbList\",\"@id\":\"https:\/\/acpri.cat\/es\/acpri\/organos-de-gobierno\/#breadcrumb\",\"itemListElement\":[{\"@type\":\"ListItem\",\"position\":1,\"name\":\"Inici\",\"item\":\"https:\/\/acpri.cat\/es\/\"},{\"@type\":\"ListItem\",\"position\":2,\"name\":\"ACPRI\",\"item\":\"https:\/\/acpri.cat\/es\/acpri\/\"},{\"@type\":\"ListItem\",\"position\":3,\"name\":\"\u00d3rganos de gobierno\"}]},{\"@type\":\"WebSite\",\"@id\":\"https:\/\/acpri.cat\/es\/#website\",\"url\":\"https:\/\/acpri.cat\/es\/\",\"name\":\"ACPRI\",\"description\":\"Associaci\u00f3 Catalana de Protocol i Relacions Institucionals\",\"potentialAction\":[{\"@type\":\"SearchAction\",\"target\":{\"@type\":\"EntryPoint\",\"urlTemplate\":\"https:\/\/acpri.cat\/es\/?s={search_term_string}\"},\"query-input\":{\"@type\":\"PropertyValueSpecification\",\"valueRequired\":true,\"valueName\":\"search_term_string\"}}],\"inLanguage\":\"es\"}]}<\/script>\n<!-- \/ Yoast SEO plugin. -->","yoast_head_json":{"title":"\u00d3rganos de gobierno &#171; ACPRI","robots":{"index":"index","follow":"follow","max-snippet":"max-snippet:-1","max-image-preview":"max-image-preview:large","max-video-preview":"max-video-preview:-1"},"canonical":"https:\/\/acpri.cat\/es\/acpri\/organos-de-gobierno\/","og_locale":"es_ES","og_type":"article","og_title":"\u00d3rganos de gobierno &#171; ACPRI","og_description":"Asamblea general Es el \u00f3rgano de participaci\u00f3n de todos los asociados en el funcionamiento de la entidad. Es la encargada de aprobar tanto el estado de cuentas como la memoria [&hellip;]","og_url":"https:\/\/acpri.cat\/es\/acpri\/organos-de-gobierno\/","og_site_name":"ACPRI","article_modified_time":"2026-03-18T15:16:43+00:00","og_image":[{"url":"https:\/\/acpri.cat\/wp-content\/uploads\/2026\/03\/captura-de-pantalla-2026-03-18-161602-1024x450.png","type":"","width":"","height":""}],"twitter_card":"summary_large_image","twitter_misc":{"Tiempo de lectura":"1 minuto"},"schema":{"@context":"https:\/\/schema.org","@graph":[{"@type":"WebPage","@id":"https:\/\/acpri.cat\/es\/acpri\/organos-de-gobierno\/","url":"https:\/\/acpri.cat\/es\/acpri\/organos-de-gobierno\/","name":"\u00d3rganos de gobierno &#171; ACPRI","isPartOf":{"@id":"https:\/\/acpri.cat\/es\/#website"},"primaryImageOfPage":{"@id":"https:\/\/acpri.cat\/es\/acpri\/organos-de-gobierno\/#primaryimage"},"image":{"@id":"https:\/\/acpri.cat\/es\/acpri\/organos-de-gobierno\/#primaryimage"},"thumbnailUrl":"https:\/\/acpri.cat\/wp-content\/uploads\/2026\/03\/captura-de-pantalla-2026-03-18-161602-1024x450.png","datePublished":"2018-07-24T15:45:45+00:00","dateModified":"2026-03-18T15:16:43+00:00","breadcrumb":{"@id":"https:\/\/acpri.cat\/es\/acpri\/organos-de-gobierno\/#breadcrumb"},"inLanguage":"es","potentialAction":[{"@type":"ReadAction","target":["https:\/\/acpri.cat\/es\/acpri\/organos-de-gobierno\/"]}]},{"@type":"ImageObject","inLanguage":"es","@id":"https:\/\/acpri.cat\/es\/acpri\/organos-de-gobierno\/#primaryimage","url":"https:\/\/acpri.cat\/wp-content\/uploads\/2026\/03\/captura-de-pantalla-2026-03-18-161602-1024x450.png","contentUrl":"https:\/\/acpri.cat\/wp-content\/uploads\/2026\/03\/captura-de-pantalla-2026-03-18-161602-1024x450.png"},{"@type":"BreadcrumbList","@id":"https:\/\/acpri.cat\/es\/acpri\/organos-de-gobierno\/#breadcrumb","itemListElement":[{"@type":"ListItem","position":1,"name":"Inici","item":"https:\/\/acpri.cat\/es\/"},{"@type":"ListItem","position":2,"name":"ACPRI","item":"https:\/\/acpri.cat\/es\/acpri\/"},{"@type":"ListItem","position":3,"name":"\u00d3rganos de gobierno"}]},{"@type":"WebSite","@id":"https:\/\/acpri.cat\/es\/#website","url":"https:\/\/acpri.cat\/es\/","name":"ACPRI","description":"Associaci\u00f3 Catalana de Protocol i Relacions Institucionals","potentialAction":[{"@type":"SearchAction","target":{"@type":"EntryPoint","urlTemplate":"https:\/\/acpri.cat\/es\/?s={search_term_string}"},"query-input":{"@type":"PropertyValueSpecification","valueRequired":true,"valueName":"search_term_string"}}],"inLanguage":"es"}]}},"_links":{"self":[{"href":"https:\/\/acpri.cat\/es\/wp-json\/wp\/v2\/pages\/21193","targetHints":{"allow":["GET"]}}],"collection":[{"href":"https:\/\/acpri.cat\/es\/wp-json\/wp\/v2\/pages"}],"about":[{"href":"https:\/\/acpri.cat\/es\/wp-json\/wp\/v2\/types\/page"}],"author":[{"embeddable":true,"href":"https:\/\/acpri.cat\/es\/wp-json\/wp\/v2\/users\/1"}],"replies":[{"embeddable":true,"href":"https:\/\/acpri.cat\/es\/wp-json\/wp\/v2\/comments?post=21193"}],"version-history":[{"count":5,"href":"https:\/\/acpri.cat\/es\/wp-json\/wp\/v2\/pages\/21193\/revisions"}],"predecessor-version":[{"id":28734,"href":"https:\/\/acpri.cat\/es\/wp-json\/wp\/v2\/pages\/21193\/revisions\/28734"}],"up":[{"embeddable":true,"href":"https:\/\/acpri.cat\/es\/wp-json\/wp\/v2\/pages\/21186"}],"wp:attachment":[{"href":"https:\/\/acpri.cat\/es\/wp-json\/wp\/v2\/media?parent=21193"}],"curies":[{"name":"wp","href":"https:\/\/api.w.org\/{rel}","templated":true}]}}