{"id":21188,"date":"2018-05-26T09:41:02","date_gmt":"2018-05-26T07:41:02","guid":{"rendered":"https:\/\/acpri.cat\/?page_id=21188"},"modified":"2026-03-25T13:30:12","modified_gmt":"2026-03-25T12:30:12","slug":"la-asociacion","status":"publish","type":"page","link":"https:\/\/acpri.cat\/es\/acpri\/la-asociacion\/","title":{"rendered":"La Asociaci\u00f3n"},"content":{"rendered":"\t\t<div data-elementor-type=\"wp-page\" data-elementor-id=\"21188\" class=\"elementor elementor-21188 elementor-129\" data-elementor-post-type=\"page\">\n\t\t\t\t\t\t<section class=\"elementor-section elementor-top-section elementor-element elementor-element-798ca4f8 elementor-section-boxed elementor-section-height-default elementor-section-height-default\" data-id=\"798ca4f8\" data-element_type=\"section\" data-e-type=\"section\">\n\t\t\t\t\t\t<div class=\"elementor-container elementor-column-gap-no\">\n\t\t\t\t\t<div class=\"elementor-column elementor-col-100 elementor-top-column elementor-element elementor-element-4f1130a1\" data-id=\"4f1130a1\" data-element_type=\"column\" data-e-type=\"column\">\n\t\t\t<div class=\"elementor-widget-wrap elementor-element-populated\">\n\t\t\t\t\t\t<div class=\"elementor-element elementor-element-9b6a202 elementor-widget elementor-widget-text-editor\" data-id=\"9b6a202\" data-element_type=\"widget\" data-e-type=\"widget\" data-widget_type=\"text-editor.default\">\n\t\t\t\t<div class=\"elementor-widget-container\">\n\t\t\t\t\t\t\t\t\t<p>ACPRI es la asociaci\u00f3n que agrupa los profesionales de la organizaci\u00f3n de actos, protocolo, ceremonial y relaciones institucionales, no solo los que lo ejercen, sino tambi\u00e9n todas aquellas personas que se est\u00e1n formando para llegar a serlo.<\/p>\n<p>Desde ACPRI trabajamos para decidir, evaluar y gestionar el futuro de nuestra profesi\u00f3n, reconociendo a todas aquellas personas que durante muchos a\u00f1os han dejado su impronta profesional y humana de manera excepcional; que han ayudado a aumentar el valor del protocolo, el ceremonial y las t\u00e9cnicas de organizaci\u00f3n de actas; y que velan para transmitir y difundir las costumbres y las tradiciones populares, a la vez que reconocen en el \u00e1mbito p\u00fablico nuevas expresiones de la cultura popular.<\/p>\n\t\t\t\t\t\t\t\t<\/div>\n\t\t\t\t<\/div>\n\t\t\t\t<div class=\"elementor-element elementor-element-dec8d13 elementor-widget elementor-widget-heading\" data-id=\"dec8d13\" data-element_type=\"widget\" data-e-type=\"widget\" data-widget_type=\"heading.default\">\n\t\t\t\t<div class=\"elementor-widget-container\">\n\t\t\t\t\t<h2 class=\"elementor-heading-title elementor-size-default\">Visi\u00f3n, misi\u00f3n, valores<\/h2>\t\t\t\t<\/div>\n\t\t\t\t<\/div>\n\t\t\t\t<div class=\"elementor-element elementor-element-3410cfb elementor-widget elementor-widget-text-editor\" data-id=\"3410cfb\" data-element_type=\"widget\" data-e-type=\"widget\" data-widget_type=\"text-editor.default\">\n\t\t\t\t<div class=\"elementor-widget-container\">\n\t\t\t\t\t\t\t\t\tACPRI se cre\u00f3 sin finalidad de lucro para promover el estudio, divulgaci\u00f3n de normas, pr\u00e1cticas y costumbres protocolarias, tanto en el \u00e1mbito oficial como en el empresarial, como tambi\u00e9n para ejercer de entidad consultora en estos campos.\r\n\r\nNuestra visi\u00f3n como asociaci\u00f3n\u00a0es ser el punto de encuentro\u00a0de todos aquellos profesionales que comparten unos mismos valores: la responsabilidad, la eficiencia, la innovaci\u00f3n y la \u00e9tica profesional.\r\n\r\nLa misi\u00f3n de ACPRI es trabajar para consolidar la figura profesional de los t\u00e9cnicos y t\u00e9cnicas de Protocolo, Ceremonial, Relaciones P\u00fablicas y Relaciones Institucionales. Desde la Asociaci\u00f3n queremos representar los intereses generales de la profesi\u00f3n y velar porque la actividad profesional se adecue a los intereses del conjunto de la sociedad.\r\n\r\nLos valores que se han defendido siempre desde nuestra Asociaci\u00f3n y que luchamos porque se defiendan desde la profesi\u00f3n son los de la confianza depositada en las t\u00e9cnicas aplicadas por profesionales en la organizaci\u00f3n de actos; los de el compromiso social de nuestros profesionales, que con su trabajo encuentran puntos de acuerdo entre instituciones y entre el sector p\u00fablico y privado, haciendo de las buenas maneras y del respeto mutuo una forma de comunicarse; y los de la calidad, dedicaci\u00f3n y responsabilidad en todas las funciones derivadas de nuestra profesi\u00f3n, y como depositarios de la imagen de las instituciones o las empresas que representamos.\t\t\t\t\t\t\t\t<\/div>\n\t\t\t\t<\/div>\n\t\t\t\t<div class=\"elementor-element elementor-element-16387ab elementor-widget elementor-widget-heading\" data-id=\"16387ab\" data-element_type=\"widget\" data-e-type=\"widget\" data-widget_type=\"heading.default\">\n\t\t\t\t<div class=\"elementor-widget-container\">\n\t\t\t\t\t<h2 class=\"elementor-heading-title elementor-size-default\">Estatutos<\/h2>\t\t\t\t<\/div>\n\t\t\t\t<\/div>\n\t\t\t\t<div class=\"elementor-element elementor-element-fcb59b2 elementor-widget elementor-widget-text-editor\" data-id=\"fcb59b2\" data-element_type=\"widget\" data-e-type=\"widget\" data-widget_type=\"text-editor.default\">\n\t\t\t\t<div class=\"elementor-widget-container\">\n\t\t\t\t\t\t\t\t\t<p>En este apartado, ponemos a disposici\u00f3n de todos nuestros socios y socias los Estatutos de la Asociaci\u00f3n Catalana de Protocolo y Relaciones Institucionales, aprobados en la Asamblea Extraordinaria del d\u00eda 17 de julio de 2024.<\/p>\t\t\t\t\t\t\t\t<\/div>\n\t\t\t\t<\/div>\n\t\t\t\t\t<\/div>\n\t\t<\/div>\n\t\t\t\t\t<\/div>\n\t\t<\/section>\n\t\t\t\t<section class=\"elementor-section elementor-top-section elementor-element elementor-element-fe90bee elementor-section-boxed elementor-section-height-default elementor-section-height-default\" data-id=\"fe90bee\" data-element_type=\"section\" data-e-type=\"section\">\n\t\t\t\t\t\t<div class=\"elementor-container elementor-column-gap-default\">\n\t\t\t\t\t<div class=\"elementor-column elementor-col-100 elementor-top-column elementor-element elementor-element-1ce3c33\" data-id=\"1ce3c33\" data-element_type=\"column\" data-e-type=\"column\">\n\t\t\t<div class=\"elementor-widget-wrap elementor-element-populated\">\n\t\t\t\t\t\t<div class=\"elementor-element elementor-element-d42df07 elementor-align-center elementor-widget elementor-widget-button\" data-id=\"d42df07\" data-element_type=\"widget\" data-e-type=\"widget\" data-widget_type=\"button.default\">\n\t\t\t\t<div class=\"elementor-widget-container\">\n\t\t\t\t\t\t\t\t\t<div class=\"elementor-button-wrapper\">\n\t\t\t\t\t<a class=\"elementor-button elementor-button-link elementor-size-sm\" href=\"https:\/\/drive.google.com\/file\/d\/1VKw9ucj6bP29xRvKNAj0pml3j4A_GpWr\/view?usp=sharing\" target=\"_blank\">\n\t\t\t\t\t\t<span class=\"elementor-button-content-wrapper\">\n\t\t\t\t\t\t\t\t\t<span class=\"elementor-button-text\">Estatutos<\/span>\n\t\t\t\t\t<\/span>\n\t\t\t\t\t<\/a>\n\t\t\t\t<\/div>\n\t\t\t\t\t\t\t\t<\/div>\n\t\t\t\t<\/div>\n\t\t\t\t\t<\/div>\n\t\t<\/div>\n\t\t\t\t\t<\/div>\n\t\t<\/section>\n\t\t\t\t<\/div>\n\t\t","protected":false},"excerpt":{"rendered":"<p>ACPRI es la asociaci\u00f3n que agrupa los profesionales de la organizaci\u00f3n de actos, protocolo, ceremonial y relaciones institucionales, no solo los que lo ejercen, sino tambi\u00e9n todas aquellas personas que [&hellip;]<\/p>\n","protected":false},"author":1,"featured_media":0,"parent":21186,"menu_order":0,"comment_status":"closed","ping_status":"closed","template":"right-sidebar.php","meta":{"_acf_changed":false,"_bbp_topic_count":0,"_bbp_reply_count":0,"_bbp_total_topic_count":0,"_bbp_total_reply_count":0,"_bbp_voice_count":0,"_bbp_anonymous_reply_count":0,"_bbp_topic_count_hidden":0,"_bbp_reply_count_hidden":0,"_bbp_forum_subforum_count":0,"_coblocks_attr":"","_coblocks_dimensions":"","_coblocks_responsive_height":"","_coblocks_accordion_ie_support":"","_EventAllDay":false,"_EventTimezone":"","_EventStartDate":"","_EventEndDate":"","_EventStartDateUTC":"","_EventEndDateUTC":"","_EventShowMap":false,"_EventShowMapLink":false,"_EventURL":"","_EventCost":"","_EventCostDescription":"","_EventCurrencySymbol":"","_EventCurrencyCode":"","_EventCurrencyPosition":"","_EventDateTimeSeparator":"","_EventTimeRangeSeparator":"","_EventOrganizerID":[],"_EventVenueID":[],"_OrganizerEmail":"","_OrganizerPhone":"","_OrganizerWebsite":"","_VenueAddress":"","_VenueCity":"","_VenueCountry":"","_VenueProvince":"","_VenueState":"","_VenueZip":"","_VenuePhone":"","_VenueURL":"","_VenueStateProvince":"","_VenueLat":"","_VenueLng":"","_VenueShowMap":false,"_VenueShowMapLink":false,"footnotes":""},"class_list":["post-21188","page","type-page","status-publish","hentry"],"acf":[],"featured_image_urls_v2":{"full":"","thumbnail":"","medium":"","medium_large":"","large":"","1536x1536":"","2048x2048":""},"post_excerpt_stackable_v2":"<p>ACPRI es la asociaci\u00f3n que agrupa los profesionales de la organizaci\u00f3n de actos, protocolo, ceremonial y relaciones institucionales, no solo los que lo ejercen, sino tambi\u00e9n todas aquellas personas que se est\u00e1n formando para llegar a serlo. Desde ACPRI trabajamos para decidir, evaluar y gestionar el futuro de nuestra profesi\u00f3n, reconociendo a todas aquellas personas que durante muchos a\u00f1os han dejado su impronta profesional y humana de manera excepcional; que han ayudado a aumentar el valor del protocolo, el ceremonial y las t\u00e9cnicas de organizaci\u00f3n de actas; y que velan para transmitir y difundir las costumbres y las tradiciones populares,&hellip;<\/p>\n","category_list_v2":"","author_info_v2":{"name":"Lifetime Ignasi Media","url":"https:\/\/acpri.cat\/es\/author\/lifetimemedia\/"},"comments_num_v2":"0 comentarios","yoast_head":"<!-- This site is optimized with the Yoast SEO plugin v27.2 - https:\/\/yoast.com\/product\/yoast-seo-wordpress\/ -->\n<title>La Asociaci\u00f3n &#171; ACPRI<\/title>\n<meta name=\"robots\" content=\"index, follow, max-snippet:-1, max-image-preview:large, max-video-preview:-1\" \/>\n<link rel=\"canonical\" href=\"https:\/\/acpri.cat\/es\/acpri\/la-asociacion\/\" \/>\n<meta property=\"og:locale\" content=\"es_ES\" \/>\n<meta property=\"og:type\" content=\"article\" \/>\n<meta property=\"og:title\" content=\"La Asociaci\u00f3n &#171; ACPRI\" \/>\n<meta property=\"og:description\" content=\"ACPRI es la asociaci\u00f3n que agrupa los profesionales de la organizaci\u00f3n de actos, protocolo, ceremonial y relaciones institucionales, no solo los que lo ejercen, sino tambi\u00e9n todas aquellas personas que [&hellip;]\" \/>\n<meta property=\"og:url\" content=\"https:\/\/acpri.cat\/es\/acpri\/la-asociacion\/\" \/>\n<meta property=\"og:site_name\" content=\"ACPRI\" \/>\n<meta property=\"article:modified_time\" content=\"2026-03-25T12:30:12+00:00\" \/>\n<meta name=\"twitter:card\" content=\"summary_large_image\" \/>\n<meta name=\"twitter:label1\" content=\"Tiempo de lectura\" \/>\n\t<meta name=\"twitter:data1\" content=\"2 minutos\" \/>\n<script type=\"application\/ld+json\" class=\"yoast-schema-graph\">{\"@context\":\"https:\/\/schema.org\",\"@graph\":[{\"@type\":\"WebPage\",\"@id\":\"https:\/\/acpri.cat\/es\/acpri\/la-asociacion\/\",\"url\":\"https:\/\/acpri.cat\/es\/acpri\/la-asociacion\/\",\"name\":\"La Asociaci\u00f3n &#171; ACPRI\",\"isPartOf\":{\"@id\":\"https:\/\/acpri.cat\/es\/#website\"},\"datePublished\":\"2018-05-26T07:41:02+00:00\",\"dateModified\":\"2026-03-25T12:30:12+00:00\",\"breadcrumb\":{\"@id\":\"https:\/\/acpri.cat\/es\/acpri\/la-asociacion\/#breadcrumb\"},\"inLanguage\":\"es\",\"potentialAction\":[{\"@type\":\"ReadAction\",\"target\":[\"https:\/\/acpri.cat\/es\/acpri\/la-asociacion\/\"]}]},{\"@type\":\"BreadcrumbList\",\"@id\":\"https:\/\/acpri.cat\/es\/acpri\/la-asociacion\/#breadcrumb\",\"itemListElement\":[{\"@type\":\"ListItem\",\"position\":1,\"name\":\"Inici\",\"item\":\"https:\/\/acpri.cat\/es\/\"},{\"@type\":\"ListItem\",\"position\":2,\"name\":\"ACPRI\",\"item\":\"https:\/\/acpri.cat\/es\/acpri\/\"},{\"@type\":\"ListItem\",\"position\":3,\"name\":\"La Asociaci\u00f3n\"}]},{\"@type\":\"WebSite\",\"@id\":\"https:\/\/acpri.cat\/es\/#website\",\"url\":\"https:\/\/acpri.cat\/es\/\",\"name\":\"ACPRI\",\"description\":\"Associaci\u00f3 Catalana de Protocol i Relacions Institucionals\",\"potentialAction\":[{\"@type\":\"SearchAction\",\"target\":{\"@type\":\"EntryPoint\",\"urlTemplate\":\"https:\/\/acpri.cat\/es\/?s={search_term_string}\"},\"query-input\":{\"@type\":\"PropertyValueSpecification\",\"valueRequired\":true,\"valueName\":\"search_term_string\"}}],\"inLanguage\":\"es\"}]}<\/script>\n<!-- \/ Yoast SEO plugin. -->","yoast_head_json":{"title":"La Asociaci\u00f3n &#171; ACPRI","robots":{"index":"index","follow":"follow","max-snippet":"max-snippet:-1","max-image-preview":"max-image-preview:large","max-video-preview":"max-video-preview:-1"},"canonical":"https:\/\/acpri.cat\/es\/acpri\/la-asociacion\/","og_locale":"es_ES","og_type":"article","og_title":"La Asociaci\u00f3n &#171; ACPRI","og_description":"ACPRI es la asociaci\u00f3n que agrupa los profesionales de la organizaci\u00f3n de actos, protocolo, ceremonial y relaciones institucionales, no solo los que lo ejercen, sino tambi\u00e9n todas aquellas personas que [&hellip;]","og_url":"https:\/\/acpri.cat\/es\/acpri\/la-asociacion\/","og_site_name":"ACPRI","article_modified_time":"2026-03-25T12:30:12+00:00","twitter_card":"summary_large_image","twitter_misc":{"Tiempo de lectura":"2 minutos"},"schema":{"@context":"https:\/\/schema.org","@graph":[{"@type":"WebPage","@id":"https:\/\/acpri.cat\/es\/acpri\/la-asociacion\/","url":"https:\/\/acpri.cat\/es\/acpri\/la-asociacion\/","name":"La Asociaci\u00f3n &#171; ACPRI","isPartOf":{"@id":"https:\/\/acpri.cat\/es\/#website"},"datePublished":"2018-05-26T07:41:02+00:00","dateModified":"2026-03-25T12:30:12+00:00","breadcrumb":{"@id":"https:\/\/acpri.cat\/es\/acpri\/la-asociacion\/#breadcrumb"},"inLanguage":"es","potentialAction":[{"@type":"ReadAction","target":["https:\/\/acpri.cat\/es\/acpri\/la-asociacion\/"]}]},{"@type":"BreadcrumbList","@id":"https:\/\/acpri.cat\/es\/acpri\/la-asociacion\/#breadcrumb","itemListElement":[{"@type":"ListItem","position":1,"name":"Inici","item":"https:\/\/acpri.cat\/es\/"},{"@type":"ListItem","position":2,"name":"ACPRI","item":"https:\/\/acpri.cat\/es\/acpri\/"},{"@type":"ListItem","position":3,"name":"La Asociaci\u00f3n"}]},{"@type":"WebSite","@id":"https:\/\/acpri.cat\/es\/#website","url":"https:\/\/acpri.cat\/es\/","name":"ACPRI","description":"Associaci\u00f3 Catalana de Protocol i Relacions Institucionals","potentialAction":[{"@type":"SearchAction","target":{"@type":"EntryPoint","urlTemplate":"https:\/\/acpri.cat\/es\/?s={search_term_string}"},"query-input":{"@type":"PropertyValueSpecification","valueRequired":true,"valueName":"search_term_string"}}],"inLanguage":"es"}]}},"_links":{"self":[{"href":"https:\/\/acpri.cat\/es\/wp-json\/wp\/v2\/pages\/21188","targetHints":{"allow":["GET"]}}],"collection":[{"href":"https:\/\/acpri.cat\/es\/wp-json\/wp\/v2\/pages"}],"about":[{"href":"https:\/\/acpri.cat\/es\/wp-json\/wp\/v2\/types\/page"}],"author":[{"embeddable":true,"href":"https:\/\/acpri.cat\/es\/wp-json\/wp\/v2\/users\/1"}],"replies":[{"embeddable":true,"href":"https:\/\/acpri.cat\/es\/wp-json\/wp\/v2\/comments?post=21188"}],"version-history":[{"count":5,"href":"https:\/\/acpri.cat\/es\/wp-json\/wp\/v2\/pages\/21188\/revisions"}],"predecessor-version":[{"id":28767,"href":"https:\/\/acpri.cat\/es\/wp-json\/wp\/v2\/pages\/21188\/revisions\/28767"}],"up":[{"embeddable":true,"href":"https:\/\/acpri.cat\/es\/wp-json\/wp\/v2\/pages\/21186"}],"wp:attachment":[{"href":"https:\/\/acpri.cat\/es\/wp-json\/wp\/v2\/media?parent=21188"}],"curies":[{"name":"wp","href":"https:\/\/api.w.org\/{rel}","templated":true}]}}