{"id":21186,"date":"2017-11-25T16:26:14","date_gmt":"2017-11-25T15:26:14","guid":{"rendered":"https:\/\/acpri.cat\/?page_id=21186"},"modified":"2021-07-23T12:51:09","modified_gmt":"2021-07-23T10:51:09","slug":"acpri","status":"publish","type":"page","link":"https:\/\/acpri.cat\/es\/acpri\/","title":{"rendered":"ACPRI"},"content":{"rendered":"\n<div style=\"height:20px\" aria-hidden=\"true\" class=\"wp-block-spacer\"><\/div>\n\n<blockquote class=\"wp-block-ugb-blockquote ugb-blockquote ugb-blockquote--v2 ugb--background-opacity-5 ugb-blockquote--design-plain\" style=\"--quote-color:#cf2e2e\"><div class=\"ugb-content-wrapper\"><svg viewbox=\"0 0 50 50\" xmlns=\"http:\/\/www.w3.org\/2000\/svg\" style=\"fill:#cf2e2e;width:70px;height:70px\"><path d=\"M14.7 45.9H0V31.3C0 17.6 8.6 6.6 21.6 4.1v4.7c-10 2.6-16.7 10.9-16.7 22.6h9.8v14.5zm28.1 0H28.4V31.3C28.4 17.6 37 6.6 50 4.1v4.7c-9.8 2.6-16.7 10.9-16.7 22.6h9.5v14.5z\"><\/path><\/svg><p class=\"ugb-blockquote__text\" style=\"color:\">ACPRI es la asociaci\u00f3n que agrupa a los profesionales que se dedican a la organizaci\u00f3n de actos, protocolo, ceremonial y relaciones institucionales.<\/p><\/div><\/blockquote>\n\n<p>El compromiso, la voluntad y la vocaci\u00f3n profesional han hecho posible que hoy se pueda presentar ACPRI. Somos los y las profesionales en ejercicio y todas aquellas personas que se forman para llegar a serlo, los que queremos decidir, evaluar y gestionar el futuro de nuestra profesi\u00f3n.<\/p>\n\n<p>Los asociados y asociadas queremos hacer un reconocimiento a todas aquellas personas que durante muchos a\u00f1os han dejado su impronta profesional y humana de manera excepcional y que han ayudado a aumentar el valor del protocolo, el ceremonial y las t\u00e9cnicas de organizaci\u00f3n de actos y han luchado para recuperar la memoria hist\u00f3rica de las instituciones democr\u00e1ticas y velan para transmitir, difundir las costumbres y las tradiciones populares y reconocer en el \u00e1mbito p\u00fablico nuevas expresiones de la cultura popular.<\/p>\n\n<p>La misi\u00f3n y la visi\u00f3n son las claves estrat\u00e9gicas de ACPRI y constituyen una constataci\u00f3n de los or\u00edgenes, el objeto y las finalidades b\u00e1sicas de la asociaci\u00f3n.<\/p>\n\n<p><strong>Estas finalidades est\u00e1n recogidas en el art\u00edculo 5 de sus estatutos.<\/strong><\/p>\n\n<p>ACPRI se crea sin finalidad lucrativa para promover el estudio, divulgaci\u00f3n de normas, pr\u00e1cticas y costumbres protocolarias, tanto en el \u00e1mbito oficial como en el empresarial, as\u00ed como para ejercer de entidad consultora en estos campos.<\/p>\n","protected":false},"excerpt":{"rendered":"<p>ACPRI es la asociaci\u00f3n que agrupa a los profesionales que se dedican a la organizaci\u00f3n de actos, protocolo, ceremonial y relaciones institucionales. El compromiso, la voluntad y la vocaci\u00f3n profesional [&hellip;]<\/p>\n","protected":false},"author":1,"featured_media":0,"parent":0,"menu_order":0,"comment_status":"closed","ping_status":"closed","template":"","meta":{"_acf_changed":false,"_bbp_topic_count":0,"_bbp_reply_count":0,"_bbp_total_topic_count":0,"_bbp_total_reply_count":0,"_bbp_voice_count":0,"_bbp_anonymous_reply_count":0,"_bbp_topic_count_hidden":0,"_bbp_reply_count_hidden":0,"_bbp_forum_subforum_count":0,"_coblocks_attr":"","_coblocks_dimensions":"","_coblocks_responsive_height":"","_coblocks_accordion_ie_support":"","_EventAllDay":false,"_EventTimezone":"","_EventStartDate":"","_EventEndDate":"","_EventStartDateUTC":"","_EventEndDateUTC":"","_EventShowMap":false,"_EventShowMapLink":false,"_EventURL":"","_EventCost":"","_EventCostDescription":"","_EventCurrencySymbol":"","_EventCurrencyCode":"","_EventCurrencyPosition":"","_EventDateTimeSeparator":"","_EventTimeRangeSeparator":"","_EventOrganizerID":[],"_EventVenueID":[],"_OrganizerEmail":"","_OrganizerPhone":"","_OrganizerWebsite":"","_VenueAddress":"","_VenueCity":"","_VenueCountry":"","_VenueProvince":"","_VenueState":"","_VenueZip":"","_VenuePhone":"","_VenueURL":"","_VenueStateProvince":"","_VenueLat":"","_VenueLng":"","_VenueShowMap":false,"_VenueShowMapLink":false,"footnotes":""},"class_list":["post-21186","page","type-page","status-publish","hentry"],"acf":[],"featured_image_urls_v2":{"full":"","thumbnail":"","medium":"","medium_large":"","large":"","1536x1536":"","2048x2048":""},"post_excerpt_stackable_v2":"<p>ACPRI es la asociaci\u00f3n que agrupa a los profesionales que se dedican a la organizaci\u00f3n de actos, protocolo, ceremonial y relaciones institucionales. El compromiso, la voluntad y la vocaci\u00f3n profesional han hecho posible que hoy se pueda presentar ACPRI. Somos los y las profesionales en ejercicio y todas aquellas personas que se forman para llegar a serlo, los que queremos decidir, evaluar y gestionar el futuro de nuestra profesi\u00f3n. Los asociados y asociadas queremos hacer un reconocimiento a todas aquellas personas que durante muchos a\u00f1os han dejado su impronta profesional y humana de manera excepcional y que han ayudado a&hellip;<\/p>\n","category_list_v2":"","author_info_v2":{"name":"Lifetime Ignasi Media","url":"https:\/\/acpri.cat\/es\/author\/lifetimemedia\/"},"comments_num_v2":"0 comentarios","yoast_head":"<!-- This site is optimized with the Yoast SEO plugin v27.3 - https:\/\/yoast.com\/product\/yoast-seo-wordpress\/ -->\n<title>ACPRI &#171; ACPRI<\/title>\n<meta name=\"robots\" content=\"index, follow, max-snippet:-1, max-image-preview:large, max-video-preview:-1\" \/>\n<link rel=\"canonical\" href=\"https:\/\/acpri.cat\/es\/acpri\/\" \/>\n<meta property=\"og:locale\" content=\"es_ES\" \/>\n<meta property=\"og:type\" content=\"article\" \/>\n<meta property=\"og:title\" content=\"ACPRI &#171; ACPRI\" \/>\n<meta property=\"og:description\" content=\"ACPRI es la asociaci\u00f3n que agrupa a los profesionales que se dedican a la organizaci\u00f3n de actos, protocolo, ceremonial y relaciones institucionales. El compromiso, la voluntad y la vocaci\u00f3n profesional [&hellip;]\" \/>\n<meta property=\"og:url\" content=\"https:\/\/acpri.cat\/es\/acpri\/\" \/>\n<meta property=\"og:site_name\" content=\"ACPRI\" \/>\n<meta property=\"article:modified_time\" content=\"2021-07-23T10:51:09+00:00\" \/>\n<meta name=\"twitter:card\" content=\"summary_large_image\" \/>\n<meta name=\"twitter:label1\" content=\"Tiempo de lectura\" \/>\n\t<meta name=\"twitter:data1\" content=\"1 minuto\" \/>\n<script type=\"application\/ld+json\" class=\"yoast-schema-graph\">{\"@context\":\"https:\\\/\\\/schema.org\",\"@graph\":[{\"@type\":\"WebPage\",\"@id\":\"https:\\\/\\\/acpri.cat\\\/es\\\/acpri\\\/\",\"url\":\"https:\\\/\\\/acpri.cat\\\/es\\\/acpri\\\/\",\"name\":\"ACPRI &#171; ACPRI\",\"isPartOf\":{\"@id\":\"https:\\\/\\\/acpri.cat\\\/es\\\/#website\"},\"datePublished\":\"2017-11-25T15:26:14+00:00\",\"dateModified\":\"2021-07-23T10:51:09+00:00\",\"breadcrumb\":{\"@id\":\"https:\\\/\\\/acpri.cat\\\/es\\\/acpri\\\/#breadcrumb\"},\"inLanguage\":\"es\",\"potentialAction\":[{\"@type\":\"ReadAction\",\"target\":[\"https:\\\/\\\/acpri.cat\\\/es\\\/acpri\\\/\"]}]},{\"@type\":\"BreadcrumbList\",\"@id\":\"https:\\\/\\\/acpri.cat\\\/es\\\/acpri\\\/#breadcrumb\",\"itemListElement\":[{\"@type\":\"ListItem\",\"position\":1,\"name\":\"Inici\",\"item\":\"https:\\\/\\\/acpri.cat\\\/es\\\/\"},{\"@type\":\"ListItem\",\"position\":2,\"name\":\"ACPRI\"}]},{\"@type\":\"WebSite\",\"@id\":\"https:\\\/\\\/acpri.cat\\\/es\\\/#website\",\"url\":\"https:\\\/\\\/acpri.cat\\\/es\\\/\",\"name\":\"ACPRI\",\"description\":\"Associaci\u00f3 Catalana de Protocol i Relacions Institucionals\",\"potentialAction\":[{\"@type\":\"SearchAction\",\"target\":{\"@type\":\"EntryPoint\",\"urlTemplate\":\"https:\\\/\\\/acpri.cat\\\/es\\\/?s={search_term_string}\"},\"query-input\":{\"@type\":\"PropertyValueSpecification\",\"valueRequired\":true,\"valueName\":\"search_term_string\"}}],\"inLanguage\":\"es\"}]}<\/script>\n<!-- \/ Yoast SEO plugin. -->","yoast_head_json":{"title":"ACPRI &#171; ACPRI","robots":{"index":"index","follow":"follow","max-snippet":"max-snippet:-1","max-image-preview":"max-image-preview:large","max-video-preview":"max-video-preview:-1"},"canonical":"https:\/\/acpri.cat\/es\/acpri\/","og_locale":"es_ES","og_type":"article","og_title":"ACPRI &#171; ACPRI","og_description":"ACPRI es la asociaci\u00f3n que agrupa a los profesionales que se dedican a la organizaci\u00f3n de actos, protocolo, ceremonial y relaciones institucionales. El compromiso, la voluntad y la vocaci\u00f3n profesional [&hellip;]","og_url":"https:\/\/acpri.cat\/es\/acpri\/","og_site_name":"ACPRI","article_modified_time":"2021-07-23T10:51:09+00:00","twitter_card":"summary_large_image","twitter_misc":{"Tiempo de lectura":"1 minuto"},"schema":{"@context":"https:\/\/schema.org","@graph":[{"@type":"WebPage","@id":"https:\/\/acpri.cat\/es\/acpri\/","url":"https:\/\/acpri.cat\/es\/acpri\/","name":"ACPRI &#171; ACPRI","isPartOf":{"@id":"https:\/\/acpri.cat\/es\/#website"},"datePublished":"2017-11-25T15:26:14+00:00","dateModified":"2021-07-23T10:51:09+00:00","breadcrumb":{"@id":"https:\/\/acpri.cat\/es\/acpri\/#breadcrumb"},"inLanguage":"es","potentialAction":[{"@type":"ReadAction","target":["https:\/\/acpri.cat\/es\/acpri\/"]}]},{"@type":"BreadcrumbList","@id":"https:\/\/acpri.cat\/es\/acpri\/#breadcrumb","itemListElement":[{"@type":"ListItem","position":1,"name":"Inici","item":"https:\/\/acpri.cat\/es\/"},{"@type":"ListItem","position":2,"name":"ACPRI"}]},{"@type":"WebSite","@id":"https:\/\/acpri.cat\/es\/#website","url":"https:\/\/acpri.cat\/es\/","name":"ACPRI","description":"Associaci\u00f3 Catalana de Protocol i Relacions Institucionals","potentialAction":[{"@type":"SearchAction","target":{"@type":"EntryPoint","urlTemplate":"https:\/\/acpri.cat\/es\/?s={search_term_string}"},"query-input":{"@type":"PropertyValueSpecification","valueRequired":true,"valueName":"search_term_string"}}],"inLanguage":"es"}]}},"_links":{"self":[{"href":"https:\/\/acpri.cat\/es\/wp-json\/wp\/v2\/pages\/21186","targetHints":{"allow":["GET"]}}],"collection":[{"href":"https:\/\/acpri.cat\/es\/wp-json\/wp\/v2\/pages"}],"about":[{"href":"https:\/\/acpri.cat\/es\/wp-json\/wp\/v2\/types\/page"}],"author":[{"embeddable":true,"href":"https:\/\/acpri.cat\/es\/wp-json\/wp\/v2\/users\/1"}],"replies":[{"embeddable":true,"href":"https:\/\/acpri.cat\/es\/wp-json\/wp\/v2\/comments?post=21186"}],"version-history":[{"count":2,"href":"https:\/\/acpri.cat\/es\/wp-json\/wp\/v2\/pages\/21186\/revisions"}],"predecessor-version":[{"id":21397,"href":"https:\/\/acpri.cat\/es\/wp-json\/wp\/v2\/pages\/21186\/revisions\/21397"}],"wp:attachment":[{"href":"https:\/\/acpri.cat\/es\/wp-json\/wp\/v2\/media?parent=21186"}],"curies":[{"name":"wp","href":"https:\/\/api.w.org\/{rel}","templated":true}]}}