{"id":21181,"date":"2021-03-16T11:57:31","date_gmt":"2021-03-16T10:57:31","guid":{"rendered":"https:\/\/acpri.cat\/?page_id=21181"},"modified":"2021-07-23T12:49:18","modified_gmt":"2021-07-23T10:49:18","slug":"comision-de-gobiernos-locales","status":"publish","type":"page","link":"https:\/\/acpri.cat\/es\/lineas-de-trabajo\/comision-de-gobiernos-locales\/","title":{"rendered":"Comisi\u00f3n de Gobiernos Locales"},"content":{"rendered":"\t\t<div data-elementor-type=\"wp-page\" data-elementor-id=\"21181\" class=\"elementor elementor-21181 elementor-16647\" data-elementor-post-type=\"page\">\n\t\t\t\t\t\t<section class=\"elementor-section elementor-top-section elementor-element elementor-element-20ed5c94 elementor-section-boxed elementor-section-height-default elementor-section-height-default\" data-id=\"20ed5c94\" data-element_type=\"section\" data-e-type=\"section\">\n\t\t\t\t\t\t<div class=\"elementor-container elementor-column-gap-no\">\n\t\t\t\t\t<div class=\"elementor-column elementor-col-100 elementor-top-column elementor-element elementor-element-571b912f\" data-id=\"571b912f\" data-element_type=\"column\" data-e-type=\"column\">\n\t\t\t<div class=\"elementor-widget-wrap elementor-element-populated\">\n\t\t\t\t\t\t<div class=\"elementor-element elementor-element-55d70958 elementor-widget elementor-widget-text-editor\" data-id=\"55d70958\" data-element_type=\"widget\" data-e-type=\"widget\" data-widget_type=\"text-editor.default\">\n\t\t\t\t<div class=\"elementor-widget-container\">\n\t\t\t\t\t\t\t\t\t<p>La\u00a0Comisi\u00f3n de Gobiernos Locales\u00a0es una iniciativa que surge, a trav\u00e9s de la Asociaci\u00f3n Catalana de Protocolo y Relaciones Institucionales (ACPRI), con el objetivo de impulsar un espacio de relaci\u00f3n y de intercambio de experiencias y conocimientos entre los profesionales del \u00e1mbito de protocolo y de la organizaci\u00f3n de acontecimientos en el mundo local.<\/p>\n<p><strong>\u00bfQui\u00e9nes somos?<\/strong><\/p>\n<p>Somos personas inquietas que nos dedicamos al apasionante mundo del protocolo, que a menudo nos hemos sentido solas en nuestro d\u00eda a d\u00eda, pero ahora se nos presenta una oportunidad magn\u00edfica para trabajar todas juntas y al servicio de todo el mundo.<\/p>\n<p><strong>\u00bfQu\u00e9 queremos?<\/strong><\/p>\n<p>Queremos dejar de hacer las cosas \u201ccomo se han hecho siempre\u201d y queremos avanzar a poderlas hacer \u201cde cualquier manera\u201d pero con rigor, ilusi\u00f3n, pasi\u00f3n y respeto por todo el mundo y en especial para dar una imagen pr\u00f3xima y moderna de las instituciones que representamos, y de nuestra profesi\u00f3n.<\/p>\n<p><strong>\u00bfA d\u00f3nde vamos?<\/strong><\/p>\n<p>La situaci\u00f3n producida por la pandemia nos provoca muchas incertidumbres. Nos tenemos que adaptar a nuevos tiempos de una manera urgente, r\u00e1pida y necesaria.<\/p>\n<p>De hecho, la adaptaci\u00f3n en el siglo XXI, ya era necesaria antes de todo esto. Y la pandemia nos ha ayudado a encontrar nuevos medios de comunicaci\u00f3n, a pararnos y poder pensar, y a establecer m\u00e1s lazos de comunicaci\u00f3n aunque sean virtuales.<\/p>\n<p>Nuestra intenci\u00f3n era tener una base de datos de personas que hagan tareas de protocolo\u00a0para poder compartir inquietudes y facilitar una informaci\u00f3n fluida y r\u00e1pida de cosas que nos interesan como por ejemplo decretos de luto, normativa protocolaria en general, que a veces llega tarde.<\/p>\n<p>Conseguido este objetivo con m\u00e1s de 160 personas apuntadas de todo Catalunya, hemos trabajado en el segundo objetivo, tener un espacio virtual para compartir actas que hacemos en nuestro d\u00eda a d\u00eda, y preparar encuentros virtuales peri\u00f3dicos con temas pr\u00f3ximos y que nos puedan preocupar\u00a0 o interesar (desde poner en com\u00fan como se hacen las tomas de posesi\u00f3n de las diferentes corporaciones municipales, a las visitas de autoridades o actas m\u00e1s propios y caracter\u00edsticos de cada lugar).<\/p>\n<p><strong>\u00bfD\u00f3nde estamos?<\/strong><\/p>\n<p>Y as\u00ed hemos iniciado nuestras acciones a trav\u00e9s de tres plataformas:<\/p>\n<ul>\n<li>Correo electr\u00f3nico (governslocals.acpri@gmail.com) para enviaros de forma inmediata, normativa y recomendaciones referentes a temas protocolarios o que puedan afectar nuestra profesi\u00f3n, y plantear dudas e inquietudes.<\/li>\n<li>Grupo de WhatsApp informativo<\/li>\n<li>Primeras experiencias ACPRI del mundo local. Este espacio pretende ser un encuentro para compartir el desarrollo de los diferentes actas de nuestro d\u00eda a d\u00eda y conocer diferentes experiencias de c\u00f3mo son organizados en diferentes municipios y espacios espaciales que esperamos que sean de vuestro inter\u00e9s.<\/li>\n<\/ul>\n<p>El primer encuentro con casi 90 personas inscritas y con una participaci\u00f3n final de m\u00e1s de 60 personas, se llev\u00f3 a cabo el pasado lunes 11 de enero a las 5 de la tarde con la presentaci\u00f3n de la comisi\u00f3n y con el t\u00edtulo \u201cLas visitas de un alto cargo a la sede de la instituci\u00f3n\u201d.<\/p>\n<p>Esperamos que estas acciones hagan m\u00e1s grande nuestro proyecto y formemos un buen equipo de profesionales del mundo del protocolo, para que nuestra tarea se vea acompa\u00f1ada y apoyada desde todos los rincones de Catalunya.<\/p>\n<p>Si est\u00e1is interesados o interesadas a formar parte de este proyecto, no dudes en ponerte en contacto con nosotros a trav\u00e9s del correo electr\u00f3nico <a href=\"mailto:governslocals_acpri@gmail.com\">governslocals_acpri@gmail.com<\/a><\/p>\n\t\t\t\t\t\t\t\t<\/div>\n\t\t\t\t<\/div>\n\t\t\t\t\t<\/div>\n\t\t<\/div>\n\t\t\t\t\t<\/div>\n\t\t<\/section>\n\t\t\t\t<\/div>\n\t\t","protected":false},"excerpt":{"rendered":"<p>La\u00a0Comisi\u00f3n de Gobiernos Locales\u00a0es una iniciativa que surge, a trav\u00e9s de la Asociaci\u00f3n Catalana de Protocolo y Relaciones Institucionales (ACPRI), con el objetivo de impulsar un espacio de relaci\u00f3n y [&hellip;]<\/p>\n","protected":false},"author":1,"featured_media":0,"parent":21171,"menu_order":0,"comment_status":"closed","ping_status":"closed","template":"fullwidth.php","meta":{"_acf_changed":false,"_bbp_topic_count":0,"_bbp_reply_count":0,"_bbp_total_topic_count":0,"_bbp_total_reply_count":0,"_bbp_voice_count":0,"_bbp_anonymous_reply_count":0,"_bbp_topic_count_hidden":0,"_bbp_reply_count_hidden":0,"_bbp_forum_subforum_count":0,"_coblocks_attr":"","_coblocks_dimensions":"","_coblocks_responsive_height":"","_coblocks_accordion_ie_support":"","_EventAllDay":false,"_EventTimezone":"","_EventStartDate":"","_EventEndDate":"","_EventStartDateUTC":"","_EventEndDateUTC":"","_EventShowMap":false,"_EventShowMapLink":false,"_EventURL":"","_EventCost":"","_EventCostDescription":"","_EventCurrencySymbol":"","_EventCurrencyCode":"","_EventCurrencyPosition":"","_EventDateTimeSeparator":"","_EventTimeRangeSeparator":"","_EventOrganizerID":[],"_EventVenueID":[],"_OrganizerEmail":"","_OrganizerPhone":"","_OrganizerWebsite":"","_VenueAddress":"","_VenueCity":"","_VenueCountry":"","_VenueProvince":"","_VenueState":"","_VenueZip":"","_VenuePhone":"","_VenueURL":"","_VenueStateProvince":"","_VenueLat":"","_VenueLng":"","_VenueShowMap":false,"_VenueShowMapLink":false,"footnotes":""},"class_list":["post-21181","page","type-page","status-publish","hentry"],"acf":[],"featured_image_urls_v2":{"full":"","thumbnail":"","medium":"","medium_large":"","large":"","1536x1536":"","2048x2048":""},"post_excerpt_stackable_v2":"<p>La\u00a0Comisi\u00f3n de Gobiernos Locales\u00a0es una iniciativa que surge, a trav\u00e9s de la Asociaci\u00f3n Catalana de Protocolo y Relaciones Institucionales (ACPRI), con el objetivo de impulsar un espacio de relaci\u00f3n y de intercambio de experiencias y conocimientos entre los profesionales del \u00e1mbito de protocolo y de la organizaci\u00f3n de acontecimientos en el mundo local. \u00bfQui\u00e9nes somos? Somos personas inquietas que nos dedicamos al apasionante mundo del protocolo, que a menudo nos hemos sentido solas en nuestro d\u00eda a d\u00eda, pero ahora se nos presenta una oportunidad magn\u00edfica para trabajar todas juntas y al servicio de todo el mundo. \u00bfQu\u00e9 queremos? Queremos&hellip;<\/p>\n","category_list_v2":"","author_info_v2":{"name":"Lifetime Ignasi Media","url":"https:\/\/acpri.cat\/es\/author\/lifetimemedia\/"},"comments_num_v2":"0 comentarios","yoast_head":"<!-- This site is optimized with the Yoast SEO plugin v27.3 - https:\/\/yoast.com\/product\/yoast-seo-wordpress\/ -->\n<title>Comisi\u00f3n de Gobiernos Locales &#171; ACPRI<\/title>\n<meta name=\"robots\" content=\"index, follow, max-snippet:-1, max-image-preview:large, max-video-preview:-1\" \/>\n<link rel=\"canonical\" href=\"https:\/\/acpri.cat\/es\/lineas-de-trabajo\/comision-de-gobiernos-locales\/\" \/>\n<meta property=\"og:locale\" content=\"es_ES\" \/>\n<meta property=\"og:type\" content=\"article\" \/>\n<meta property=\"og:title\" content=\"Comisi\u00f3n de Gobiernos Locales &#171; ACPRI\" \/>\n<meta property=\"og:description\" content=\"La\u00a0Comisi\u00f3n de Gobiernos Locales\u00a0es una iniciativa que surge, a trav\u00e9s de la Asociaci\u00f3n Catalana de Protocolo y Relaciones Institucionales (ACPRI), con el objetivo de impulsar un espacio de relaci\u00f3n y [&hellip;]\" \/>\n<meta property=\"og:url\" content=\"https:\/\/acpri.cat\/es\/lineas-de-trabajo\/comision-de-gobiernos-locales\/\" \/>\n<meta property=\"og:site_name\" content=\"ACPRI\" \/>\n<meta property=\"article:modified_time\" content=\"2021-07-23T10:49:18+00:00\" \/>\n<meta name=\"twitter:card\" content=\"summary_large_image\" \/>\n<meta name=\"twitter:label1\" content=\"Tiempo de lectura\" \/>\n\t<meta name=\"twitter:data1\" content=\"3 minutos\" \/>\n<script type=\"application\/ld+json\" class=\"yoast-schema-graph\">{\"@context\":\"https:\\\/\\\/schema.org\",\"@graph\":[{\"@type\":\"WebPage\",\"@id\":\"https:\\\/\\\/acpri.cat\\\/es\\\/lineas-de-trabajo\\\/comision-de-gobiernos-locales\\\/\",\"url\":\"https:\\\/\\\/acpri.cat\\\/es\\\/lineas-de-trabajo\\\/comision-de-gobiernos-locales\\\/\",\"name\":\"Comisi\u00f3n de Gobiernos Locales &#171; ACPRI\",\"isPartOf\":{\"@id\":\"https:\\\/\\\/acpri.cat\\\/es\\\/#website\"},\"datePublished\":\"2021-03-16T10:57:31+00:00\",\"dateModified\":\"2021-07-23T10:49:18+00:00\",\"breadcrumb\":{\"@id\":\"https:\\\/\\\/acpri.cat\\\/es\\\/lineas-de-trabajo\\\/comision-de-gobiernos-locales\\\/#breadcrumb\"},\"inLanguage\":\"es\",\"potentialAction\":[{\"@type\":\"ReadAction\",\"target\":[\"https:\\\/\\\/acpri.cat\\\/es\\\/lineas-de-trabajo\\\/comision-de-gobiernos-locales\\\/\"]}]},{\"@type\":\"BreadcrumbList\",\"@id\":\"https:\\\/\\\/acpri.cat\\\/es\\\/lineas-de-trabajo\\\/comision-de-gobiernos-locales\\\/#breadcrumb\",\"itemListElement\":[{\"@type\":\"ListItem\",\"position\":1,\"name\":\"Inici\",\"item\":\"https:\\\/\\\/acpri.cat\\\/es\\\/\"},{\"@type\":\"ListItem\",\"position\":2,\"name\":\"L\u00edneas de trabajo\",\"item\":\"https:\\\/\\\/acpri.cat\\\/es\\\/lineas-de-trabajo\\\/\"},{\"@type\":\"ListItem\",\"position\":3,\"name\":\"Comisi\u00f3n de Gobiernos Locales\"}]},{\"@type\":\"WebSite\",\"@id\":\"https:\\\/\\\/acpri.cat\\\/es\\\/#website\",\"url\":\"https:\\\/\\\/acpri.cat\\\/es\\\/\",\"name\":\"ACPRI\",\"description\":\"Associaci\u00f3 Catalana de Protocol i Relacions Institucionals\",\"potentialAction\":[{\"@type\":\"SearchAction\",\"target\":{\"@type\":\"EntryPoint\",\"urlTemplate\":\"https:\\\/\\\/acpri.cat\\\/es\\\/?s={search_term_string}\"},\"query-input\":{\"@type\":\"PropertyValueSpecification\",\"valueRequired\":true,\"valueName\":\"search_term_string\"}}],\"inLanguage\":\"es\"}]}<\/script>\n<!-- \/ Yoast SEO plugin. -->","yoast_head_json":{"title":"Comisi\u00f3n de Gobiernos Locales &#171; ACPRI","robots":{"index":"index","follow":"follow","max-snippet":"max-snippet:-1","max-image-preview":"max-image-preview:large","max-video-preview":"max-video-preview:-1"},"canonical":"https:\/\/acpri.cat\/es\/lineas-de-trabajo\/comision-de-gobiernos-locales\/","og_locale":"es_ES","og_type":"article","og_title":"Comisi\u00f3n de Gobiernos Locales &#171; ACPRI","og_description":"La\u00a0Comisi\u00f3n de Gobiernos Locales\u00a0es una iniciativa que surge, a trav\u00e9s de la Asociaci\u00f3n Catalana de Protocolo y Relaciones Institucionales (ACPRI), con el objetivo de impulsar un espacio de relaci\u00f3n y [&hellip;]","og_url":"https:\/\/acpri.cat\/es\/lineas-de-trabajo\/comision-de-gobiernos-locales\/","og_site_name":"ACPRI","article_modified_time":"2021-07-23T10:49:18+00:00","twitter_card":"summary_large_image","twitter_misc":{"Tiempo de lectura":"3 minutos"},"schema":{"@context":"https:\/\/schema.org","@graph":[{"@type":"WebPage","@id":"https:\/\/acpri.cat\/es\/lineas-de-trabajo\/comision-de-gobiernos-locales\/","url":"https:\/\/acpri.cat\/es\/lineas-de-trabajo\/comision-de-gobiernos-locales\/","name":"Comisi\u00f3n de Gobiernos Locales &#171; ACPRI","isPartOf":{"@id":"https:\/\/acpri.cat\/es\/#website"},"datePublished":"2021-03-16T10:57:31+00:00","dateModified":"2021-07-23T10:49:18+00:00","breadcrumb":{"@id":"https:\/\/acpri.cat\/es\/lineas-de-trabajo\/comision-de-gobiernos-locales\/#breadcrumb"},"inLanguage":"es","potentialAction":[{"@type":"ReadAction","target":["https:\/\/acpri.cat\/es\/lineas-de-trabajo\/comision-de-gobiernos-locales\/"]}]},{"@type":"BreadcrumbList","@id":"https:\/\/acpri.cat\/es\/lineas-de-trabajo\/comision-de-gobiernos-locales\/#breadcrumb","itemListElement":[{"@type":"ListItem","position":1,"name":"Inici","item":"https:\/\/acpri.cat\/es\/"},{"@type":"ListItem","position":2,"name":"L\u00edneas de trabajo","item":"https:\/\/acpri.cat\/es\/lineas-de-trabajo\/"},{"@type":"ListItem","position":3,"name":"Comisi\u00f3n de Gobiernos Locales"}]},{"@type":"WebSite","@id":"https:\/\/acpri.cat\/es\/#website","url":"https:\/\/acpri.cat\/es\/","name":"ACPRI","description":"Associaci\u00f3 Catalana de Protocol i Relacions Institucionals","potentialAction":[{"@type":"SearchAction","target":{"@type":"EntryPoint","urlTemplate":"https:\/\/acpri.cat\/es\/?s={search_term_string}"},"query-input":{"@type":"PropertyValueSpecification","valueRequired":true,"valueName":"search_term_string"}}],"inLanguage":"es"}]}},"_links":{"self":[{"href":"https:\/\/acpri.cat\/es\/wp-json\/wp\/v2\/pages\/21181","targetHints":{"allow":["GET"]}}],"collection":[{"href":"https:\/\/acpri.cat\/es\/wp-json\/wp\/v2\/pages"}],"about":[{"href":"https:\/\/acpri.cat\/es\/wp-json\/wp\/v2\/types\/page"}],"author":[{"embeddable":true,"href":"https:\/\/acpri.cat\/es\/wp-json\/wp\/v2\/users\/1"}],"replies":[{"embeddable":true,"href":"https:\/\/acpri.cat\/es\/wp-json\/wp\/v2\/comments?post=21181"}],"version-history":[{"count":5,"href":"https:\/\/acpri.cat\/es\/wp-json\/wp\/v2\/pages\/21181\/revisions"}],"predecessor-version":[{"id":21396,"href":"https:\/\/acpri.cat\/es\/wp-json\/wp\/v2\/pages\/21181\/revisions\/21396"}],"up":[{"embeddable":true,"href":"https:\/\/acpri.cat\/es\/wp-json\/wp\/v2\/pages\/21171"}],"wp:attachment":[{"href":"https:\/\/acpri.cat\/es\/wp-json\/wp\/v2\/media?parent=21181"}],"curies":[{"name":"wp","href":"https:\/\/api.w.org\/{rel}","templated":true}]}}