{"id":21167,"date":"2018-12-19T11:32:38","date_gmt":"2018-12-19T10:32:38","guid":{"rendered":"https:\/\/acpri.cat\/?page_id=21167"},"modified":"2024-06-03T17:12:45","modified_gmt":"2024-06-03T15:12:45","slug":"premios-acpri-2018","status":"publish","type":"page","link":"https:\/\/acpri.cat\/es\/la-nit\/premios-acpri-2018\/","title":{"rendered":"Premios ACPRI 2018"},"content":{"rendered":"\n<p><strong>Los Premios Nacionales de Protocolo y Relaciones Institucionales 2018 se libraron durante el transcurso de la NOCHE de la ACPRI<\/strong><\/p>\n\n\n\n<p><strong>La Antigua F\u00e1brica Cervezas Damm en Barcelona fue la sede escogida para la entrega de los galardones de la d\u00e9cima edici\u00f3n de los Premios Nacionales de Protocolo y Relaciones Institucionales 2018 que se otorgaron al Mobile World Capital, a Josep Canadell Armengol y al Festival Internacional de Cine Fant\u00e1stico de Sitges.<\/strong><\/p>\n\n\n\n<p>En un nuevo formato impulsado por la Junta de Gobierno del ACPRI coincidiendo con la entrega de los d\u00e9cimos Premios ACPRI as\u00ed como a colof\u00f3n de los actos del d\u00e9cimo cumplea\u00f1os de la Asociaci\u00f3n, cerca de 150 personas se dieron cita en la Antigua F\u00e1brica Estrella Damm para poder asistir a esta gala que anualmente se organiza coincidiendo con el cumplea\u00f1os de la fundaci\u00f3n de la Asociaci\u00f3n.<\/p>\n\n\n\n<p>El acto, conducido por el actor M\u00e0rius Hern\u00e0ndez, cont\u00f3 con la bienvenida a los nuevos asociados desde la \u00faltima NOCHE a quien se los libr\u00f3 el Diploma de pertenencia a la Asociaci\u00f3n as\u00ed como al carn\u00e9 del&nbsp;ACPRI.\r\nA continuaci\u00f3n quien fue primera secretaria de los Premios&nbsp;ACPRI, Susana&nbsp;Cucurella, ley\u00f3 el acta en sustituci\u00f3n del secretario de la presente edici\u00f3n, Josep Pujol, al encontrarse de baja por enfermedad. Los Premios de esta edici\u00f3n han reca\u00eddo:\r\n\r\n&#8211;&nbsp;Mobile&nbsp;World&nbsp;Capital, premio a empresa\/instituci\u00f3n- Josep&nbsp;Canadell&nbsp;y Armengol, premio a la trayectoria, persona f\u00edsica\r\n\r\n&#8211; Festival Internacional de Cine Fant\u00e1stico de Sitges, premio a la Acci\u00f3n Internacional\r\n\r\nEste \u00faltimo galard\u00f3n ha sido el primero que se otorga en los Premios puesto que se ha instaurado precisamente por la celebraci\u00f3n del d\u00e9cimo cumplea\u00f1os. En esta edici\u00f3n tambi\u00e9n se hab\u00eda instaurado la Menci\u00f3n a la Innovaci\u00f3n, la cual qued\u00f3 desierta.<\/p>\n\n\n\n<p>En esta edici\u00f3n contamos con la presencia del Ilmo. Sr. Josep Poblet, presidente de la Diputaci\u00f3n de Tarragona, quien quiso rendir un homenaje particular en su Jefe de Protocolo, galardonado, Josep Canadell.<\/p>\n\n\n\n<p>Al acabar las entregas se procedi\u00f3 a los sorteos de diferentes entradas a espect\u00e1culos gracias a los socios corporativos Abertis y Estrella Damm.<\/p>\n\n\n\n<p>La velada finaliz\u00f3 con una cena relacional servida a la terraza de la Antigua F\u00e1brica.<\/p>\n\n\n\n<hr class=\"wp-block-separator has-css-opacity\"\/>\n\n\n\n<h3 class=\"wp-block-heading has-text-align-center\">Premiados<\/h3>\n\n\n\n<hr class=\"wp-block-separator has-css-opacity\"\/>\n\n\n\n<div class=\"wp-block-ugb-icon-list ugb-icon-list ugb-icon-list-wrapper ugb-e7f5092 ugb-icon-list--v2 ugb-main-block\"><style>.ugb-e7f5092 li::before{background-image:url('data:image\/svg+xml;base64,PHN2ZyB4bWxucz0iaHR0cDovL3d3dy53My5vcmcvMjAwMC9zdmciIHZpZXdCb3g9IjAgMCAxOTAgMTkwIiBzdHlsZT0iZmlsbDogI2NmMmUyZSAhaW1wb3J0YW50OyBjb2xvcjogI2NmMmUyZSAhaW1wb3J0YW50Ij48cGF0aCBkPSJNOTUuNCA2LjNsMjkuMiA1OCA2NC4yIDkuOS00Ni4yIDQ1LjcgMTAuNSA2NC4xLTU3LjctMjkuOEwzNy42IDE4NGwxMC41LTY0LjFMMiA3NC4ybDY0LjItOS45eiIgZmlsbD0iI2NmMmUyZSIgc3Ryb2tlPSIjY2YyZTJlIiBzdHlsZT0iZmlsbDogcmdiKDIwNywgNDYsIDQ2KTsgc3Ryb2tlOiByZ2IoMjA3LCA0NiwgNDYpOyIvPjwvc3ZnPg==')}.ugb-e7f5092.ugb-icon-list ul{columns:2}<\/style><div class=\"ugb-inner-block\"><div class=\"ugb-block-content\"><ul><li><strong>Mobile World Capital<\/strong>\r\n<em>Premio a empresa \/ instituci\u00f3n<\/em><\/li><\/ul><\/div><\/div><\/div>\n\n\n\n<div class=\"wp-block-ugb-icon-list ugb-icon-list ugb-icon-list-wrapper ugb-1538a38 ugb-icon-list--v2 ugb-main-block\"><style>.ugb-1538a38 li::before{background-image:url('data:image\/svg+xml;base64,PHN2ZyB4bWxucz0iaHR0cDovL3d3dy53My5vcmcvMjAwMC9zdmciIHZpZXdCb3g9IjAgMCAxOTAgMTkwIiBzdHlsZT0iZmlsbDogI2NmMmUyZSAhaW1wb3J0YW50OyBjb2xvcjogI2NmMmUyZSAhaW1wb3J0YW50Ij48cGF0aCBkPSJNOTUuNCA2LjNsMjkuMiA1OCA2NC4yIDkuOS00Ni4yIDQ1LjcgMTAuNSA2NC4xLTU3LjctMjkuOEwzNy42IDE4NGwxMC41LTY0LjFMMiA3NC4ybDY0LjItOS45eiIgZmlsbD0iI2NmMmUyZSIgc3Ryb2tlPSIjY2YyZTJlIiBzdHlsZT0iZmlsbDogcmdiKDIwNywgNDYsIDQ2KTsgc3Ryb2tlOiByZ2IoMjA3LCA0NiwgNDYpOyIvPjwvc3ZnPg==')}.ugb-1538a38.ugb-icon-list ul{columns:2}<\/style><div class=\"ugb-inner-block\"><div class=\"ugb-block-content\"><ul><li><strong>Josep Canadell i Armengol<\/strong>\r\n<em>Premio a la trayectoria, persona f\u00edsica<\/em><\/li><\/ul><\/div><\/div><\/div>\n\n\n\n<div class=\"wp-block-ugb-icon-list ugb-icon-list ugb-icon-list-wrapper ugb-7e2e859 ugb-icon-list--v2 ugb-main-block\"><style>.ugb-7e2e859 li::before{background-image:url('data:image\/svg+xml;base64,PHN2ZyB4bWxucz0iaHR0cDovL3d3dy53My5vcmcvMjAwMC9zdmciIHZpZXdCb3g9IjAgMCAxOTAgMTkwIiBzdHlsZT0iZmlsbDogI2NmMmUyZSAhaW1wb3J0YW50OyBjb2xvcjogI2NmMmUyZSAhaW1wb3J0YW50Ij48cGF0aCBkPSJNOTUuNCA2LjNsMjkuMiA1OCA2NC4yIDkuOS00Ni4yIDQ1LjcgMTAuNSA2NC4xLTU3LjctMjkuOEwzNy42IDE4NGwxMC41LTY0LjFMMiA3NC4ybDY0LjItOS45eiIgZmlsbD0iI2NmMmUyZSIgc3Ryb2tlPSIjY2YyZTJlIiBzdHlsZT0iZmlsbDogcmdiKDIwNywgNDYsIDQ2KTsgc3Ryb2tlOiByZ2IoMjA3LCA0NiwgNDYpOyIvPjwvc3ZnPg==')}.ugb-7e2e859.ugb-icon-list ul{columns:2}<\/style><div class=\"ugb-inner-block\"><div class=\"ugb-block-content\"><ul><li><strong>Festival Internacional de Cinema Fant\u00e0stic de Sitges<\/strong>\r\n<em>Premio a la Acci\u00f3n Internacional<\/em><\/li><\/ul><\/div><\/div><\/div>\n\n\n<a class=\"boto-acpri\" href=\"https:\/\/www.flickr.com\/photos\/acpri\/albums\/72157696772745490 \" S\u00ed target=\"_blank\" style=\" display: block; border: 1px solid #a51f21; padding: 2rem; font-size: 1.5rem; color: #a51f21; width: 100%; margin-bottom: 1rem; text-decoration: none; background-image: url(\/wp-content\/uploads\/2018\/07\/acpri-anagrama.png); background-position: right center; background-repeat: no-repeat;\">\n  Galer\u00eda fotogr\u00e1fica<\/a>\n\n\n<a class=\"boto-acpri\" href=\"https:\/\/acpri.cat\/wp-content\/uploads\/2024\/06\/acta-jurat-premis-acpri-2018-catdoc.pdf\" S\u00ed target=\"_blank\" style=\" display: block; border: 1px solid #a51f21; padding: 2rem; font-size: 1.5rem; color: #a51f21; width: 100%; margin-bottom: 1rem; text-decoration: none; background-image: url(\/wp-content\/uploads\/2018\/07\/acpri-anagrama.png); background-position: right center; background-repeat: no-repeat;\">\n  Acta del Jurado<\/a>\n","protected":false},"excerpt":{"rendered":"<p>Los Premios Nacionales de Protocolo y Relaciones Institucionales 2018 se libraron durante el transcurso de la NOCHE de la ACPRI La Antigua F\u00e1brica Cervezas Damm en Barcelona fue la sede [&hellip;]<\/p>\n","protected":false},"author":1,"featured_media":0,"parent":21163,"menu_order":0,"comment_status":"closed","ping_status":"closed","template":"","meta":{"_acf_changed":false,"_bbp_topic_count":0,"_bbp_reply_count":0,"_bbp_total_topic_count":0,"_bbp_total_reply_count":0,"_bbp_voice_count":0,"_bbp_anonymous_reply_count":0,"_bbp_topic_count_hidden":0,"_bbp_reply_count_hidden":0,"_bbp_forum_subforum_count":0,"_coblocks_attr":"","_coblocks_dimensions":"","_coblocks_responsive_height":"","_coblocks_accordion_ie_support":"","_EventAllDay":false,"_EventTimezone":"","_EventStartDate":"","_EventEndDate":"","_EventStartDateUTC":"","_EventEndDateUTC":"","_EventShowMap":false,"_EventShowMapLink":false,"_EventURL":"","_EventCost":"","_EventCostDescription":"","_EventCurrencySymbol":"","_EventCurrencyCode":"","_EventCurrencyPosition":"","_EventDateTimeSeparator":"","_EventTimeRangeSeparator":"","_EventOrganizerID":[],"_EventVenueID":[],"_OrganizerEmail":"","_OrganizerPhone":"","_OrganizerWebsite":"","_VenueAddress":"","_VenueCity":"","_VenueCountry":"","_VenueProvince":"","_VenueState":"","_VenueZip":"","_VenuePhone":"","_VenueURL":"","_VenueStateProvince":"","_VenueLat":"","_VenueLng":"","_VenueShowMap":false,"_VenueShowMapLink":false,"footnotes":""},"class_list":["post-21167","page","type-page","status-publish","hentry"],"acf":[],"featured_image_urls_v2":{"full":"","thumbnail":"","medium":"","medium_large":"","large":"","1536x1536":"","2048x2048":""},"post_excerpt_stackable_v2":"<p>Los Premios Nacionales de Protocolo y Relaciones Institucionales 2018 se libraron durante el transcurso de la NOCHE de la ACPRI La Antigua F\u00e1brica Cervezas Damm en Barcelona fue la sede escogida para la entrega de los galardones de la d\u00e9cima edici\u00f3n de los Premios Nacionales de Protocolo y Relaciones Institucionales 2018 que se otorgaron al Mobile World Capital, a Josep Canadell Armengol y al Festival Internacional de Cine Fant\u00e1stico de Sitges. En un nuevo formato impulsado por la Junta de Gobierno del ACPRI coincidiendo con la entrega de los d\u00e9cimos Premios ACPRI as\u00ed como a colof\u00f3n de los actos del&hellip;<\/p>\n","category_list_v2":"","author_info_v2":{"name":"Lifetime Ignasi Media","url":"https:\/\/acpri.cat\/es\/author\/lifetimemedia\/"},"comments_num_v2":"0 comentarios","yoast_head":"<!-- This site is optimized with the Yoast SEO plugin v27.3 - https:\/\/yoast.com\/product\/yoast-seo-wordpress\/ -->\n<title>Premios ACPRI 2018 &#171; ACPRI<\/title>\n<meta name=\"robots\" content=\"index, follow, max-snippet:-1, max-image-preview:large, max-video-preview:-1\" \/>\n<link rel=\"canonical\" href=\"https:\/\/acpri.cat\/es\/la-nit\/premios-acpri-2018\/\" \/>\n<meta property=\"og:locale\" content=\"es_ES\" \/>\n<meta property=\"og:type\" content=\"article\" \/>\n<meta property=\"og:title\" content=\"Premios ACPRI 2018 &#171; ACPRI\" \/>\n<meta property=\"og:description\" content=\"Los Premios Nacionales de Protocolo y Relaciones Institucionales 2018 se libraron durante el transcurso de la NOCHE de la ACPRI La Antigua F\u00e1brica Cervezas Damm en Barcelona fue la sede [&hellip;]\" \/>\n<meta property=\"og:url\" content=\"https:\/\/acpri.cat\/es\/la-nit\/premios-acpri-2018\/\" \/>\n<meta property=\"og:site_name\" content=\"ACPRI\" \/>\n<meta property=\"article:modified_time\" content=\"2024-06-03T15:12:45+00:00\" \/>\n<meta name=\"twitter:card\" content=\"summary_large_image\" \/>\n<meta name=\"twitter:label1\" content=\"Tiempo de lectura\" \/>\n\t<meta name=\"twitter:data1\" content=\"3 minutos\" \/>\n<script type=\"application\/ld+json\" class=\"yoast-schema-graph\">{\"@context\":\"https:\\\/\\\/schema.org\",\"@graph\":[{\"@type\":\"WebPage\",\"@id\":\"https:\\\/\\\/acpri.cat\\\/es\\\/la-nit\\\/premios-acpri-2018\\\/\",\"url\":\"https:\\\/\\\/acpri.cat\\\/es\\\/la-nit\\\/premios-acpri-2018\\\/\",\"name\":\"Premios ACPRI 2018 &#171; ACPRI\",\"isPartOf\":{\"@id\":\"https:\\\/\\\/acpri.cat\\\/es\\\/#website\"},\"datePublished\":\"2018-12-19T10:32:38+00:00\",\"dateModified\":\"2024-06-03T15:12:45+00:00\",\"breadcrumb\":{\"@id\":\"https:\\\/\\\/acpri.cat\\\/es\\\/la-nit\\\/premios-acpri-2018\\\/#breadcrumb\"},\"inLanguage\":\"es\",\"potentialAction\":[{\"@type\":\"ReadAction\",\"target\":[\"https:\\\/\\\/acpri.cat\\\/es\\\/la-nit\\\/premios-acpri-2018\\\/\"]}]},{\"@type\":\"BreadcrumbList\",\"@id\":\"https:\\\/\\\/acpri.cat\\\/es\\\/la-nit\\\/premios-acpri-2018\\\/#breadcrumb\",\"itemListElement\":[{\"@type\":\"ListItem\",\"position\":1,\"name\":\"Inici\",\"item\":\"https:\\\/\\\/acpri.cat\\\/es\\\/\"},{\"@type\":\"ListItem\",\"position\":2,\"name\":\"La Nit\",\"item\":\"https:\\\/\\\/acpri.cat\\\/es\\\/la-nit\\\/\"},{\"@type\":\"ListItem\",\"position\":3,\"name\":\"Premios ACPRI 2018\"}]},{\"@type\":\"WebSite\",\"@id\":\"https:\\\/\\\/acpri.cat\\\/es\\\/#website\",\"url\":\"https:\\\/\\\/acpri.cat\\\/es\\\/\",\"name\":\"ACPRI\",\"description\":\"Associaci\u00f3 Catalana de Protocol i Relacions Institucionals\",\"potentialAction\":[{\"@type\":\"SearchAction\",\"target\":{\"@type\":\"EntryPoint\",\"urlTemplate\":\"https:\\\/\\\/acpri.cat\\\/es\\\/?s={search_term_string}\"},\"query-input\":{\"@type\":\"PropertyValueSpecification\",\"valueRequired\":true,\"valueName\":\"search_term_string\"}}],\"inLanguage\":\"es\"}]}<\/script>\n<!-- \/ Yoast SEO plugin. -->","yoast_head_json":{"title":"Premios ACPRI 2018 &#171; ACPRI","robots":{"index":"index","follow":"follow","max-snippet":"max-snippet:-1","max-image-preview":"max-image-preview:large","max-video-preview":"max-video-preview:-1"},"canonical":"https:\/\/acpri.cat\/es\/la-nit\/premios-acpri-2018\/","og_locale":"es_ES","og_type":"article","og_title":"Premios ACPRI 2018 &#171; ACPRI","og_description":"Los Premios Nacionales de Protocolo y Relaciones Institucionales 2018 se libraron durante el transcurso de la NOCHE de la ACPRI La Antigua F\u00e1brica Cervezas Damm en Barcelona fue la sede [&hellip;]","og_url":"https:\/\/acpri.cat\/es\/la-nit\/premios-acpri-2018\/","og_site_name":"ACPRI","article_modified_time":"2024-06-03T15:12:45+00:00","twitter_card":"summary_large_image","twitter_misc":{"Tiempo de lectura":"3 minutos"},"schema":{"@context":"https:\/\/schema.org","@graph":[{"@type":"WebPage","@id":"https:\/\/acpri.cat\/es\/la-nit\/premios-acpri-2018\/","url":"https:\/\/acpri.cat\/es\/la-nit\/premios-acpri-2018\/","name":"Premios ACPRI 2018 &#171; ACPRI","isPartOf":{"@id":"https:\/\/acpri.cat\/es\/#website"},"datePublished":"2018-12-19T10:32:38+00:00","dateModified":"2024-06-03T15:12:45+00:00","breadcrumb":{"@id":"https:\/\/acpri.cat\/es\/la-nit\/premios-acpri-2018\/#breadcrumb"},"inLanguage":"es","potentialAction":[{"@type":"ReadAction","target":["https:\/\/acpri.cat\/es\/la-nit\/premios-acpri-2018\/"]}]},{"@type":"BreadcrumbList","@id":"https:\/\/acpri.cat\/es\/la-nit\/premios-acpri-2018\/#breadcrumb","itemListElement":[{"@type":"ListItem","position":1,"name":"Inici","item":"https:\/\/acpri.cat\/es\/"},{"@type":"ListItem","position":2,"name":"La Nit","item":"https:\/\/acpri.cat\/es\/la-nit\/"},{"@type":"ListItem","position":3,"name":"Premios ACPRI 2018"}]},{"@type":"WebSite","@id":"https:\/\/acpri.cat\/es\/#website","url":"https:\/\/acpri.cat\/es\/","name":"ACPRI","description":"Associaci\u00f3 Catalana de Protocol i Relacions Institucionals","potentialAction":[{"@type":"SearchAction","target":{"@type":"EntryPoint","urlTemplate":"https:\/\/acpri.cat\/es\/?s={search_term_string}"},"query-input":{"@type":"PropertyValueSpecification","valueRequired":true,"valueName":"search_term_string"}}],"inLanguage":"es"}]}},"_links":{"self":[{"href":"https:\/\/acpri.cat\/es\/wp-json\/wp\/v2\/pages\/21167","targetHints":{"allow":["GET"]}}],"collection":[{"href":"https:\/\/acpri.cat\/es\/wp-json\/wp\/v2\/pages"}],"about":[{"href":"https:\/\/acpri.cat\/es\/wp-json\/wp\/v2\/types\/page"}],"author":[{"embeddable":true,"href":"https:\/\/acpri.cat\/es\/wp-json\/wp\/v2\/users\/1"}],"replies":[{"embeddable":true,"href":"https:\/\/acpri.cat\/es\/wp-json\/wp\/v2\/comments?post=21167"}],"version-history":[{"count":5,"href":"https:\/\/acpri.cat\/es\/wp-json\/wp\/v2\/pages\/21167\/revisions"}],"predecessor-version":[{"id":25918,"href":"https:\/\/acpri.cat\/es\/wp-json\/wp\/v2\/pages\/21167\/revisions\/25918"}],"up":[{"embeddable":true,"href":"https:\/\/acpri.cat\/es\/wp-json\/wp\/v2\/pages\/21163"}],"wp:attachment":[{"href":"https:\/\/acpri.cat\/es\/wp-json\/wp\/v2\/media?parent=21167"}],"curies":[{"name":"wp","href":"https:\/\/api.w.org\/{rel}","templated":true}]}}