{"id":21165,"date":"2018-12-19T11:50:37","date_gmt":"2018-12-19T10:50:37","guid":{"rendered":"https:\/\/acpri.cat\/?page_id=21165"},"modified":"2024-05-09T14:21:11","modified_gmt":"2024-05-09T12:21:11","slug":"premios-acpri-2017","status":"publish","type":"page","link":"https:\/\/acpri.cat\/es\/la-nit\/premios-acpri-2017\/","title":{"rendered":"Premios ACPRI 2017"},"content":{"rendered":"\n<p>El martes 11 de julio de 2017, el Jurado de los Premios ACPRI formado por profesionales del mundo del Protocolo y de las Relaciones Institucionales se reuni\u00f3 para otorgar los Premios Nacionales de Protocolo y Relaciones Institucionales que llegan a su novena edici\u00f3n. Valoradas las diferentes propuestas hechas llegar a t\u00edtulo individual se acord\u00f3 qui\u00e9n ser\u00edan los merecedores de optar a esta distinci\u00f3n este 2017 en las dos categor\u00edas que hay: a persona f\u00edsica y a instituci\u00f3n p\u00fablica o privada.<\/p>\n\n\n\n<p>Premio a la categor\u00eda de Entidad P\u00fablica y\/o Privada por organizar un acontecimiento fuera del que es habitual donde tenga una especial significaci\u00f3n, las relaciones institucionales y el protocolo o bien la organizaci\u00f3n del mismo acto con las variaciones o mejoras que convengan en beneficio del acto y del impacto o eco que tenga por la sociedad.<\/p>\n\n\n\n<p>El Jurado ha resuelto otorgar el premio ACPRI 2017 a la Cantada de Habaneras de Calella de Palafrugell.<\/p>\n\n\n\n<p>Con motivo de la celebraci\u00f3n de su 50\u00ba cumplea\u00f1os, convirti\u00e9ndose en todo un s\u00edmbolo que marca el pistoletazo de salida del verano en la Costa Brava.<\/p>\n\n\n\n<p>No siendo tan solo una iniciativa cultural de Catalu\u00f1a, sino que se ha transformado en un fen\u00f3meno de masas que re\u00fane cerca de 30.000 personas en el concierto y numerosas autoridades e invitados a la tradicional recepci\u00f3n previa.<\/p>\n\n\n\n<p>En este sentido el Jurado ha resuelto otorgar el premio ACPRI 2017 al Ilmo. Sr. Carles Cortina Riu.<\/p>\n\n\n\n<p>Carles Cortina Riu tiene el Grado en Protocolo y Organizaci\u00f3n de Acontecimientos por la Universidad Camilo Jos\u00e9 Cela; M\u00e1ster en Protocolo y Ceremonial por la Universidad CEU \u2013 San Pablo de Madrid; M\u00e1ster Universitario en Direcci\u00f3n de Actos Corporativos e Institucionales por el Instituto Superior de Protocolo y Eventos; M\u00e1ster en Direcci\u00f3n de Protocolo, Producci\u00f3n, Organizaci\u00f3n y Dise\u00f1o de Acontecimientos por la UCJC; doctorando en Publicidad y Relaciones P\u00fablicas por la UCJC y leyendo la tesis doctoral el 7 de septiembre de este a\u00f1o.<\/p>\n\n\n\n<p>Ha sido jefe de Relaciones Institucionales de Carbones Pedraforca, S.A.; jefe de Protocolo de los Ayuntamientos de Berga, Avi\u00e0, Olvan, Saldes y Castellar del Riu; jefe de Protocolo del Consejo Comarcal del Bergued\u00e0. En el Ayuntamiento de Saldes, tambi\u00e9n ha estado regidor de Relaciones Institucionales de 1995-2003, y de 1999 2.\u00ba Teniente de Alcalde de 1995 a 2003.<\/p>\n\n\n\n<p>Ha sido miembro del Consejo del Organizaci\u00f3n de Consumidoras y Usuarios (OCU) y, actualmente, es caballero de la Orden Ecuestre del Santo Sepulcre de Jerusal\u00e9n, can\u00f3nigo honorario de la Colegiata del Santo Sepulcre de Calatayud y Conde Palaciego Pontificio del Sacra Palacio de Sant Joan del Later\u00e0 de Roma. Tambi\u00e9n, en septiembre ser\u00e1 investido caballero del Sacro y Militar Orden Constantini\u00e0 de San Jorge. Carles Cortina obtuvo el Premio Nacional de Ceremonial y Protocolo \u201cMarqu\u00e9s de Mond\u00e9jar\u201d y fue distinguido con la Cruz Oficial de la Orden al M\u00e9rito Civil.<\/p>\n\n\n\n<p>Autor de libros de ceremonial y protocolo de la Patum de Berga; de art\u00edculos de revistas internacionales de investigaci\u00f3n sobre el protocolo y redactor de varios reglamentos de protocolo y ceremonial.<\/p>\n\n\n\n<p>Profesor de protocolo en varios cursos y escuelas, y colaborador en diarios como Regi\u00f3n 7 y Catalu\u00f1a Cristiana; emisoras de radio como CatR\u00e0dio y televisi\u00f3n como lo programa Viernes de TV3.<\/p>\n\n\n\n<hr class=\"wp-block-separator has-css-opacity\"\/>\n\n\n\n<h3 class=\"wp-block-heading has-text-align-center\">Premiados<\/h3>\n\n\n\n<hr class=\"wp-block-separator has-css-opacity\"\/>\n\n\n\n<div class=\"wp-block-ugb-icon-list ugb-icon-list ugb-icon-list-wrapper ugb-9db15ff ugb-icon-list--v2 ugb-main-block\"><style>.ugb-9db15ff li::before{background-image:url('data:image\/svg+xml;base64,PHN2ZyB4bWxucz0iaHR0cDovL3d3dy53My5vcmcvMjAwMC9zdmciIHZpZXdCb3g9IjAgMCAxOTAgMTkwIiBzdHlsZT0iZmlsbDogI2NmMmUyZSAhaW1wb3J0YW50OyBjb2xvcjogI2NmMmUyZSAhaW1wb3J0YW50Ij48cGF0aCBkPSJNOTUuNCA2LjNsMjkuMiA1OCA2NC4yIDkuOS00Ni4yIDQ1LjcgMTAuNSA2NC4xLTU3LjctMjkuOEwzNy42IDE4NGwxMC41LTY0LjFMMiA3NC4ybDY0LjItOS45eiIgZmlsbD0iI2NmMmUyZSIgc3Ryb2tlPSIjY2YyZTJlIiBzdHlsZT0iZmlsbDogcmdiKDIwNywgNDYsIDQ2KTsgc3Ryb2tlOiByZ2IoMjA3LCA0NiwgNDYpOyIvPjwvc3ZnPg==')}.ugb-9db15ff.ugb-icon-list ul{columns:2}<\/style><div class=\"ugb-inner-block\"><div class=\"ugb-block-content\"><ul><li><strong>Carles Cortina Riu<\/strong><br><em>Premio a la trayectoria, persona f\u00edsica<\/em><\/li><\/ul><\/div><\/div><\/div>\n\n\n\n<div class=\"wp-block-ugb-icon-list ugb-icon-list ugb-icon-list-wrapper ugb-b173e89 ugb-icon-list--v2 ugb-main-block\"><style>.ugb-b173e89 li::before{background-image:url('data:image\/svg+xml;base64,PHN2ZyB4bWxucz0iaHR0cDovL3d3dy53My5vcmcvMjAwMC9zdmciIHZpZXdCb3g9IjAgMCAxOTAgMTkwIiBzdHlsZT0iZmlsbDogI2NmMmUyZSAhaW1wb3J0YW50OyBjb2xvcjogI2NmMmUyZSAhaW1wb3J0YW50Ij48cGF0aCBkPSJNOTUuNCA2LjNsMjkuMiA1OCA2NC4yIDkuOS00Ni4yIDQ1LjcgMTAuNSA2NC4xLTU3LjctMjkuOEwzNy42IDE4NGwxMC41LTY0LjFMMiA3NC4ybDY0LjItOS45eiIgZmlsbD0iI2NmMmUyZSIgc3Ryb2tlPSIjY2YyZTJlIiBzdHlsZT0iZmlsbDogcmdiKDIwNywgNDYsIDQ2KTsgc3Ryb2tlOiByZ2IoMjA3LCA0NiwgNDYpOyIvPjwvc3ZnPg==')}.ugb-b173e89.ugb-icon-list ul{columns:2}<\/style><div class=\"ugb-inner-block\"><div class=\"ugb-block-content\"><ul><li><strong>Cantada d&#8217;Havaneres de C\u00e1lela de Palafrugell.<\/strong>\n<em><em>Premio a la categor\u00eda de Entidad P\u00fablica y\/o Privada<\/em><\/em><\/li><\/ul><\/div><\/div><\/div>\n\n\n<a class=\"boto-acpri\" href=\"\/wp-content\/uploads\/2018\/12\/acta-del-jurat-dels-premis-nacionals-de-protocol-i-rela.pdf\" S\u00ed target=\"_blank\" style=\" display: block; border: 1px solid #a51f21; padding: 2rem; font-size: 1.5rem; color: #a51f21; width: 100%; margin-bottom: 1rem; text-decoration: none; background-image: url(\/wp-content\/uploads\/2018\/07\/acpri-anagrama.png); background-position: right center; background-repeat: no-repeat;\">\n  Acta del jurado<\/a>\n\n\n<a class=\"boto-acpri\" href=\"https:\/\/www.flickr.com\/photos\/acpri\/albums\/72157688741481064\" S\u00ed target=\"_blank\" style=\" display: block; border: 1px solid #a51f21; padding: 2rem; font-size: 1.5rem; color: #a51f21; width: 100%; margin-bottom: 1rem; text-decoration: none; background-image: url(\/wp-content\/uploads\/2018\/07\/acpri-anagrama.png); background-position: right center; background-repeat: no-repeat;\">\n  Galer\u00eda de fotograf\u00edas<\/a>\n","protected":false},"excerpt":{"rendered":"<p>El martes 11 de julio de 2017, el Jurado de los Premios ACPRI formado por profesionales del mundo del Protocolo y de las Relaciones Institucionales se reuni\u00f3 para otorgar los [&hellip;]<\/p>\n","protected":false},"author":1,"featured_media":0,"parent":21163,"menu_order":0,"comment_status":"closed","ping_status":"closed","template":"","meta":{"_acf_changed":false,"_bbp_topic_count":0,"_bbp_reply_count":0,"_bbp_total_topic_count":0,"_bbp_total_reply_count":0,"_bbp_voice_count":0,"_bbp_anonymous_reply_count":0,"_bbp_topic_count_hidden":0,"_bbp_reply_count_hidden":0,"_bbp_forum_subforum_count":0,"_coblocks_attr":"","_coblocks_dimensions":"","_coblocks_responsive_height":"","_coblocks_accordion_ie_support":"","_EventAllDay":false,"_EventTimezone":"","_EventStartDate":"","_EventEndDate":"","_EventStartDateUTC":"","_EventEndDateUTC":"","_EventShowMap":false,"_EventShowMapLink":false,"_EventURL":"","_EventCost":"","_EventCostDescription":"","_EventCurrencySymbol":"","_EventCurrencyCode":"","_EventCurrencyPosition":"","_EventDateTimeSeparator":"","_EventTimeRangeSeparator":"","_EventOrganizerID":[],"_EventVenueID":[],"_OrganizerEmail":"","_OrganizerPhone":"","_OrganizerWebsite":"","_VenueAddress":"","_VenueCity":"","_VenueCountry":"","_VenueProvince":"","_VenueState":"","_VenueZip":"","_VenuePhone":"","_VenueURL":"","_VenueStateProvince":"","_VenueLat":"","_VenueLng":"","_VenueShowMap":false,"_VenueShowMapLink":false,"footnotes":""},"class_list":["post-21165","page","type-page","status-publish","hentry"],"acf":[],"featured_image_urls_v2":{"full":"","thumbnail":"","medium":"","medium_large":"","large":"","1536x1536":"","2048x2048":""},"post_excerpt_stackable_v2":"<p>El martes 11 de julio de 2017, el Jurado de los Premios ACPRI formado por profesionales del mundo del Protocolo y de las Relaciones Institucionales se reuni\u00f3 para otorgar los Premios Nacionales de Protocolo y Relaciones Institucionales que llegan a su novena edici\u00f3n. Valoradas las diferentes propuestas hechas llegar a t\u00edtulo individual se acord\u00f3 qui\u00e9n ser\u00edan los merecedores de optar a esta distinci\u00f3n este 2017 en las dos categor\u00edas que hay: a persona f\u00edsica y a instituci\u00f3n p\u00fablica o privada. Premio a la categor\u00eda de Entidad P\u00fablica y\/o Privada por organizar un acontecimiento fuera del que es habitual donde tenga&hellip;<\/p>\n","category_list_v2":"","author_info_v2":{"name":"Lifetime Ignasi Media","url":"https:\/\/acpri.cat\/es\/author\/lifetimemedia\/"},"comments_num_v2":"0 comentarios","yoast_head":"<!-- This site is optimized with the Yoast SEO plugin v27.3 - https:\/\/yoast.com\/product\/yoast-seo-wordpress\/ -->\n<title>Premios ACPRI 2017 &#171; ACPRI<\/title>\n<meta name=\"robots\" content=\"index, follow, max-snippet:-1, max-image-preview:large, max-video-preview:-1\" \/>\n<link rel=\"canonical\" href=\"https:\/\/acpri.cat\/es\/la-nit\/premios-acpri-2017\/\" \/>\n<meta property=\"og:locale\" content=\"es_ES\" \/>\n<meta property=\"og:type\" content=\"article\" \/>\n<meta property=\"og:title\" content=\"Premios ACPRI 2017 &#171; ACPRI\" \/>\n<meta property=\"og:description\" content=\"El martes 11 de julio de 2017, el Jurado de los Premios ACPRI formado por profesionales del mundo del Protocolo y de las Relaciones Institucionales se reuni\u00f3 para otorgar los [&hellip;]\" \/>\n<meta property=\"og:url\" content=\"https:\/\/acpri.cat\/es\/la-nit\/premios-acpri-2017\/\" \/>\n<meta property=\"og:site_name\" content=\"ACPRI\" \/>\n<meta property=\"article:modified_time\" content=\"2024-05-09T12:21:11+00:00\" \/>\n<meta name=\"twitter:card\" content=\"summary_large_image\" \/>\n<meta name=\"twitter:label1\" content=\"Tiempo de lectura\" \/>\n\t<meta name=\"twitter:data1\" content=\"3 minutos\" \/>\n<script type=\"application\/ld+json\" class=\"yoast-schema-graph\">{\"@context\":\"https:\\\/\\\/schema.org\",\"@graph\":[{\"@type\":\"WebPage\",\"@id\":\"https:\\\/\\\/acpri.cat\\\/es\\\/la-nit\\\/premios-acpri-2017\\\/\",\"url\":\"https:\\\/\\\/acpri.cat\\\/es\\\/la-nit\\\/premios-acpri-2017\\\/\",\"name\":\"Premios ACPRI 2017 &#171; ACPRI\",\"isPartOf\":{\"@id\":\"https:\\\/\\\/acpri.cat\\\/es\\\/#website\"},\"datePublished\":\"2018-12-19T10:50:37+00:00\",\"dateModified\":\"2024-05-09T12:21:11+00:00\",\"breadcrumb\":{\"@id\":\"https:\\\/\\\/acpri.cat\\\/es\\\/la-nit\\\/premios-acpri-2017\\\/#breadcrumb\"},\"inLanguage\":\"es\",\"potentialAction\":[{\"@type\":\"ReadAction\",\"target\":[\"https:\\\/\\\/acpri.cat\\\/es\\\/la-nit\\\/premios-acpri-2017\\\/\"]}]},{\"@type\":\"BreadcrumbList\",\"@id\":\"https:\\\/\\\/acpri.cat\\\/es\\\/la-nit\\\/premios-acpri-2017\\\/#breadcrumb\",\"itemListElement\":[{\"@type\":\"ListItem\",\"position\":1,\"name\":\"Inici\",\"item\":\"https:\\\/\\\/acpri.cat\\\/es\\\/\"},{\"@type\":\"ListItem\",\"position\":2,\"name\":\"La Nit\",\"item\":\"https:\\\/\\\/acpri.cat\\\/es\\\/la-nit\\\/\"},{\"@type\":\"ListItem\",\"position\":3,\"name\":\"Premios ACPRI 2017\"}]},{\"@type\":\"WebSite\",\"@id\":\"https:\\\/\\\/acpri.cat\\\/es\\\/#website\",\"url\":\"https:\\\/\\\/acpri.cat\\\/es\\\/\",\"name\":\"ACPRI\",\"description\":\"Associaci\u00f3 Catalana de Protocol i Relacions Institucionals\",\"potentialAction\":[{\"@type\":\"SearchAction\",\"target\":{\"@type\":\"EntryPoint\",\"urlTemplate\":\"https:\\\/\\\/acpri.cat\\\/es\\\/?s={search_term_string}\"},\"query-input\":{\"@type\":\"PropertyValueSpecification\",\"valueRequired\":true,\"valueName\":\"search_term_string\"}}],\"inLanguage\":\"es\"}]}<\/script>\n<!-- \/ Yoast SEO plugin. -->","yoast_head_json":{"title":"Premios ACPRI 2017 &#171; ACPRI","robots":{"index":"index","follow":"follow","max-snippet":"max-snippet:-1","max-image-preview":"max-image-preview:large","max-video-preview":"max-video-preview:-1"},"canonical":"https:\/\/acpri.cat\/es\/la-nit\/premios-acpri-2017\/","og_locale":"es_ES","og_type":"article","og_title":"Premios ACPRI 2017 &#171; ACPRI","og_description":"El martes 11 de julio de 2017, el Jurado de los Premios ACPRI formado por profesionales del mundo del Protocolo y de las Relaciones Institucionales se reuni\u00f3 para otorgar los [&hellip;]","og_url":"https:\/\/acpri.cat\/es\/la-nit\/premios-acpri-2017\/","og_site_name":"ACPRI","article_modified_time":"2024-05-09T12:21:11+00:00","twitter_card":"summary_large_image","twitter_misc":{"Tiempo de lectura":"3 minutos"},"schema":{"@context":"https:\/\/schema.org","@graph":[{"@type":"WebPage","@id":"https:\/\/acpri.cat\/es\/la-nit\/premios-acpri-2017\/","url":"https:\/\/acpri.cat\/es\/la-nit\/premios-acpri-2017\/","name":"Premios ACPRI 2017 &#171; ACPRI","isPartOf":{"@id":"https:\/\/acpri.cat\/es\/#website"},"datePublished":"2018-12-19T10:50:37+00:00","dateModified":"2024-05-09T12:21:11+00:00","breadcrumb":{"@id":"https:\/\/acpri.cat\/es\/la-nit\/premios-acpri-2017\/#breadcrumb"},"inLanguage":"es","potentialAction":[{"@type":"ReadAction","target":["https:\/\/acpri.cat\/es\/la-nit\/premios-acpri-2017\/"]}]},{"@type":"BreadcrumbList","@id":"https:\/\/acpri.cat\/es\/la-nit\/premios-acpri-2017\/#breadcrumb","itemListElement":[{"@type":"ListItem","position":1,"name":"Inici","item":"https:\/\/acpri.cat\/es\/"},{"@type":"ListItem","position":2,"name":"La Nit","item":"https:\/\/acpri.cat\/es\/la-nit\/"},{"@type":"ListItem","position":3,"name":"Premios ACPRI 2017"}]},{"@type":"WebSite","@id":"https:\/\/acpri.cat\/es\/#website","url":"https:\/\/acpri.cat\/es\/","name":"ACPRI","description":"Associaci\u00f3 Catalana de Protocol i Relacions Institucionals","potentialAction":[{"@type":"SearchAction","target":{"@type":"EntryPoint","urlTemplate":"https:\/\/acpri.cat\/es\/?s={search_term_string}"},"query-input":{"@type":"PropertyValueSpecification","valueRequired":true,"valueName":"search_term_string"}}],"inLanguage":"es"}]}},"_links":{"self":[{"href":"https:\/\/acpri.cat\/es\/wp-json\/wp\/v2\/pages\/21165","targetHints":{"allow":["GET"]}}],"collection":[{"href":"https:\/\/acpri.cat\/es\/wp-json\/wp\/v2\/pages"}],"about":[{"href":"https:\/\/acpri.cat\/es\/wp-json\/wp\/v2\/types\/page"}],"author":[{"embeddable":true,"href":"https:\/\/acpri.cat\/es\/wp-json\/wp\/v2\/users\/1"}],"replies":[{"embeddable":true,"href":"https:\/\/acpri.cat\/es\/wp-json\/wp\/v2\/comments?post=21165"}],"version-history":[{"count":4,"href":"https:\/\/acpri.cat\/es\/wp-json\/wp\/v2\/pages\/21165\/revisions"}],"predecessor-version":[{"id":25419,"href":"https:\/\/acpri.cat\/es\/wp-json\/wp\/v2\/pages\/21165\/revisions\/25419"}],"up":[{"embeddable":true,"href":"https:\/\/acpri.cat\/es\/wp-json\/wp\/v2\/pages\/21163"}],"wp:attachment":[{"href":"https:\/\/acpri.cat\/es\/wp-json\/wp\/v2\/media?parent=21165"}],"curies":[{"name":"wp","href":"https:\/\/api.w.org\/{rel}","templated":true}]}}