{"id":21163,"date":"2018-07-25T14:14:12","date_gmt":"2018-07-25T12:14:12","guid":{"rendered":"https:\/\/acpri.cat\/?page_id=21163"},"modified":"2026-03-30T13:25:48","modified_gmt":"2026-03-30T11:25:48","slug":"la-nit","status":"publish","type":"page","link":"https:\/\/acpri.cat\/es\/la-nit\/","title":{"rendered":"La Nit"},"content":{"rendered":"<p>Desde la Asociaci\u00f3n y con el \u00e1nimo de contribuir a la profesionalizaci\u00f3n y el prestigio de los profesionales de la organizaci\u00f3n de actas, protocolo, ceremonial y relaciones institucionales, creamos los Premios Nacionales de Protocolo y Relaciones Institucionales en 2009. La entrega de estos Premios se lleva a cabo en la Noche de la ACPRI, d\u00eda que nos encontramos todos los compa\u00f1eros y compa\u00f1eras de profesi\u00f3n para disfrutar plegados de una de las celebraciones m\u00e1s importantes de la ACPRI.<\/p>\n<p>ACPRI convoca los Premios Nacionales de Protocolo y Relaciones Institucionales 2026, en sus modalidades:<\/p>\n<p>\u00b7 Premio a la Persona F\u00edsica<\/p>\n<p>\u00b7 Premio a la Entidad P\u00fablica y\/o Privada<\/p>\n<p>Seguro que recordamos actividades que se han llevado a cabo y que nos han llamado la atenci\u00f3n por su originalidad, practicidad e innovaci\u00f3n. Y de alguna persona que haya destacado por su capacidad de adaptaci\u00f3n, de trabajo y de liderazgo, que la haga merecedora de este galard\u00f3n.<\/p>\n<p>Los Premios ACPRI se pueden conceder gracias a las propuestas que nosotros hacemos llegar al Jurado. Como cada a\u00f1o,\u00a0 la elecci\u00f3n de los ganadores tendr\u00e1 tres fases:<\/p>\n<p>1.- En la primera fase se tienen que proponer la\/se candidaturas del Premio ACPRI 2026 en cualquier de sus categor\u00edas. Existe la posibilidad de participaci\u00f3n de todas aquellas personas que tengan vinculaci\u00f3n con el protocolo y las relaciones institucionales, sin la necesidad de formar parte de la ACPRI.<\/p>\n<p>2.- Una vez recogidas las propuestas, se proceder\u00e1 a la votaci\u00f3n donde solo participar\u00e1n los socios del ACPRI.<\/p>\n<p>3.- La votaci\u00f3n final. Solo participar\u00e1n el socios del ACPRI y ganar\u00e1 la candidatura m\u00e1s votada.<\/p>\n<p><a href=\"https:\/\/drive.google.com\/file\/d\/112Hq3uKMNj_4B7Bvzx9S7K_g-vZe_j7B\/view?usp=sharing\" target=\"_blank\" rel=\"noopener\">Haciendo clic aqu\u00ed podr\u00e9is consultar las bases de los Premios ACPRI 2026.<\/a><\/p>\n<p>Los ganadores de la edici\u00f3n 2025 han sido:<\/p>\n<p data-start=\"108\" data-end=\"304\"><strong data-start=\"108\" data-end=\"153\">PREMIO ACPRI A LA TRAYECTORIA PROFESIONAL<\/strong><br data-start=\"153\" data-end=\"156\" \/><strong>Sr. JOSEP BORONAT PIQU\u00c9<\/strong><br data-start=\"179\" data-end=\"182\" \/>En reconocimiento a una vida dedicada a la excelencia en comunicaci\u00f3n corporativa, protocolo y relaciones institucionales.<\/p>\n<p data-start=\"306\" data-end=\"820\"><strong data-start=\"306\" data-end=\"357\">PREMIO ACPRI A LA INSTITUCI\u00d3N P\u00daBLICA \/ PRIVADA<\/strong><br data-start=\"357\" data-end=\"360\" \/><strong>PIMEC<\/strong><br data-start=\"365\" data-end=\"368\" \/>La patronal de la peque\u00f1a y mediana empresa de Catalu\u00f1a, que celebr\u00f3 su 50\u00ba aniversario en 2024 con numerosas actividades institucionales. Entre ellas, destaca la cena solidaria celebrada en el Palacio Sant Jordi con motivo de la 37.\u00aa edici\u00f3n de los Premios Pymes, unos galardones que reconocen las mejores iniciativas empresariales del pa\u00eds. Los fondos recaudados se destinaron a los programas de segunda oportunidad impulsados por la Fundaci\u00f3n PIMEC.<\/p>\n<p><a href=\"https:\/\/acpri.cat\/es\/josep-boronat-pique-y-pimec-ganadores-de-los-premios-acpri-2025\/\"><b>\u00a1M\u00e1s informaci\u00f3n aqu\u00ed!<\/b><\/a><\/p>\n<h2>\u00daltimas ediciones<\/h2>\n<p>Ponemos a vuestra disposici\u00f3n las actas de todas las ediciones de los Premios Nacionales de Protocolo y Relaciones Institucionales.<\/p>\n<ul>\n<li><a href=\"https:\/\/acpri.cat\/es\/la-nit\/premios-acpri-2024\/\">Premios ACPRI 2024<\/a><\/li>\n<li><a href=\"https:\/\/acpri.cat\/es\/la-nit\/premios-acpri-2023__trashed\/\">Premios ACPRI 2023<\/a><\/li>\n<li><a href=\"https:\/\/acpri.cat\/es\/la-nit\/premios-acpri-2022__trashed\/\">Premios ACPRI 2022<\/a><\/li>\n<li><a href=\"https:\/\/acpri.cat\/es\/la-nit\/__trashed\/\">Premios ACPRI 2021<\/a><\/li>\n<li><a href=\"https:\/\/acpri.cat\/es\/la-nit\/premios-acpri-2020\/\">Premios ACPRI 2020<\/a><\/li>\n<li><a href=\"https:\/\/acpri.cat\/es\/la-nit\/__trashed-2__trashed\/\">Premios ACPRI 2019<\/a><\/li>\n<li><a href=\"https:\/\/acpri.cat\/es\/la-nit\/premios-acpri-2018\/\">Premios ACPRI 2018<\/a><\/li>\n<li><a href=\"https:\/\/acpri.cat\/es\/la-nit\/premios-acpri-2017\/\">Premios ACPRI 2017<\/a><\/li>\n<li><a href=\"https:\/\/acpri.cat\/es\/la-nit\/premios-acpri-2016__trashed\/\">Premios ACPRI 2016<\/a><\/li>\n<li><a href=\"https:\/\/acpri.cat\/es\/la-nit\/premios-acpri-2015__trashed\/\">Premios ACPRI 2015<\/a><\/li>\n<li><a href=\"https:\/\/acpri.cat\/es\/la-nit\/premios-acpri-2014__trashed\/\">Premios ACPRI 2014<\/a><\/li>\n<li><a href=\"https:\/\/acpri.cat\/la-nit\/premis-acpri-2013\/\">Premios ACPRI 2013<\/a><\/li>\n<li><a href=\"https:\/\/acpri.cat\/la-nit\/premios-acpri-2012\/\">Premios ACPRI 2012<\/a><\/li>\n<li><a href=\"https:\/\/acpri.cat\/la-nit\/premis-acpri-2011\/\">Premios ACPRI 2011<\/a><\/li>\n<li><a href=\"https:\/\/acpri.cat\/es\/la-nit\/premios-acpri-2010__trashed\/\">Premios ACPRI 2010<\/a><\/li>\n<li><a href=\"https:\/\/acpri.cat\/es\/la-nit\/premios-acpri-2009__trashed\/\">Premios ACPRI 2009<\/a><\/li>\n<\/ul>\n","protected":false},"excerpt":{"rendered":"<p>Desde la Asociaci\u00f3n y con el \u00e1nimo de contribuir a la profesionalizaci\u00f3n y el prestigio de los profesionales de la organizaci\u00f3n de actas, protocolo, ceremonial y relaciones institucionales, creamos los [&hellip;]<\/p>\n","protected":false},"author":1,"featured_media":0,"parent":0,"menu_order":0,"comment_status":"closed","ping_status":"closed","template":"","meta":{"_acf_changed":false,"_bbp_topic_count":0,"_bbp_reply_count":0,"_bbp_total_topic_count":0,"_bbp_total_reply_count":0,"_bbp_voice_count":0,"_bbp_anonymous_reply_count":0,"_bbp_topic_count_hidden":0,"_bbp_reply_count_hidden":0,"_bbp_forum_subforum_count":0,"_coblocks_attr":"","_coblocks_dimensions":"","_coblocks_responsive_height":"","_coblocks_accordion_ie_support":"","_EventAllDay":false,"_EventTimezone":"","_EventStartDate":"","_EventEndDate":"","_EventStartDateUTC":"","_EventEndDateUTC":"","_EventShowMap":false,"_EventShowMapLink":false,"_EventURL":"","_EventCost":"","_EventCostDescription":"","_EventCurrencySymbol":"","_EventCurrencyCode":"","_EventCurrencyPosition":"","_EventDateTimeSeparator":"","_EventTimeRangeSeparator":"","_EventOrganizerID":[],"_EventVenueID":[],"_OrganizerEmail":"","_OrganizerPhone":"","_OrganizerWebsite":"","_VenueAddress":"","_VenueCity":"","_VenueCountry":"","_VenueProvince":"","_VenueState":"","_VenueZip":"","_VenuePhone":"","_VenueURL":"","_VenueStateProvince":"","_VenueLat":"","_VenueLng":"","_VenueShowMap":false,"_VenueShowMapLink":false,"footnotes":""},"class_list":["post-21163","page","type-page","status-publish","hentry"],"acf":[],"featured_image_urls_v2":{"full":"","thumbnail":"","medium":"","medium_large":"","large":"","1536x1536":"","2048x2048":""},"post_excerpt_stackable_v2":"<p>Desde la Asociaci\u00f3n y con el \u00e1nimo de contribuir a la profesionalizaci\u00f3n y el prestigio de los profesionales de la organizaci\u00f3n de actas, protocolo, ceremonial y relaciones institucionales, creamos los Premios Nacionales de Protocolo y Relaciones Institucionales en 2009. La entrega de estos Premios se lleva a cabo en la Noche de la ACPRI, d\u00eda que nos encontramos todos los compa\u00f1eros y compa\u00f1eras de profesi\u00f3n para disfrutar plegados de una de las celebraciones m\u00e1s importantes de la ACPRI. ACPRI convoca los Premios Nacionales de Protocolo y Relaciones Institucionales 2026, en sus modalidades: \u00b7 Premio a la Persona F\u00edsica \u00b7 Premio&hellip;<\/p>\n","category_list_v2":"","author_info_v2":{"name":"Lifetime Ignasi Media","url":"https:\/\/acpri.cat\/es\/author\/lifetimemedia\/"},"comments_num_v2":"0 comentarios","yoast_head":"<!-- This site is optimized with the Yoast SEO plugin v27.2 - https:\/\/yoast.com\/product\/yoast-seo-wordpress\/ -->\n<title>La Nit &#171; ACPRI<\/title>\n<meta name=\"robots\" content=\"index, follow, max-snippet:-1, max-image-preview:large, max-video-preview:-1\" \/>\n<link rel=\"canonical\" href=\"https:\/\/acpri.cat\/es\/la-nit\/\" \/>\n<meta property=\"og:locale\" content=\"es_ES\" \/>\n<meta property=\"og:type\" content=\"article\" \/>\n<meta property=\"og:title\" content=\"La Nit &#171; ACPRI\" \/>\n<meta property=\"og:description\" content=\"Desde la Asociaci\u00f3n y con el \u00e1nimo de contribuir a la profesionalizaci\u00f3n y el prestigio de los profesionales de la organizaci\u00f3n de actas, protocolo, ceremonial y relaciones institucionales, creamos los [&hellip;]\" \/>\n<meta property=\"og:url\" content=\"https:\/\/acpri.cat\/es\/la-nit\/\" \/>\n<meta property=\"og:site_name\" content=\"ACPRI\" \/>\n<meta property=\"article:modified_time\" content=\"2026-03-30T11:25:48+00:00\" \/>\n<meta name=\"twitter:card\" content=\"summary_large_image\" \/>\n<meta name=\"twitter:label1\" content=\"Tiempo de lectura\" \/>\n\t<meta name=\"twitter:data1\" content=\"3 minutos\" \/>\n<script type=\"application\/ld+json\" class=\"yoast-schema-graph\">{\"@context\":\"https:\/\/schema.org\",\"@graph\":[{\"@type\":\"WebPage\",\"@id\":\"https:\/\/acpri.cat\/es\/la-nit\/\",\"url\":\"https:\/\/acpri.cat\/es\/la-nit\/\",\"name\":\"La Nit &#171; ACPRI\",\"isPartOf\":{\"@id\":\"https:\/\/acpri.cat\/es\/#website\"},\"datePublished\":\"2018-07-25T12:14:12+00:00\",\"dateModified\":\"2026-03-30T11:25:48+00:00\",\"breadcrumb\":{\"@id\":\"https:\/\/acpri.cat\/es\/la-nit\/#breadcrumb\"},\"inLanguage\":\"es\",\"potentialAction\":[{\"@type\":\"ReadAction\",\"target\":[\"https:\/\/acpri.cat\/es\/la-nit\/\"]}]},{\"@type\":\"BreadcrumbList\",\"@id\":\"https:\/\/acpri.cat\/es\/la-nit\/#breadcrumb\",\"itemListElement\":[{\"@type\":\"ListItem\",\"position\":1,\"name\":\"Inici\",\"item\":\"https:\/\/acpri.cat\/es\/\"},{\"@type\":\"ListItem\",\"position\":2,\"name\":\"La Nit\"}]},{\"@type\":\"WebSite\",\"@id\":\"https:\/\/acpri.cat\/es\/#website\",\"url\":\"https:\/\/acpri.cat\/es\/\",\"name\":\"ACPRI\",\"description\":\"Associaci\u00f3 Catalana de Protocol i Relacions Institucionals\",\"potentialAction\":[{\"@type\":\"SearchAction\",\"target\":{\"@type\":\"EntryPoint\",\"urlTemplate\":\"https:\/\/acpri.cat\/es\/?s={search_term_string}\"},\"query-input\":{\"@type\":\"PropertyValueSpecification\",\"valueRequired\":true,\"valueName\":\"search_term_string\"}}],\"inLanguage\":\"es\"}]}<\/script>\n<!-- \/ Yoast SEO plugin. -->","yoast_head_json":{"title":"La Nit &#171; ACPRI","robots":{"index":"index","follow":"follow","max-snippet":"max-snippet:-1","max-image-preview":"max-image-preview:large","max-video-preview":"max-video-preview:-1"},"canonical":"https:\/\/acpri.cat\/es\/la-nit\/","og_locale":"es_ES","og_type":"article","og_title":"La Nit &#171; ACPRI","og_description":"Desde la Asociaci\u00f3n y con el \u00e1nimo de contribuir a la profesionalizaci\u00f3n y el prestigio de los profesionales de la organizaci\u00f3n de actas, protocolo, ceremonial y relaciones institucionales, creamos los [&hellip;]","og_url":"https:\/\/acpri.cat\/es\/la-nit\/","og_site_name":"ACPRI","article_modified_time":"2026-03-30T11:25:48+00:00","twitter_card":"summary_large_image","twitter_misc":{"Tiempo de lectura":"3 minutos"},"schema":{"@context":"https:\/\/schema.org","@graph":[{"@type":"WebPage","@id":"https:\/\/acpri.cat\/es\/la-nit\/","url":"https:\/\/acpri.cat\/es\/la-nit\/","name":"La Nit &#171; ACPRI","isPartOf":{"@id":"https:\/\/acpri.cat\/es\/#website"},"datePublished":"2018-07-25T12:14:12+00:00","dateModified":"2026-03-30T11:25:48+00:00","breadcrumb":{"@id":"https:\/\/acpri.cat\/es\/la-nit\/#breadcrumb"},"inLanguage":"es","potentialAction":[{"@type":"ReadAction","target":["https:\/\/acpri.cat\/es\/la-nit\/"]}]},{"@type":"BreadcrumbList","@id":"https:\/\/acpri.cat\/es\/la-nit\/#breadcrumb","itemListElement":[{"@type":"ListItem","position":1,"name":"Inici","item":"https:\/\/acpri.cat\/es\/"},{"@type":"ListItem","position":2,"name":"La Nit"}]},{"@type":"WebSite","@id":"https:\/\/acpri.cat\/es\/#website","url":"https:\/\/acpri.cat\/es\/","name":"ACPRI","description":"Associaci\u00f3 Catalana de Protocol i Relacions Institucionals","potentialAction":[{"@type":"SearchAction","target":{"@type":"EntryPoint","urlTemplate":"https:\/\/acpri.cat\/es\/?s={search_term_string}"},"query-input":{"@type":"PropertyValueSpecification","valueRequired":true,"valueName":"search_term_string"}}],"inLanguage":"es"}]}},"_links":{"self":[{"href":"https:\/\/acpri.cat\/es\/wp-json\/wp\/v2\/pages\/21163","targetHints":{"allow":["GET"]}}],"collection":[{"href":"https:\/\/acpri.cat\/es\/wp-json\/wp\/v2\/pages"}],"about":[{"href":"https:\/\/acpri.cat\/es\/wp-json\/wp\/v2\/types\/page"}],"author":[{"embeddable":true,"href":"https:\/\/acpri.cat\/es\/wp-json\/wp\/v2\/users\/1"}],"replies":[{"embeddable":true,"href":"https:\/\/acpri.cat\/es\/wp-json\/wp\/v2\/comments?post=21163"}],"version-history":[{"count":7,"href":"https:\/\/acpri.cat\/es\/wp-json\/wp\/v2\/pages\/21163\/revisions"}],"predecessor-version":[{"id":28832,"href":"https:\/\/acpri.cat\/es\/wp-json\/wp\/v2\/pages\/21163\/revisions\/28832"}],"wp:attachment":[{"href":"https:\/\/acpri.cat\/es\/wp-json\/wp\/v2\/media?parent=21163"}],"curies":[{"name":"wp","href":"https:\/\/api.w.org\/{rel}","templated":true}]}}