{"id":20139,"date":"2018-08-06T15:38:17","date_gmt":"2018-08-06T13:38:17","guid":{"rendered":"https:\/\/acpri.cat\/?page_id=20139"},"modified":"2026-04-07T13:36:58","modified_gmt":"2026-04-07T11:36:58","slug":"asociate","status":"publish","type":"page","link":"https:\/\/acpri.cat\/es\/asociate\/","title":{"rendered":"As\u00f3ciate"},"content":{"rendered":"<p>Estimados\/as,<\/p>\n<p data-start=\"72\" data-end=\"393\">Si est\u00e1 interesado\/a en formar parte de la <strong>Asociaci\u00f3n Catalana de Protocolo y Relaciones Institucionales<\/strong> <strong>(ACPRI)<\/strong>, deber\u00e1 cumplimentar el formulario que encontrar\u00e1 haciendo clic en el bot\u00f3n inferior, <span style=\"text-decoration: underline;\">asegur\u00e1ndose de <strong>rellenar<\/strong> todos los campos obligatorios<\/span>, y hacer clic en el bot\u00f3n <strong>\u00abAsociarse\u00bb<\/strong> para formalizar su solicitud.<\/p>\n<p data-start=\"395\" data-end=\"844\">Una vez valorada su idoneidad por la Junta de Gobierno, recibir\u00e1 una comunicaci\u00f3n por correo electr\u00f3nico en la que le informaremos del estado de su solicitud. En caso de que esta sea aceptada, procederemos a darle de alta en la Asociaci\u00f3n. Para que el alta sea efectiva, deber\u00e1 realizar el ingreso de la primera cuota anual de socio\/a. Las cuotas siguientes se cobrar\u00e1n mediante domiciliaci\u00f3n bancaria en la cuenta corriente que nos haya facilitado.<\/p>\n<p data-start=\"846\" data-end=\"1042\">La cuota de asociado\/a es anual y su importe es de <strong>65\u20ac<\/strong> para los socios\/as profesionales y de <strong>45\u20ac<\/strong> para estudiantes y personas en situaci\u00f3n de desempleo (ambas circunstancias deber\u00e1n acreditarse).<\/p>\n<p data-start=\"1044\" data-end=\"1121\">Gracias por la confianza que deposita en nuestra asociaci\u00f3n. \u00a1Bienvenido\/a!<\/p>\n<p><a role=\"button\" href=\"https:\/\/acpri.cat\/associar-se\/\"><br \/>\nFormulario<br \/>\n<\/a><\/p>\n","protected":false},"excerpt":{"rendered":"<p>Estimados\/as, Si est\u00e1 interesado\/a en formar parte de la Asociaci\u00f3n Catalana de Protocolo y Relaciones Institucionales (ACPRI), deber\u00e1 cumplimentar el formulario que encontrar\u00e1 haciendo clic en el bot\u00f3n inferior, asegur\u00e1ndose [&hellip;]<\/p>\n","protected":false},"author":1,"featured_media":0,"parent":0,"menu_order":0,"comment_status":"closed","ping_status":"closed","template":"","meta":{"_acf_changed":false,"_bbp_topic_count":0,"_bbp_reply_count":0,"_bbp_total_topic_count":0,"_bbp_total_reply_count":0,"_bbp_voice_count":0,"_bbp_anonymous_reply_count":0,"_bbp_topic_count_hidden":0,"_bbp_reply_count_hidden":0,"_bbp_forum_subforum_count":0,"_coblocks_attr":"","_coblocks_dimensions":"","_coblocks_responsive_height":"","_coblocks_accordion_ie_support":"","_EventAllDay":false,"_EventTimezone":"","_EventStartDate":"","_EventEndDate":"","_EventStartDateUTC":"","_EventEndDateUTC":"","_EventShowMap":false,"_EventShowMapLink":false,"_EventURL":"","_EventCost":"","_EventCostDescription":"","_EventCurrencySymbol":"","_EventCurrencyCode":"","_EventCurrencyPosition":"","_EventDateTimeSeparator":"","_EventTimeRangeSeparator":"","_EventOrganizerID":[],"_EventVenueID":[],"_OrganizerEmail":"","_OrganizerPhone":"","_OrganizerWebsite":"","_VenueAddress":"","_VenueCity":"","_VenueCountry":"","_VenueProvince":"","_VenueState":"","_VenueZip":"","_VenuePhone":"","_VenueURL":"","_VenueStateProvince":"","_VenueLat":"","_VenueLng":"","_VenueShowMap":false,"_VenueShowMapLink":false,"footnotes":""},"class_list":["post-20139","page","type-page","status-publish","hentry"],"acf":[],"featured_image_urls_v2":{"full":"","thumbnail":"","medium":"","medium_large":"","large":"","1536x1536":"","2048x2048":""},"post_excerpt_stackable_v2":"<p>Estimados\/as, Si est\u00e1 interesado\/a en formar parte de la Asociaci\u00f3n Catalana de Protocolo y Relaciones Institucionales (ACPRI), deber\u00e1 cumplimentar el formulario que encontrar\u00e1 haciendo clic en el bot\u00f3n inferior, asegur\u00e1ndose de rellenar todos los campos obligatorios, y hacer clic en el bot\u00f3n \u00abAsociarse\u00bb para formalizar su solicitud. Una vez valorada su idoneidad por la Junta de Gobierno, recibir\u00e1 una comunicaci\u00f3n por correo electr\u00f3nico en la que le informaremos del estado de su solicitud. En caso de que esta sea aceptada, procederemos a darle de alta en la Asociaci\u00f3n. Para que el alta sea efectiva, deber\u00e1 realizar el ingreso de la&hellip;<\/p>\n","category_list_v2":"","author_info_v2":{"name":"Lifetime Ignasi Media","url":"https:\/\/acpri.cat\/es\/author\/lifetimemedia\/"},"comments_num_v2":"0 comentarios","yoast_head":"<!-- This site is optimized with the Yoast SEO plugin v27.3 - https:\/\/yoast.com\/product\/yoast-seo-wordpress\/ -->\n<title>As\u00f3ciate &#171; ACPRI<\/title>\n<meta name=\"robots\" content=\"index, follow, max-snippet:-1, max-image-preview:large, max-video-preview:-1\" \/>\n<link rel=\"canonical\" href=\"https:\/\/acpri.cat\/es\/asociate\/\" \/>\n<meta property=\"og:locale\" content=\"es_ES\" \/>\n<meta property=\"og:type\" content=\"article\" \/>\n<meta property=\"og:title\" content=\"As\u00f3ciate &#171; ACPRI\" \/>\n<meta property=\"og:description\" content=\"Estimados\/as, Si est\u00e1 interesado\/a en formar parte de la Asociaci\u00f3n Catalana de Protocolo y Relaciones Institucionales (ACPRI), deber\u00e1 cumplimentar el formulario que encontrar\u00e1 haciendo clic en el bot\u00f3n inferior, asegur\u00e1ndose [&hellip;]\" \/>\n<meta property=\"og:url\" content=\"https:\/\/acpri.cat\/es\/asociate\/\" \/>\n<meta property=\"og:site_name\" content=\"ACPRI\" \/>\n<meta property=\"article:modified_time\" content=\"2026-04-07T11:36:58+00:00\" \/>\n<meta name=\"twitter:card\" content=\"summary_large_image\" \/>\n<meta name=\"twitter:label1\" content=\"Tiempo de lectura\" \/>\n\t<meta name=\"twitter:data1\" content=\"1 minuto\" \/>\n<script type=\"application\/ld+json\" class=\"yoast-schema-graph\">{\"@context\":\"https:\\\/\\\/schema.org\",\"@graph\":[{\"@type\":\"WebPage\",\"@id\":\"https:\\\/\\\/acpri.cat\\\/es\\\/asociate\\\/\",\"url\":\"https:\\\/\\\/acpri.cat\\\/es\\\/asociate\\\/\",\"name\":\"As\u00f3ciate &#171; ACPRI\",\"isPartOf\":{\"@id\":\"https:\\\/\\\/acpri.cat\\\/es\\\/#website\"},\"datePublished\":\"2018-08-06T13:38:17+00:00\",\"dateModified\":\"2026-04-07T11:36:58+00:00\",\"breadcrumb\":{\"@id\":\"https:\\\/\\\/acpri.cat\\\/es\\\/asociate\\\/#breadcrumb\"},\"inLanguage\":\"es\",\"potentialAction\":[{\"@type\":\"ReadAction\",\"target\":[\"https:\\\/\\\/acpri.cat\\\/es\\\/asociate\\\/\"]}]},{\"@type\":\"BreadcrumbList\",\"@id\":\"https:\\\/\\\/acpri.cat\\\/es\\\/asociate\\\/#breadcrumb\",\"itemListElement\":[{\"@type\":\"ListItem\",\"position\":1,\"name\":\"Inici\",\"item\":\"https:\\\/\\\/acpri.cat\\\/es\\\/\"},{\"@type\":\"ListItem\",\"position\":2,\"name\":\"As\u00f3ciate\"}]},{\"@type\":\"WebSite\",\"@id\":\"https:\\\/\\\/acpri.cat\\\/es\\\/#website\",\"url\":\"https:\\\/\\\/acpri.cat\\\/es\\\/\",\"name\":\"ACPRI\",\"description\":\"Associaci\u00f3 Catalana de Protocol i Relacions Institucionals\",\"potentialAction\":[{\"@type\":\"SearchAction\",\"target\":{\"@type\":\"EntryPoint\",\"urlTemplate\":\"https:\\\/\\\/acpri.cat\\\/es\\\/?s={search_term_string}\"},\"query-input\":{\"@type\":\"PropertyValueSpecification\",\"valueRequired\":true,\"valueName\":\"search_term_string\"}}],\"inLanguage\":\"es\"}]}<\/script>\n<!-- \/ Yoast SEO plugin. -->","yoast_head_json":{"title":"As\u00f3ciate &#171; ACPRI","robots":{"index":"index","follow":"follow","max-snippet":"max-snippet:-1","max-image-preview":"max-image-preview:large","max-video-preview":"max-video-preview:-1"},"canonical":"https:\/\/acpri.cat\/es\/asociate\/","og_locale":"es_ES","og_type":"article","og_title":"As\u00f3ciate &#171; ACPRI","og_description":"Estimados\/as, Si est\u00e1 interesado\/a en formar parte de la Asociaci\u00f3n Catalana de Protocolo y Relaciones Institucionales (ACPRI), deber\u00e1 cumplimentar el formulario que encontrar\u00e1 haciendo clic en el bot\u00f3n inferior, asegur\u00e1ndose [&hellip;]","og_url":"https:\/\/acpri.cat\/es\/asociate\/","og_site_name":"ACPRI","article_modified_time":"2026-04-07T11:36:58+00:00","twitter_card":"summary_large_image","twitter_misc":{"Tiempo de lectura":"1 minuto"},"schema":{"@context":"https:\/\/schema.org","@graph":[{"@type":"WebPage","@id":"https:\/\/acpri.cat\/es\/asociate\/","url":"https:\/\/acpri.cat\/es\/asociate\/","name":"As\u00f3ciate &#171; ACPRI","isPartOf":{"@id":"https:\/\/acpri.cat\/es\/#website"},"datePublished":"2018-08-06T13:38:17+00:00","dateModified":"2026-04-07T11:36:58+00:00","breadcrumb":{"@id":"https:\/\/acpri.cat\/es\/asociate\/#breadcrumb"},"inLanguage":"es","potentialAction":[{"@type":"ReadAction","target":["https:\/\/acpri.cat\/es\/asociate\/"]}]},{"@type":"BreadcrumbList","@id":"https:\/\/acpri.cat\/es\/asociate\/#breadcrumb","itemListElement":[{"@type":"ListItem","position":1,"name":"Inici","item":"https:\/\/acpri.cat\/es\/"},{"@type":"ListItem","position":2,"name":"As\u00f3ciate"}]},{"@type":"WebSite","@id":"https:\/\/acpri.cat\/es\/#website","url":"https:\/\/acpri.cat\/es\/","name":"ACPRI","description":"Associaci\u00f3 Catalana de Protocol i Relacions Institucionals","potentialAction":[{"@type":"SearchAction","target":{"@type":"EntryPoint","urlTemplate":"https:\/\/acpri.cat\/es\/?s={search_term_string}"},"query-input":{"@type":"PropertyValueSpecification","valueRequired":true,"valueName":"search_term_string"}}],"inLanguage":"es"}]}},"_links":{"self":[{"href":"https:\/\/acpri.cat\/es\/wp-json\/wp\/v2\/pages\/20139","targetHints":{"allow":["GET"]}}],"collection":[{"href":"https:\/\/acpri.cat\/es\/wp-json\/wp\/v2\/pages"}],"about":[{"href":"https:\/\/acpri.cat\/es\/wp-json\/wp\/v2\/types\/page"}],"author":[{"embeddable":true,"href":"https:\/\/acpri.cat\/es\/wp-json\/wp\/v2\/users\/1"}],"replies":[{"embeddable":true,"href":"https:\/\/acpri.cat\/es\/wp-json\/wp\/v2\/comments?post=20139"}],"version-history":[{"count":3,"href":"https:\/\/acpri.cat\/es\/wp-json\/wp\/v2\/pages\/20139\/revisions"}],"predecessor-version":[{"id":28883,"href":"https:\/\/acpri.cat\/es\/wp-json\/wp\/v2\/pages\/20139\/revisions\/28883"}],"wp:attachment":[{"href":"https:\/\/acpri.cat\/es\/wp-json\/wp\/v2\/media?parent=20139"}],"curies":[{"name":"wp","href":"https:\/\/api.w.org\/{rel}","templated":true}]}}