{"id":20130,"date":"2021-02-07T17:45:29","date_gmt":"2021-02-07T16:45:29","guid":{"rendered":"https:\/\/acpri.cat\/?page_id=20130"},"modified":"2026-04-07T13:25:18","modified_gmt":"2026-04-07T11:25:18","slug":"enlaces-de-interes","status":"publish","type":"page","link":"https:\/\/acpri.cat\/es\/enlaces-de-interes\/","title":{"rendered":"Enlaces de inter\u00e9s"},"content":{"rendered":"\t\t<div data-elementor-type=\"wp-page\" data-elementor-id=\"20130\" class=\"elementor elementor-20130 elementor-13837\" data-elementor-post-type=\"page\">\n\t\t\t\t\t\t<section class=\"elementor-section elementor-top-section elementor-element elementor-element-648d62a elementor-section-boxed elementor-section-height-default elementor-section-height-default\" data-id=\"648d62a\" data-element_type=\"section\" data-e-type=\"section\">\n\t\t\t\t\t\t<div class=\"elementor-container elementor-column-gap-no\">\n\t\t\t\t\t<div class=\"elementor-column elementor-col-100 elementor-top-column elementor-element elementor-element-7d504e3\" data-id=\"7d504e3\" data-element_type=\"column\" data-e-type=\"column\">\n\t\t\t<div class=\"elementor-widget-wrap elementor-element-populated\">\n\t\t\t\t\t\t<div class=\"elementor-element elementor-element-9052688 elementor-widget elementor-widget-text-editor\" data-id=\"9052688\" data-element_type=\"widget\" data-e-type=\"widget\" data-widget_type=\"text-editor.default\">\n\t\t\t\t<div class=\"elementor-widget-container\">\n\t\t\t\t\t\t\t\t\t<p>Bienvenido\/a a la secci\u00f3n de enlaces de inter\u00e9s de la web de ACPRI. Aqu\u00ed encontrar\u00e9is enlaces a p\u00e1ginas y documentos de Internet que creemos que pueden ser de vuestro inter\u00e9s. Seleccionad una categor\u00eda de enlaces para ver su contenido.<\/p>\n\t\t\t\t\t\t\t\t<\/div>\n\t\t\t\t<\/div>\n\t\t\t\t\t<\/div>\n\t\t<\/div>\n\t\t\t\t\t<\/div>\n\t\t<\/section>\n\t\t\t\t<section class=\"elementor-section elementor-top-section elementor-element elementor-element-2dc99ae elementor-section-boxed elementor-section-height-default elementor-section-height-default\" data-id=\"2dc99ae\" data-element_type=\"section\" data-e-type=\"section\">\n\t\t\t\t\t\t<div class=\"elementor-container elementor-column-gap-no\">\n\t\t\t\t\t<div class=\"elementor-column elementor-col-100 elementor-top-column elementor-element elementor-element-d346533\" data-id=\"d346533\" data-element_type=\"column\" data-e-type=\"column\">\n\t\t\t<div class=\"elementor-widget-wrap elementor-element-populated\">\n\t\t\t\t\t\t<div class=\"elementor-element elementor-element-1ceff7c elementor-widget elementor-widget-accordion\" data-id=\"1ceff7c\" data-element_type=\"widget\" data-e-type=\"widget\" data-widget_type=\"accordion.default\">\n\t\t\t\t<div class=\"elementor-widget-container\">\n\t\t\t\t\t\t\t<div class=\"elementor-accordion\">\n\t\t\t\t\t\t\t<div class=\"elementor-accordion-item\">\n\t\t\t\t\t<div id=\"elementor-tab-title-3031\" class=\"elementor-tab-title\" data-tab=\"1\" role=\"button\" aria-controls=\"elementor-tab-content-3031\" aria-expanded=\"false\">\n\t\t\t\t\t\t\t\t\t\t\t\t\t<span class=\"elementor-accordion-icon elementor-accordion-icon-left\" aria-hidden=\"true\">\n\t\t\t\t\t\t\t\t\t\t\t\t\t\t\t<span class=\"elementor-accordion-icon-closed\"><i class=\"fas fa-plus\"><\/i><\/span>\n\t\t\t\t\t\t\t\t<span class=\"elementor-accordion-icon-opened\"><i class=\"fas fa-minus\"><\/i><\/span>\n\t\t\t\t\t\t\t\t\t\t\t\t\t\t<\/span>\n\t\t\t\t\t\t\t\t\t\t\t\t<a class=\"elementor-accordion-title\" tabindex=\"0\">ASOCIACIONES DE PROTOCOLO ESPA\u00d1OLAS<\/a>\n\t\t\t\t\t<\/div>\n\t\t\t\t\t<div id=\"elementor-tab-content-3031\" class=\"elementor-tab-content elementor-clearfix\" data-tab=\"1\" role=\"region\" aria-labelledby=\"elementor-tab-title-3031\"><ul><li><a href=\"http:\/\/www.aeprotocolo.com\/\" target=\"_blank\" rel=\"noopener\">Asociaci\u00f3n Espa\u00f1ola de Protocolo<\/a><\/li><li><a href=\"http:\/\/www.protocolouniversitario.ua.es\/\" target=\"_blank\" rel=\"noopener\">Asociaci\u00f3n para el Estudio y la Investigaci\u00f3n del Protocolo Universitario<\/a><\/li><\/ul><\/div>\n\t\t\t\t<\/div>\n\t\t\t\t\t\t\t<div class=\"elementor-accordion-item\">\n\t\t\t\t\t<div id=\"elementor-tab-title-3032\" class=\"elementor-tab-title\" data-tab=\"2\" role=\"button\" aria-controls=\"elementor-tab-content-3032\" aria-expanded=\"false\">\n\t\t\t\t\t\t\t\t\t\t\t\t\t<span class=\"elementor-accordion-icon elementor-accordion-icon-left\" aria-hidden=\"true\">\n\t\t\t\t\t\t\t\t\t\t\t\t\t\t\t<span class=\"elementor-accordion-icon-closed\"><i class=\"fas fa-plus\"><\/i><\/span>\n\t\t\t\t\t\t\t\t<span class=\"elementor-accordion-icon-opened\"><i class=\"fas fa-minus\"><\/i><\/span>\n\t\t\t\t\t\t\t\t\t\t\t\t\t\t<\/span>\n\t\t\t\t\t\t\t\t\t\t\t\t<a class=\"elementor-accordion-title\" tabindex=\"0\">ASOCIACIONES DE PROTOCOLO EXTRANJERAS<\/a>\n\t\t\t\t\t<\/div>\n\t\t\t\t\t<div id=\"elementor-tab-content-3032\" class=\"elementor-tab-content elementor-clearfix\" data-tab=\"2\" role=\"region\" aria-labelledby=\"elementor-tab-title-3032\"><ul><li><a href=\"http:\/\/www.protocolomexico.org\/\" target=\"_blank\" rel=\"noopener\">Academia Mexicana de Protocolo<\/a><\/li><li><a href=\"http:\/\/www.aaceremonial.com.ar\/index_02.htm\" target=\"_blank\" rel=\"noopener\">Academia Argentina de Ceremonial<\/a><\/li><li><a href=\"http:\/\/www.aiceremonial.com.ar\/\" target=\"_blank\" rel=\"noopener\">Asociaci\u00f3n Interamericana de Ceremonial<\/a><\/li><li><a href=\"http:\/\/www.apep-protocolo.com\/default.asp?idM=142&amp;lng=1\" target=\"_blank\" rel=\"noopener\">Associa\u00e7ao Portuguesa de Estudos de Protocolo<\/a><\/li><li><a href=\"http:\/\/www.burgaferre.com.ar\/\" target=\"_blank\" rel=\"noopener\">Centro Argentino de Estudios de Ceremonial<\/a><\/li><li><a href=\"http:\/\/www.cncp.org.br\/\" target=\"_blank\" rel=\"noopener\">Comit\u00e9 Nacional de Ceremonial P\u00fablic de Brasil<\/a><\/li><li><a href=\"http:\/\/www.cncp.org.br\/\" target=\"_blank\" rel=\"noopener\">Comit\u00ea Nacional do Ceremonial Publico<\/a><\/li><li><a href=\"http:\/\/www.protokollforum.hu\/\" target=\"_blank\" rel=\"noopener\">Protokollforum.hu<\/a><\/li><\/ul><\/div>\n\t\t\t\t<\/div>\n\t\t\t\t\t\t\t<div class=\"elementor-accordion-item\">\n\t\t\t\t\t<div id=\"elementor-tab-title-3033\" class=\"elementor-tab-title\" data-tab=\"3\" role=\"button\" aria-controls=\"elementor-tab-content-3033\" aria-expanded=\"false\">\n\t\t\t\t\t\t\t\t\t\t\t\t\t<span class=\"elementor-accordion-icon elementor-accordion-icon-left\" aria-hidden=\"true\">\n\t\t\t\t\t\t\t\t\t\t\t\t\t\t\t<span class=\"elementor-accordion-icon-closed\"><i class=\"fas fa-plus\"><\/i><\/span>\n\t\t\t\t\t\t\t\t<span class=\"elementor-accordion-icon-opened\"><i class=\"fas fa-minus\"><\/i><\/span>\n\t\t\t\t\t\t\t\t\t\t\t\t\t\t<\/span>\n\t\t\t\t\t\t\t\t\t\t\t\t<a class=\"elementor-accordion-title\" tabindex=\"0\">DIARIOS OFICIALES DE CATALUNYA<\/a>\n\t\t\t\t\t<\/div>\n\t\t\t\t\t<div id=\"elementor-tab-content-3033\" class=\"elementor-tab-content elementor-clearfix\" data-tab=\"3\" role=\"region\" aria-labelledby=\"elementor-tab-title-3033\"><ul><li><a href=\"http:\/\/www.boe.es\/g\/es\/\" target=\"_blank\" rel=\"noopener\">Butllet\u00ed Oficial de l&#8217;Estat (BOE)<\/a><\/li><li><a href=\"https:\/\/bop.diba.cat\/continguts\/principal\/principal.asp?\" target=\"_blank\" rel=\"noopener\">Butllet\u00ed Oficial de la Provincia de Barcelona<\/a><\/li><li><a href=\"http:\/\/www.ddgi.cat\/bop\/faces\/consultaF\/index.html\" target=\"_blank\" rel=\"noopener\">Butllet\u00ed Oficial de la Provincia de Girona<\/a><\/li><li><a href=\"http:\/\/www.diputaciolleida.cat\/tauler\/bop-index.html\" target=\"_blank\" rel=\"noopener\">Butllet\u00ed Oficial de la Provincia de Lleida<\/a><\/li><li><a href=\"http:\/\/ebop.altanet.org\/\" target=\"_blank\" rel=\"noopener\">Butllet\u00ed Oficial de la Prov\u00edncia de Tarragona<\/a><\/li><li><a href=\"http:\/\/www.gencat.net\/dogc\/\" target=\"_blank\" rel=\"noopener\">Diari Oficial de la Generalitat de Catalunya (DOGC)<\/a><\/li><\/ul><\/div>\n\t\t\t\t<\/div>\n\t\t\t\t\t\t\t\t<\/div>\n\t\t\t\t\t\t<\/div>\n\t\t\t\t<\/div>\n\t\t\t\t\t<\/div>\n\t\t<\/div>\n\t\t\t\t\t<\/div>\n\t\t<\/section>\n\t\t\t\t<\/div>\n\t\t","protected":false},"excerpt":{"rendered":"<p>Bienvenido\/a a la secci\u00f3n de enlaces de inter\u00e9s de la web de ACPRI. Aqu\u00ed encontrar\u00e9is enlaces a p\u00e1ginas y documentos de Internet que creemos que pueden ser de vuestro inter\u00e9s. [&hellip;]<\/p>\n","protected":false},"author":1,"featured_media":0,"parent":0,"menu_order":0,"comment_status":"closed","ping_status":"closed","template":"","meta":{"_acf_changed":false,"_bbp_topic_count":0,"_bbp_reply_count":0,"_bbp_total_topic_count":0,"_bbp_total_reply_count":0,"_bbp_voice_count":0,"_bbp_anonymous_reply_count":0,"_bbp_topic_count_hidden":0,"_bbp_reply_count_hidden":0,"_bbp_forum_subforum_count":0,"_coblocks_attr":"","_coblocks_dimensions":"","_coblocks_responsive_height":"","_coblocks_accordion_ie_support":"","_EventAllDay":false,"_EventTimezone":"","_EventStartDate":"","_EventEndDate":"","_EventStartDateUTC":"","_EventEndDateUTC":"","_EventShowMap":false,"_EventShowMapLink":false,"_EventURL":"","_EventCost":"","_EventCostDescription":"","_EventCurrencySymbol":"","_EventCurrencyCode":"","_EventCurrencyPosition":"","_EventDateTimeSeparator":"","_EventTimeRangeSeparator":"","_EventOrganizerID":[],"_EventVenueID":[],"_OrganizerEmail":"","_OrganizerPhone":"","_OrganizerWebsite":"","_VenueAddress":"","_VenueCity":"","_VenueCountry":"","_VenueProvince":"","_VenueState":"","_VenueZip":"","_VenuePhone":"","_VenueURL":"","_VenueStateProvince":"","_VenueLat":"","_VenueLng":"","_VenueShowMap":false,"_VenueShowMapLink":false,"footnotes":""},"class_list":["post-20130","page","type-page","status-publish","hentry"],"acf":[],"featured_image_urls_v2":{"full":"","thumbnail":"","medium":"","medium_large":"","large":"","1536x1536":"","2048x2048":""},"post_excerpt_stackable_v2":"<p>Bienvenido\/a a la secci\u00f3n de enlaces de inter\u00e9s de la web de ACPRI. Aqu\u00ed encontrar\u00e9is enlaces a p\u00e1ginas y documentos de Internet que creemos que pueden ser de vuestro inter\u00e9s. Seleccionad una categor\u00eda de enlaces para ver su contenido. ASOCIACIONES DE PROTOCOLO ESPA\u00d1OLAS Asociaci\u00f3n Espa\u00f1ola de ProtocoloAsociaci\u00f3n para el Estudio y la Investigaci\u00f3n del Protocolo Universitario ASOCIACIONES DE PROTOCOLO EXTRANJERAS Academia Mexicana de ProtocoloAcademia Argentina de CeremonialAsociaci\u00f3n Interamericana de CeremonialAssocia\u00e7ao Portuguesa de Estudos de ProtocoloCentro Argentino de Estudios de CeremonialComit\u00e9 Nacional de Ceremonial P\u00fablic de BrasilComit\u00ea Nacional do Ceremonial PublicoProtokollforum.hu DIARIOS OFICIALES DE CATALUNYA Butllet\u00ed Oficial de l&#8217;Estat (BOE)Butllet\u00ed Oficial&hellip;<\/p>\n","category_list_v2":"","author_info_v2":{"name":"Lifetime Ignasi Media","url":"https:\/\/acpri.cat\/es\/author\/lifetimemedia\/"},"comments_num_v2":"0 comentarios","yoast_head":"<!-- This site is optimized with the Yoast SEO plugin v27.3 - https:\/\/yoast.com\/product\/yoast-seo-wordpress\/ -->\n<title>Enlaces de inter\u00e9s &#171; ACPRI<\/title>\n<meta name=\"robots\" content=\"index, follow, max-snippet:-1, max-image-preview:large, max-video-preview:-1\" \/>\n<link rel=\"canonical\" href=\"https:\/\/acpri.cat\/es\/enlaces-de-interes\/\" \/>\n<meta property=\"og:locale\" content=\"es_ES\" \/>\n<meta property=\"og:type\" content=\"article\" \/>\n<meta property=\"og:title\" content=\"Enlaces de inter\u00e9s &#171; ACPRI\" \/>\n<meta property=\"og:description\" content=\"Bienvenido\/a a la secci\u00f3n de enlaces de inter\u00e9s de la web de ACPRI. Aqu\u00ed encontrar\u00e9is enlaces a p\u00e1ginas y documentos de Internet que creemos que pueden ser de vuestro inter\u00e9s. [&hellip;]\" \/>\n<meta property=\"og:url\" content=\"https:\/\/acpri.cat\/es\/enlaces-de-interes\/\" \/>\n<meta property=\"og:site_name\" content=\"ACPRI\" \/>\n<meta property=\"article:modified_time\" content=\"2026-04-07T11:25:18+00:00\" \/>\n<meta name=\"twitter:card\" content=\"summary_large_image\" \/>\n<meta name=\"twitter:label1\" content=\"Tiempo de lectura\" \/>\n\t<meta name=\"twitter:data1\" content=\"1 minuto\" \/>\n<script type=\"application\/ld+json\" class=\"yoast-schema-graph\">{\"@context\":\"https:\\\/\\\/schema.org\",\"@graph\":[{\"@type\":\"WebPage\",\"@id\":\"https:\\\/\\\/acpri.cat\\\/es\\\/enlaces-de-interes\\\/\",\"url\":\"https:\\\/\\\/acpri.cat\\\/es\\\/enlaces-de-interes\\\/\",\"name\":\"Enlaces de inter\u00e9s &#171; ACPRI\",\"isPartOf\":{\"@id\":\"https:\\\/\\\/acpri.cat\\\/es\\\/#website\"},\"datePublished\":\"2021-02-07T16:45:29+00:00\",\"dateModified\":\"2026-04-07T11:25:18+00:00\",\"breadcrumb\":{\"@id\":\"https:\\\/\\\/acpri.cat\\\/es\\\/enlaces-de-interes\\\/#breadcrumb\"},\"inLanguage\":\"es\",\"potentialAction\":[{\"@type\":\"ReadAction\",\"target\":[\"https:\\\/\\\/acpri.cat\\\/es\\\/enlaces-de-interes\\\/\"]}]},{\"@type\":\"BreadcrumbList\",\"@id\":\"https:\\\/\\\/acpri.cat\\\/es\\\/enlaces-de-interes\\\/#breadcrumb\",\"itemListElement\":[{\"@type\":\"ListItem\",\"position\":1,\"name\":\"Inici\",\"item\":\"https:\\\/\\\/acpri.cat\\\/es\\\/\"},{\"@type\":\"ListItem\",\"position\":2,\"name\":\"Enlaces de inter\u00e9s\"}]},{\"@type\":\"WebSite\",\"@id\":\"https:\\\/\\\/acpri.cat\\\/es\\\/#website\",\"url\":\"https:\\\/\\\/acpri.cat\\\/es\\\/\",\"name\":\"ACPRI\",\"description\":\"Associaci\u00f3 Catalana de Protocol i Relacions Institucionals\",\"potentialAction\":[{\"@type\":\"SearchAction\",\"target\":{\"@type\":\"EntryPoint\",\"urlTemplate\":\"https:\\\/\\\/acpri.cat\\\/es\\\/?s={search_term_string}\"},\"query-input\":{\"@type\":\"PropertyValueSpecification\",\"valueRequired\":true,\"valueName\":\"search_term_string\"}}],\"inLanguage\":\"es\"}]}<\/script>\n<!-- \/ Yoast SEO plugin. -->","yoast_head_json":{"title":"Enlaces de inter\u00e9s &#171; ACPRI","robots":{"index":"index","follow":"follow","max-snippet":"max-snippet:-1","max-image-preview":"max-image-preview:large","max-video-preview":"max-video-preview:-1"},"canonical":"https:\/\/acpri.cat\/es\/enlaces-de-interes\/","og_locale":"es_ES","og_type":"article","og_title":"Enlaces de inter\u00e9s &#171; ACPRI","og_description":"Bienvenido\/a a la secci\u00f3n de enlaces de inter\u00e9s de la web de ACPRI. Aqu\u00ed encontrar\u00e9is enlaces a p\u00e1ginas y documentos de Internet que creemos que pueden ser de vuestro inter\u00e9s. [&hellip;]","og_url":"https:\/\/acpri.cat\/es\/enlaces-de-interes\/","og_site_name":"ACPRI","article_modified_time":"2026-04-07T11:25:18+00:00","twitter_card":"summary_large_image","twitter_misc":{"Tiempo de lectura":"1 minuto"},"schema":{"@context":"https:\/\/schema.org","@graph":[{"@type":"WebPage","@id":"https:\/\/acpri.cat\/es\/enlaces-de-interes\/","url":"https:\/\/acpri.cat\/es\/enlaces-de-interes\/","name":"Enlaces de inter\u00e9s &#171; ACPRI","isPartOf":{"@id":"https:\/\/acpri.cat\/es\/#website"},"datePublished":"2021-02-07T16:45:29+00:00","dateModified":"2026-04-07T11:25:18+00:00","breadcrumb":{"@id":"https:\/\/acpri.cat\/es\/enlaces-de-interes\/#breadcrumb"},"inLanguage":"es","potentialAction":[{"@type":"ReadAction","target":["https:\/\/acpri.cat\/es\/enlaces-de-interes\/"]}]},{"@type":"BreadcrumbList","@id":"https:\/\/acpri.cat\/es\/enlaces-de-interes\/#breadcrumb","itemListElement":[{"@type":"ListItem","position":1,"name":"Inici","item":"https:\/\/acpri.cat\/es\/"},{"@type":"ListItem","position":2,"name":"Enlaces de inter\u00e9s"}]},{"@type":"WebSite","@id":"https:\/\/acpri.cat\/es\/#website","url":"https:\/\/acpri.cat\/es\/","name":"ACPRI","description":"Associaci\u00f3 Catalana de Protocol i Relacions Institucionals","potentialAction":[{"@type":"SearchAction","target":{"@type":"EntryPoint","urlTemplate":"https:\/\/acpri.cat\/es\/?s={search_term_string}"},"query-input":{"@type":"PropertyValueSpecification","valueRequired":true,"valueName":"search_term_string"}}],"inLanguage":"es"}]}},"_links":{"self":[{"href":"https:\/\/acpri.cat\/es\/wp-json\/wp\/v2\/pages\/20130","targetHints":{"allow":["GET"]}}],"collection":[{"href":"https:\/\/acpri.cat\/es\/wp-json\/wp\/v2\/pages"}],"about":[{"href":"https:\/\/acpri.cat\/es\/wp-json\/wp\/v2\/types\/page"}],"author":[{"embeddable":true,"href":"https:\/\/acpri.cat\/es\/wp-json\/wp\/v2\/users\/1"}],"replies":[{"embeddable":true,"href":"https:\/\/acpri.cat\/es\/wp-json\/wp\/v2\/comments?post=20130"}],"version-history":[{"count":5,"href":"https:\/\/acpri.cat\/es\/wp-json\/wp\/v2\/pages\/20130\/revisions"}],"predecessor-version":[{"id":28880,"href":"https:\/\/acpri.cat\/es\/wp-json\/wp\/v2\/pages\/20130\/revisions\/28880"}],"wp:attachment":[{"href":"https:\/\/acpri.cat\/es\/wp-json\/wp\/v2\/media?parent=20130"}],"curies":[{"name":"wp","href":"https:\/\/api.w.org\/{rel}","templated":true}]}}